{"id":18145,"date":"2019-09-02T17:44:09","date_gmt":"2019-09-02T15:44:09","guid":{"rendered":"https:\/\/fud.ujep.cz\/?page_id=18145"},"modified":"2019-09-02T17:59:35","modified_gmt":"2019-09-02T15:59:35","slug":"nulovy-dopad-zero-impact","status":"publish","type":"page","link":"https:\/\/fud.ujep.cz\/en\/nulovy-dopad-zero-impact\/","title":{"rendered":"Zero impact"},"content":{"rendered":"<div id=\"pl-18145\"  class=\"panel-layout\" ><div id=\"pg-18145-0\"  class=\"panel-grid panel-no-style\" ><div id=\"pgc-18145-0-0\"  class=\"panel-grid-cell\" ><div id=\"panel-18145-0-0-0\" class=\"so-panel widget widget_sow-editor panel-first-child\" data-index=\"0\" ><div\n\t\t\t\n\t\t\tclass=\"so-widget-sow-editor so-widget-sow-editor-base\"\n\t\t\t\n\t\t><h3 class=\"widget-title text-\">ZERO IMPACT<\/h3>\n<div class=\"siteorigin-widget-tinymce textwidget\">\n\t<p>The Studio of Fashion and Textile Design of the Faculty of Art and Design in \u00dast\u00ed nad Labem is launching together with the Studio of Fashion Design of the Academy of Fine Arts and Design in Bratislava a&nbsp;long-term project ZERO IMPACT.<\/p>\n<p>They are also cooperating with WEARME FASHION and Italian textile manufacturers TRENDYTEX, BOTTO GIUSEPPE and ORGANIC COTTON COLORS.<\/p>\n<p>This project is led by MgA. Jan C. L\u00f6bl (FUD), Mgr. art. Barbara Peuch ArtD., Dipl. Dread. Zuzana \u0160ebekov\u00e1 ArtD.<\/p>\n<p>A joint long-term project of the Fashion and Textile Design studios of FUD and the Academy of Fine Arts and Design in Bratislava, dealing with the sustainability of the fashion industry and development in the sustainable fashion sector, involving industry professionals to share their knowledge, experience and sustainable resources.<\/p>\n<p>With this program, the creative community within local universities can experience and create fashion in accordance with sustainable principles, processes, resources and raw materials. This extraordinary connection and contact with the world of the industry will support the teaching of a&nbsp;new generation of designers, providing them with unique knowledge and supporting the creation of a&nbsp;network of people with the same thinking. During the excursion, the students visited Italian factories for wool, cotton, silk and metal and plastic zippers, and finally presented their projects to business owners.<\/p>\n<p>Students have already presented a&nbsp;joint project at an exhibition of their final semestral works and at a&nbsp;Fashion Festival in Minsk. They also have a&nbsp;showcase at Designblok 19 and a&nbsp;fashion show at the Italian Sustainable Substances Fair.<\/p>\n<p>Photo: S\u00e1ra Chalupov\u00e1, V\u00e1clav Kon\u00ed\u010dek<\/p>\n<div class=\"siteorigin-widget-tinymce textwidget\">\n<p><a class=\"button button-invert\" href=\"https:\/\/www.facebook.com\/pg\/FUD.UJEP\/photos\/?tab=album&amp;album_id=2963085340373920\" target=\"_blank\" rel=\"noopener noreferrer\">PHOTOGALLERY<\/a><\/p>\n<p><a class=\"button button-invert\" href=\"https:\/\/fud.ujep.cz\/wp-content\/uploads\/2019\/08\/press-release-for-wf-design-programfinal.docx\" target=\"_blank\" rel=\"noopener noreferrer\">PRESS RELEASE (EN)<\/a><\/p>\n<hr>\n<p>&nbsp;<\/p>\n<\/div>\n<\/div>\n<\/div><\/div><div id=\"panel-18145-0-0-1\" class=\"so-panel widget widget_sow-editor panel-last-child\" data-index=\"1\" ><div\n\t\t\t\n\t\t\tclass=\"so-widget-sow-editor so-widget-sow-editor-base\"\n\t\t\t\n\t\t><h3 class=\"widget-title text-\">FASHION IDEA FESTIVAL \/ MINSK<\/h3>\n<div class=\"siteorigin-widget-tinymce textwidget\">\n\t<div class=\"siteorigin-widget-tinymce textwidget\">\n<p>Our students of the Studio of Fashion and Textile Design at FUD UJEP and students of the Studio 343 of the Textile Design at V\u0160VU in Bratislava have just returned from the FASHION IDEA FESTIVAL in Minsk, where they presented their joint work on this project during the last semester.<\/p>\n<p>Fashion Idea Festival is the first narrow-profile festival focused on the search and presentation of young design talents and related areas of modern fashion. This is where the designers of clothing, accessories, photographers, illustrators, stylists, bloggers and other creative teams will be able to present their work to a&nbsp;wide range of people, not just the format and scope of existing events.<\/p>\n<p>www.fashionfestival.by<\/p>\n<p><a class=\"button button-invert\" href=\"https:\/\/fb.com\/FUD.UJEP\" target=\"_blank\" rel=\"noopener noreferrer\">FACEBOOK<\/a><\/p>\n<p><a class=\"button button-invert\" href=\"https:\/\/www.instagram.com\/FUD_UJEP\" target=\"_blank\" rel=\"noopener noreferrer\">INSTAGRAM<\/a><\/p>\n<p><a class=\"button button-invert\" href=\"https:\/\/www.facebook.com\/pg\/FUD.UJEP\/photos\/?tab=album&amp;album_id=2963085340373920\" target=\"_blank\" rel=\"noopener\">PHOTOGALLERY<\/a><\/p>\n<p><a class=\"button button-invert\" href=\"https:\/\/www.youtube.com\/watch?v=4E189pxEMkM&amp;t=25s\" target=\"_blank\" rel=\"noopener\">FASHION SHOW VIDEO<\/a><\/p>\n<\/div>\n<\/div>\n<\/div><\/div><\/div><div id=\"pgc-18145-0-1\"  class=\"panel-grid-cell\" ><div id=\"panel-18145-0-1-0\" class=\"so-panel widget widget_sow-editor panel-first-child panel-last-child\" data-index=\"2\" ><div\n\t\t\t\n\t\t\tclass=\"so-widget-sow-editor so-widget-sow-editor-base\"\n\t\t\t\n\t\t>\n<div class=\"siteorigin-widget-tinymce textwidget\">\n\t<p><img loading=\"lazy\" decoding=\"async\" class=\"alignnone size-medium wp-image-18169\" src=\"https:\/\/fud.ujep.cz\/wp-content\/uploads\/2019\/09\/img_036-768x512.jpg\" alt=\"\" width=\"768\" height=\"512\"\/> <img loading=\"lazy\" decoding=\"async\" class=\"alignnone size-medium wp-image-18167\" src=\"https:\/\/fud.ujep.cz\/wp-content\/uploads\/2019\/09\/img_028-768x512.jpg\" alt=\"\" width=\"768\" height=\"512\"\/> <img loading=\"lazy\" decoding=\"async\" class=\"alignnone size-medium wp-image-18165\" src=\"https:\/\/fud.ujep.cz\/wp-content\/uploads\/2019\/09\/img_034-768x512.jpg\" alt=\"\" width=\"768\" height=\"512\"\/> <img loading=\"lazy\" decoding=\"async\" class=\"alignnone size-medium wp-image-18163\" src=\"https:\/\/fud.ujep.cz\/wp-content\/uploads\/2019\/09\/img_033-768x512.jpg\" alt=\"\" width=\"768\" height=\"512\"\/> <img loading=\"lazy\" decoding=\"async\" class=\"alignnone size-medium wp-image-18161\" src=\"https:\/\/fud.ujep.cz\/wp-content\/uploads\/2019\/09\/img_029-768x512.jpg\" alt=\"\" width=\"768\" height=\"512\"\/> <img loading=\"lazy\" decoding=\"async\" class=\"alignnone size-medium wp-image-18159\" src=\"https:\/\/fud.ujep.cz\/wp-content\/uploads\/2019\/09\/img_027-768x512.jpg\" alt=\"\" width=\"768\" height=\"512\"\/> <img loading=\"lazy\" decoding=\"async\" class=\"alignnone size-medium wp-image-18157\" src=\"https:\/\/fud.ujep.cz\/wp-content\/uploads\/2019\/09\/img_026-768x512.jpg\" alt=\"\" width=\"768\" height=\"512\"\/> <img loading=\"lazy\" decoding=\"async\" class=\"alignnone size-medium wp-image-18155\" src=\"https:\/\/fud.ujep.cz\/wp-content\/uploads\/2019\/09\/d0b1d0b5d0b7-d0b8d0bcd0b5d0bdd0b8-4-768x768.jpg\" alt=\"\" width=\"768\" height=\"768\"\/> <img loading=\"lazy\" decoding=\"async\" class=\"alignnone size-medium wp-image-18153\" src=\"https:\/\/fud.ujep.cz\/wp-content\/uploads\/2019\/09\/d0b1d0b5d0b7-d0b8d0bcd0b5d0bdd0b8-3-768x768.jpg\" alt=\"\" width=\"768\" height=\"768\"\/> <img loading=\"lazy\" decoding=\"async\" class=\"alignnone size-medium wp-image-18151\" src=\"https:\/\/fud.ujep.cz\/wp-content\/uploads\/2019\/09\/d0b1d0b5d0b7-d0b8d0bcd0b5d0bdd0b8-2-768x768.jpg\" alt=\"\" width=\"768\" height=\"768\"\/> <img loading=\"lazy\" decoding=\"async\" class=\"alignnone size-medium wp-image-18149\" src=\"https:\/\/fud.ujep.cz\/wp-content\/uploads\/2019\/09\/d0b1d0b5d0b7-d0b8d0bcd0b5d0bdd0b8-1-768x768.jpg\" alt=\"\" width=\"768\" height=\"768\"\/><\/p>\n<\/div>\n<\/div><\/div><\/div><\/div><div id=\"pg-18145-1\"  class=\"panel-grid panel-no-style\" ><div id=\"pgc-18145-1-0\"  class=\"panel-grid-cell panel-grid-cell-empty\" ><\/div><\/div><\/div>","protected":false},"excerpt":{"rendered":"<p>The Studio of Fashion and Textile Design of the Faculty of Art and Design in \u00dast\u00ed nad Labem is launching together with the Studio of Fashion Design of the Academy of Fine Arts and Design in Bratislava a&nbsp;long-term project ZERO IMPACT. They are also cooperating with WEARME FASHION and Italian textile manufacturers TRENDYTEX, BOTTO [&hellip;]<\/p>\n","protected":false},"author":29,"featured_media":0,"parent":0,"menu_order":0,"comment_status":"closed","ping_status":"closed","template":"","meta":{"_acf_changed":false,"ngg_post_thumbnail":0,"footnotes":""},"class_list":["post-18145","page","type-page","status-publish","hentry"],"acf":[],"_links":{"self":[{"href":"https:\/\/fud.ujep.cz\/en\/wp-json\/wp\/v2\/pages\/18145","targetHints":{"allow":["GET"]}}],"collection":[{"href":"https:\/\/fud.ujep.cz\/en\/wp-json\/wp\/v2\/pages"}],"about":[{"href":"https:\/\/fud.ujep.cz\/en\/wp-json\/wp\/v2\/types\/page"}],"author":[{"embeddable":true,"href":"https:\/\/fud.ujep.cz\/en\/wp-json\/wp\/v2\/users\/29"}],"replies":[{"embeddable":true,"href":"https:\/\/fud.ujep.cz\/en\/wp-json\/wp\/v2\/comments?post=18145"}],"version-history":[{"count":0,"href":"https:\/\/fud.ujep.cz\/en\/wp-json\/wp\/v2\/pages\/18145\/revisions"}],"wp:attachment":[{"href":"https:\/\/fud.ujep.cz\/en\/wp-json\/wp\/v2\/media?parent=18145"}],"curies":[{"name":"wp","href":"https:\/\/api.w.org\/{rel}","templated":true}]}}