{"id":3061,"date":"2016-10-03T19:09:39","date_gmt":"2016-10-03T17:09:39","guid":{"rendered":"https:\/\/fud.ujep.cz\/zamestnanec\/"},"modified":"2022-02-18T11:18:22","modified_gmt":"2022-02-18T09:18:22","slug":"employee","status":"publish","type":"page","link":"https:\/\/fud.ujep.cz\/en\/employee\/","title":{"rendered":"Employee"},"content":{"rendered":"<div id=\"pl-3061\"  class=\"panel-layout\" ><div id=\"pg-3061-0\"  class=\"panel-grid panel-no-style\" ><div id=\"pgc-3061-0-0\"  class=\"panel-grid-cell\" ><div id=\"panel-3061-0-0-0\" class=\"so-panel widget widget_sow-fud-wp-posts widget-posts widget-fud-posts panel-first-child panel-last-child\" data-index=\"0\" ><div\n\t\t\t\n\t\t\tclass=\"so-widget-sow-fud-wp-posts so-widget-sow-fud-wp-posts-base\"\n\t\t\t\n\t\t><div class=\"widget-posts wrapper-widget\"><div class=\"wrapper-posts columns-layout-2 _masonry-grid\">\n    \t\t<!-- article -->\n    \t\t<article id=\"post-85048\" class=\"col-sm-6 col-xs-12 grid-item post-85048 post type-post status-publish format-standard hentry category-news category-study category-admissions category-fine-art-photography-en-2\">\n      <header>\n        <h2 class=\"post-title\"><a href=\"https:\/\/fud.ujep.cz\/en\/news\/results-of-the-admissions-process-for-the-masters-programme-in-fine-art-photography-for-the-academic-year-2026-2027\/\" title=\"Results of the admissions process for the Master\u2019s programme in Fine Art \u2013 Photography for the academic year 2026\/2027\">Results of the admissions process for the Master\u2019s programme in Fine Art \u2013 Photography for the academic year 2026\/2027<\/a><\/h2><div class=\"meta meta-date\"><small>2.&nbsp;4.&nbsp;2026<\/small><\/div>\n      <\/header>\n    \t\t\t\t<main class=\"entry\">\n      <div class=\"post-content\"><p>Dear Applicants,<br \/>\nplease find the results of the admissions process for the Master&#8217;s&nbsp;programme in Fine Art &#8211; Photography in English for the academic year 2026\/2027.<\/p>\n<\/div>\n          <div class=\"meta post-meta\">\n            <a href=\"https:\/\/fud.ujep.cz\/en\/news\/results-of-the-admissions-process-for-the-masters-programme-in-fine-art-photography-for-the-academic-year-2026-2027\/\" title=\"Results of the admissions process for the Master\u2019s programme in Fine Art \u2013 Photography for the academic year 2026\/2027\">\u2192&nbsp;More<\/a>\n          <\/div>\n            <\/main>\n    \t\t<\/article>\n    \t\t<!-- \/article -->\n      \n    \t\t<!-- article -->\n    \t\t<article id=\"post-83948\" class=\"col-sm-6 col-xs-12 grid-item post-83948 post type-post status-publish format-standard has-post-thumbnail hentry category-news category-curatorial-studies\">\n      \n            <a href=\"https:\/\/fud.ujep.cz\/en\/news\/past-told-future-held-a-doctoral-exhibition-by-petra-widzova\/\" title=\"Past Told, Future Held \u2013 A&nbsp;Doctoral Exhibition by Petra Wid\u017eov\u00e1\" class=\"post-link\">\n              <figure class=\"thumbnail r16x9\">\n                <img decoding=\"async\" src=\"https:\/\/fud.ujep.cz\/wp\/wp-content\/uploads\/2026\/03\/past-told-future-held-banner-1280x720.png\" alt=\"\" \/>\n              <\/figure>\n            <\/a>\n              <header>\n        <h2 class=\"post-title\"><a href=\"https:\/\/fud.ujep.cz\/en\/news\/past-told-future-held-a-doctoral-exhibition-by-petra-widzova\/\" title=\"Past Told, Future Held \u2013 A&nbsp;Doctoral Exhibition by Petra Wid\u017eov\u00e1\">Past Told, Future Held \u2013 A&nbsp;Doctoral Exhibition by Petra Wid\u017eov\u00e1<\/a><\/h2><div class=\"meta meta-date\"><small>3.&nbsp;3.&nbsp;2026<\/small><\/div>\n      <\/header>\n    \t\t\t\t<main class=\"entry\">\n      <div class=\"post-content\"><p data-path-to-node=\"2\">We cordially invite you to the opening of the exhibition <i data-path-to-node=\"2\" data-index-in-node=\"57\">Past Told, Future Held<\/i>, which takes you behind the scenes of caring for artistic estates. The doctoral exhibition will open on March 12 at 6:00 PM&nbsp;at the Industra Gallery in Brno.<\/p>\n<\/div>\n          <div class=\"meta post-meta\">\n            <a href=\"https:\/\/fud.ujep.cz\/en\/news\/past-told-future-held-a-doctoral-exhibition-by-petra-widzova\/\" title=\"Past Told, Future Held \u2013 A&nbsp;Doctoral Exhibition by Petra Wid\u017eov\u00e1\">\u2192&nbsp;More<\/a>\n          <\/div>\n            <\/main>\n    \t\t<\/article>\n    \t\t<!-- \/article -->\n      \n    \t\t<!-- article -->\n    \t\t<article id=\"post-83946\" class=\"col-sm-6 col-xs-12 grid-item post-83946 post type-post status-publish format-standard has-post-thumbnail hentry category-celem-k-umeni-en category-news\">\n      \n            <a href=\"https:\/\/fud.ujep.cz\/en\/news\/facing-art-and-design-2-slavs-and-tatars\/\" title=\"Facing Art and Design #2 \/ Slavs and Tatars\" class=\"post-link\">\n              <figure class=\"thumbnail r16x9\">\n                <img decoding=\"async\" src=\"https:\/\/fud.ujep.cz\/wp\/wp-content\/uploads\/2026\/03\/cku-ls26-slavs-fb-1-1280x670.jpg\" alt=\"\" \/>\n              <\/figure>\n            <\/a>\n              <header>\n        <h2 class=\"post-title\"><a href=\"https:\/\/fud.ujep.cz\/en\/news\/facing-art-and-design-2-slavs-and-tatars\/\" title=\"Facing Art and Design #2 \/ Slavs and Tatars\">Facing Art and Design #2 \/ Slavs and Tatars<\/a><\/h2><div class=\"meta meta-date\"><small>3.&nbsp;3.&nbsp;2026<\/small><\/div>\n      <\/header>\n    \t\t\t\t<main class=\"entry\">\n      <div class=\"post-content\"><p>We cordially invite you to the next lecture in the <i data-path-to-node=\"2\" data-index-in-node=\"51\">Facing Art and Design<\/i> series, this time featuring Slavs and Tatars! The lecture will take place on the final day of the <i data-path-to-node=\"2\" data-index-in-node=\"171\">Shared Existences<\/i> exhibition. It will be held at FUD UJEP in Auditorium No. 537.<\/p>\n<\/div>\n          <div class=\"meta post-meta\">\n            <a href=\"https:\/\/fud.ujep.cz\/en\/news\/facing-art-and-design-2-slavs-and-tatars\/\" title=\"Facing Art and Design #2 \/ Slavs and Tatars\">\u2192&nbsp;More<\/a>\n          <\/div>\n            <\/main>\n    \t\t<\/article>\n    \t\t<!-- \/article -->\n      \n    \t\t<!-- article -->\n    \t\t<article id=\"post-83919\" class=\"col-sm-6 col-xs-12 grid-item post-83919 post type-post status-publish format-standard hentry category-news category-open-call-en\">\n      <header>\n        <h2 class=\"post-title\"><a href=\"https:\/\/fud.ujep.cz\/en\/news\/1st-round-of-the-internal-grant-competition-of-fud-ujep-for-2026\/\" title=\"1st Round of the Internal Grant Competition of FUD UJEP for 2026\">1st Round of the Internal Grant Competition of FUD UJEP for 2026<\/a><\/h2><div class=\"meta meta-date\"><small>2.&nbsp;3.&nbsp;2026<\/small><\/div>\n      <\/header>\n    \t\t\t\t<main class=\"entry\">\n      <div class=\"post-content\"><p>Announcement of Internal Grants of FUD UJEP for 2026.<\/p>\n<\/div>\n          <div class=\"meta post-meta\">\n            <a href=\"https:\/\/fud.ujep.cz\/en\/news\/1st-round-of-the-internal-grant-competition-of-fud-ujep-for-2026\/\" title=\"1st Round of the Internal Grant Competition of FUD UJEP for 2026\">\u2192&nbsp;More<\/a>\n          <\/div>\n            <\/main>\n    \t\t<\/article>\n    \t\t<!-- \/article -->\n      \n    \t\t<!-- article -->\n    \t\t<article id=\"post-83695\" class=\"col-sm-6 col-xs-12 grid-item post-83695 post type-post status-publish format-standard has-post-thumbnail hentry category-news category-open-call-en\">\n      <header>\n        <h2 class=\"post-title\"><a href=\"https:\/\/fud.ujep.cz\/en\/news\/call-for-the-submission-of-proposals-for-publication-to-be-supported-by-the-major-publishing-grant-for-2026\/\" title=\"Call for the Major Publishing Grant for 2026\">Call for the Major Publishing Grant for 2026<\/a><\/h2><div class=\"meta meta-date\"><small>12.&nbsp;2.&nbsp;2026<\/small><\/div>\n      <\/header>\n    \t\t\t\t<main class=\"entry\">\n      <div class=\"post-content\"><p data-start=\"0\" data-end=\"119\">Dean of FUD UJEP Announces a&nbsp;Call for Proposals for Publication with Support from the Major Publishing Grant for 2026.<\/p>\n<\/div>\n          <div class=\"meta post-meta\">\n            <a href=\"https:\/\/fud.ujep.cz\/en\/news\/call-for-the-submission-of-proposals-for-publication-to-be-supported-by-the-major-publishing-grant-for-2026\/\" title=\"Call for the Major Publishing Grant for 2026\">\u2192&nbsp;More<\/a>\n          <\/div>\n            <\/main>\n    \t\t<\/article>\n    \t\t<!-- \/article -->\n      \n    \t\t<!-- article -->\n    \t\t<article id=\"post-83413\" class=\"col-sm-6 col-xs-12 grid-item post-83413 post type-post status-publish format-standard has-post-thumbnail hentry category-conferences\">\n      <header>\n        <h2 class=\"post-title\"><a href=\"https:\/\/fud.ujep.cz\/en\/conferences\/we-invite-you-to-the-faculty-round-of-the-student-research-conference\/\" title=\"We invite you to the Faculty Round of the Student Research Conference\">We invite you to the Faculty Round of the Student Research Conference<\/a><\/h2><div class=\"meta meta-date\"><small>28.&nbsp;1.&nbsp;2026<\/small><\/div>\n      <\/header>\n    \t\t\t\t<main class=\"entry\">\n      <div class=\"post-content\"><p>We cordially invite you to the faculty round of the Student Research Conference, where doctoral students of the Faculty of Art and Design will present their student projects.<\/p>\n<p>The conference will take place on <strong>Tuesday, 17 February 2026 at 10:00<\/strong> in <strong>the Lecture Hall 537<\/strong> at the Faculty of Art and Design at Jan Evangelista Purkyn\u011b University in \u00dast\u00ed nad Labem.<\/p>\n<\/div>\n          <div class=\"meta post-meta\">\n            <a href=\"https:\/\/fud.ujep.cz\/en\/conferences\/we-invite-you-to-the-faculty-round-of-the-student-research-conference\/\" title=\"We invite you to the Faculty Round of the Student Research Conference\">\u2192&nbsp;More<\/a>\n          <\/div>\n            <\/main>\n    \t\t<\/article>\n    \t\t<!-- \/article -->\n      \n    \t\t<!-- article -->\n    \t\t<article id=\"post-83376\" class=\"col-sm-6 col-xs-12 grid-item post-83376 post type-post status-publish format-standard has-post-thumbnail hentry category-news category-exhibitions\">\n      <header>\n        <h2 class=\"post-title\"><a href=\"https:\/\/fud.ujep.cz\/en\/news\/zimni-sklizen-exhibition-of-finals-open-day-at-fud\/\" title=\"Zimn\u00ed sklize\u0148 exhibition of finals + Open day at FUD\">Zimn\u00ed sklize\u0148 exhibition of finals + Open day at FUD<\/a><\/h2><div class=\"meta meta-date\"><small>22.&nbsp;1.&nbsp;2026<\/small><\/div>\n      <\/header>\n    \t\t\t\t<main class=\"entry\">\n      <div class=\"post-content\"><p>We are delighted to invite you to the exhibition of student semester projects at the Faculty of Art and Design (FUD UJEP), taking place from February 12 to February 14. An Open Day will also be held on February 12.<\/p>\n<\/div>\n          <div class=\"meta post-meta\">\n            <a href=\"https:\/\/fud.ujep.cz\/en\/news\/zimni-sklizen-exhibition-of-finals-open-day-at-fud\/\" title=\"Zimn\u00ed sklize\u0148 exhibition of finals + Open day at FUD\">\u2192&nbsp;More<\/a>\n          <\/div>\n            <\/main>\n    \t\t<\/article>\n    \t\t<!-- \/article -->\n      \n    \t\t<!-- article -->\n    \t\t<article id=\"post-83274\" class=\"col-sm-6 col-xs-12 grid-item post-83274 post type-post status-publish format-standard hentry category-news category-open-call-en\">\n      <header>\n        <h2 class=\"post-title\"><a href=\"https:\/\/fud.ujep.cz\/en\/news\/we-are-announcing-an-open-call-for-two-residencies-in-paris-in-2026-deadline-february-12-2026\/\" title=\"We are announcing an open call for two residencies in Paris in 2026 \u2013 deadline extended to 02\/03\/2026!\">We are announcing an open call for two residencies in Paris in 2026 \u2013 deadline extended to 02\/03\/2026!<\/a><\/h2><div class=\"meta meta-date\"><small>13.&nbsp;1.&nbsp;2026<\/small><\/div>\n      <\/header>\n    \t\t\t\t<main class=\"entry\">\n      <div class=\"post-content\"><p>The Faculty of Art and Design at Jan Evangelista Purkyn\u011b University in \u00dast\u00ed nad Labem (FUD UJEP) and the Cit\u00e9 internationale des arts in Paris have co-developed a&nbsp;research and creation residency programme dedicated to artists and curators from the FUD UJEP ecosystem.<\/p>\n<\/div>\n          <div class=\"meta post-meta\">\n            <a href=\"https:\/\/fud.ujep.cz\/en\/news\/we-are-announcing-an-open-call-for-two-residencies-in-paris-in-2026-deadline-february-12-2026\/\" title=\"We are announcing an open call for two residencies in Paris in 2026 \u2013 deadline extended to 02\/03\/2026!\">\u2192&nbsp;More<\/a>\n          <\/div>\n            <\/main>\n    \t\t<\/article>\n    \t\t<!-- \/article -->\n      \n    <\/div>\n    <!-- end of wrapper-posts -->\n      <!-- archive link -->\n      <div class=\"archive-link col-xs-12\">\n        <a href=\"\" class=\"button\" title=\"V\u00edce\">V\u00edce<\/a>\n      \n      <\/div>\n      <!-- end of archive link -->\n    <\/div>\n    <!-- end of widget-posts --><\/div><\/div><\/div><div id=\"pgc-3061-0-1\"  class=\"panel-grid-cell\" ><div id=\"panel-3061-0-1-0\" class=\"so-panel widget widget_siteorigin-panels-builder panel-first-child\" data-index=\"1\" ><div id=\"pl-w620f645e56013\"  class=\"panel-layout\" ><div id=\"pg-w620f645e56013-0\"  class=\"panel-grid panel-no-style\" ><div id=\"pgc-w620f645e56013-0-0\"  class=\"panel-grid-cell\" ><div id=\"panel-w620f645e56013-0-0-0\" class=\"so-panel widget widget_sow-editor panel-first-child panel-last-child\" data-index=\"0\" ><div\n\t\t\t\n\t\t\tclass=\"so-widget-sow-editor so-widget-sow-editor-base\"\n\t\t\t\n\t\t><h3 class=\"widget-title text-\">Fleet Vehicle<\/h3>\n<div class=\"siteorigin-widget-tinymce textwidget\">\n\t<p><a title=\"Fleet vehicle FAD UJEP\" href=\"https:\/\/calendar.google.com\/calendar\/embed?src=fud.ujep9%40gmail.com&amp;ctz=Europe%2FPrague\" target=\"_blank\" rel=\"noopener\">Fleet vehicle<\/a><\/p>\n<p>For a&nbsp;car reservation please contact the secretary.&nbsp;<\/p>\n<\/div>\n<\/div><\/div><\/div><div id=\"pgc-w620f645e56013-0-1\"  class=\"panel-grid-cell\" ><div id=\"panel-w620f645e56013-0-1-0\" class=\"so-panel widget widget_sow-editor panel-first-child panel-last-child\" data-index=\"1\" ><div\n\t\t\t\n\t\t\tclass=\"so-widget-sow-editor so-widget-sow-editor-base\"\n\t\t\t\n\t\t><h3 class=\"widget-title text-\">Dean's meeting room reservation<\/h3>\n<div class=\"siteorigin-widget-tinymce textwidget\">\n\t<p><a title=\"Dean's meeting room FAD UJEP\" href=\"https:\/\/calendar.google.com\/calendar\/embed?src=pfh19kk17gi7fvmujj3vp58gc8%40group.calendar.google.com&amp;ctz=Europe%2FPrague\" target=\"_blank\" rel=\"noopener\">Dean's meeting room reservation<\/a><\/p>\n<p>For a&nbsp;dean's meeting room reservation (door no. 234) please contact the secretary.<\/p>\n<\/div>\n<\/div><\/div><\/div><\/div><div id=\"pg-w620f645e56013-1\"  class=\"panel-grid panel-no-style\" ><div id=\"pgc-w620f645e56013-1-0\"  class=\"panel-grid-cell\" ><div id=\"panel-w620f645e56013-1-0-0\" class=\"so-panel widget widget_sow-editor panel-first-child panel-last-child\" data-index=\"2\" ><div\n\t\t\t\n\t\t\tclass=\"so-widget-sow-editor so-widget-sow-editor-base\"\n\t\t\t\n\t\t><h3 class=\"widget-title text-\">Contacts<\/h3>\n<div class=\"siteorigin-widget-tinymce textwidget\">\n\t<p><a href=\"https:\/\/fud.ujep.cz\/en\/faculty\/contacts\/\">List of employees and academic staff<\/a><\/p>\n<\/div>\n<\/div><\/div><\/div><div id=\"pgc-w620f645e56013-1-1\"  class=\"panel-grid-cell\" ><div id=\"panel-w620f645e56013-1-1-0\" class=\"so-panel widget widget_sow-editor panel-first-child panel-last-child\" data-index=\"3\" ><div\n\t\t\t\n\t\t\tclass=\"so-widget-sow-editor so-widget-sow-editor-base\"\n\t\t\t\n\t\t><h3 class=\"widget-title text-\">STAG<\/h3>\n<div class=\"siteorigin-widget-tinymce textwidget\">\n\t<p><a href=\"https:\/\/stag.ujep.cz\/\" target=\"_blank\" rel=\"noopener\">https:\/\/stag.ujep.cz\/<\/a><\/p>\n<\/div>\n<\/div><\/div><\/div><\/div><div id=\"pg-w620f645e56013-2\"  class=\"panel-grid panel-no-style\" ><div id=\"pgc-w620f645e56013-2-0\"  class=\"panel-grid-cell\" ><div id=\"panel-w620f645e56013-2-0-0\" class=\"so-panel widget widget_sow-editor panel-first-child panel-last-child\" data-index=\"4\" ><div\n\t\t\t\n\t\t\tclass=\"so-widget-sow-editor so-widget-sow-editor-base\"\n\t\t\t\n\t\t><h3 class=\"widget-title text-\">CESNET DataCare<\/h3>\n<div class=\"siteorigin-widget-tinymce textwidget\">\n\t<p><a href=\"https:\/\/owncloud.cesnet.cz\/\" target=\"_blank\" rel=\"noopener\">CESNET DataCare<\/a><\/p>\n<\/div>\n<\/div><\/div><\/div><div id=\"pgc-w620f645e56013-2-1\"  class=\"panel-grid-cell\" ><div id=\"panel-w620f645e56013-2-1-0\" class=\"so-panel widget widget_sow-editor panel-first-child panel-last-child\" data-index=\"5\" ><div\n\t\t\t\n\t\t\tclass=\"so-widget-sow-editor so-widget-sow-editor-base\"\n\t\t\t\n\t\t><h3 class=\"widget-title text-\">Cloud storage\u00a0(NAS)<\/h3>\n<div class=\"siteorigin-widget-tinymce textwidget\">\n\t<p><a title=\"NAS FUD UJEP\" href=\"https:\/\/nas.fud.ujep.cz:5001\" target=\"_blank\" rel=\"noopener\">https:\/\/nas.fud.ujep.cz:5001<\/a><\/p>\n<\/div>\n<\/div><\/div><\/div><\/div><div id=\"pg-w620f645e56013-3\"  class=\"panel-grid panel-no-style\" ><div id=\"pgc-w620f645e56013-3-0\"  class=\"panel-grid-cell\" ><div id=\"panel-w620f645e56013-3-0-0\" class=\"so-panel widget widget_sow-editor panel-first-child panel-last-child\" data-index=\"6\" ><div\n\t\t\t\n\t\t\tclass=\"so-widget-sow-editor so-widget-sow-editor-base\"\n\t\t\t\n\t\t><h3 class=\"widget-title text-\">EduID, Eduroam, IMIS...<\/h3>\n<div class=\"siteorigin-widget-tinymce textwidget\">\n\t<p><a href=\"http:\/\/it.fud.ujep.cz\/navody\/\" target=\"_blank\" rel=\"noopener\">Guidelines for EduID, Eduroam, IMIS etc.<\/a><\/p>\n<\/div>\n<\/div><\/div><\/div><div id=\"pgc-w620f645e56013-3-1\"  class=\"panel-grid-cell\" ><div id=\"panel-w620f645e56013-3-1-0\" class=\"so-panel widget widget_sow-editor panel-first-child panel-last-child\" data-index=\"7\" ><div\n\t\t\t\n\t\t\tclass=\"so-widget-sow-editor so-widget-sow-editor-base\"\n\t\t\t\n\t\t><h3 class=\"widget-title text-\">E-learning \u2013 Moodle<\/h3>\n<div class=\"siteorigin-widget-tinymce textwidget\">\n\t<p><a href=\"http:\/\/it.fud.ujep.cz\/navody\/e-learning\/\" target=\"_blank\" rel=\"noopener\">Guidelines for E-learning \u2013 Moodle<\/a><\/p>\n<\/div>\n<\/div><\/div><\/div><\/div><\/div><\/div><div id=\"panel-3061-0-1-1\" class=\"so-panel widget widget_siteorigin-panels-builder panel-last-child\" data-index=\"2\" ><div id=\"pl-w620f6236dfb8c\"  class=\"panel-layout\" ><div id=\"pg-w620f6236dfb8c-0\"  class=\"panel-grid panel-no-style\" ><div id=\"pgc-w620f6236dfb8c-0-0\"  class=\"panel-grid-cell\" ><div id=\"panel-w620f6236dfb8c-0-0-0\" class=\"so-panel widget widget_sow-editor panel-first-child\" data-index=\"0\" ><div\n\t\t\t\n\t\t\tclass=\"so-widget-sow-editor so-widget-sow-editor-base\"\n\t\t\t\n\t\t><h3 class=\"widget-title text-\">Events Calendar<\/h3>\n<div class=\"siteorigin-widget-tinymce textwidget\">\n\t<p><a href=\"https:\/\/fud.ujep.cz\/kalendar-akci\">Add a&nbsp;new event<\/a><\/p>\n<\/div>\n<\/div><\/div><div id=\"panel-w620f6236dfb8c-0-0-1\" class=\"so-panel widget panel-last-child\" data-index=\"1\" ><\/div><\/div><div id=\"pgc-w620f6236dfb8c-0-1\"  class=\"panel-grid-cell\" ><div id=\"panel-w620f6236dfb8c-0-1-0\" class=\"so-panel widget widget_sow-editor panel-first-child panel-last-child\" data-index=\"2\" ><div\n\t\t\t\n\t\t\tclass=\"so-widget-sow-editor so-widget-sow-editor-base\"\n\t\t\t\n\t\t><h3 class=\"widget-title text-\">Schedule<\/h3>\n<div class=\"siteorigin-widget-tinymce textwidget\">\n\t<p><a href=\"https:\/\/fud.ujep.cz\/wp-content\/uploads\/2021\/11\/harmonogram-fud-21-22-en.pdf\">Schedule FUD 2021\/2022<\/a><\/p>\n<p><a href=\"https:\/\/docs.google.com\/document\/d\/1OFfo4J7Pj7jizwIA7A86t3aXtMueuAhPxSsaVQ4275s\/edit\">Events FUD 2020\/2021<\/a><\/p>\n<\/div>\n<\/div><\/div><\/div><\/div><\/div><\/div><\/div><\/div><\/div>","protected":false},"excerpt":{"rendered":"<p>Results of the admissions process for the Master\u2019s programme in Fine Art \u2013 Photography for the academic year 2026\/20272.&nbsp;4.&nbsp;2026 Dear Applicants, please find the results of the admissions process for the Master&#8217;s&nbsp;programme in Fine Art &#8211; Photography in English for the academic year 2026\/2027. \u2192&nbsp;More Past Told, Future Held \u2013 A&nbsp;Doctoral Exhibition by Petra Wid\u017eov\u00e13.&nbsp;3.&nbsp;2026 [&hellip;]<\/p>\n","protected":false},"author":1,"featured_media":0,"parent":0,"menu_order":0,"comment_status":"closed","ping_status":"closed","template":"","meta":{"_acf_changed":false,"ngg_post_thumbnail":0,"footnotes":""},"class_list":["post-3061","page","type-page","status-publish","hentry"],"acf":[],"_links":{"self":[{"href":"https:\/\/fud.ujep.cz\/en\/wp-json\/wp\/v2\/pages\/3061","targetHints":{"allow":["GET"]}}],"collection":[{"href":"https:\/\/fud.ujep.cz\/en\/wp-json\/wp\/v2\/pages"}],"about":[{"href":"https:\/\/fud.ujep.cz\/en\/wp-json\/wp\/v2\/types\/page"}],"author":[{"embeddable":true,"href":"https:\/\/fud.ujep.cz\/en\/wp-json\/wp\/v2\/users\/1"}],"replies":[{"embeddable":true,"href":"https:\/\/fud.ujep.cz\/en\/wp-json\/wp\/v2\/comments?post=3061"}],"version-history":[{"count":0,"href":"https:\/\/fud.ujep.cz\/en\/wp-json\/wp\/v2\/pages\/3061\/revisions"}],"wp:attachment":[{"href":"https:\/\/fud.ujep.cz\/en\/wp-json\/wp\/v2\/media?parent=3061"}],"curies":[{"name":"wp","href":"https:\/\/api.w.org\/{rel}","templated":true}]}}