{"id":3211,"date":"2016-07-28T14:56:39","date_gmt":"2016-07-28T12:56:39","guid":{"rendered":"https:\/\/fud.ujep.cz\/dum-umeni-usti-nad-labem\/"},"modified":"2025-03-07T15:16:57","modified_gmt":"2025-03-07T13:16:57","slug":"usti-nad-labem-house-of-arts","status":"publish","type":"page","link":"https:\/\/fud.ujep.cz\/en\/activities\/usti-nad-labem-house-of-arts\/","title":{"rendered":"\u00dast\u00ed nad Labem House of Arts"},"content":{"rendered":"<div id=\"pl-3211\"  class=\"panel-layout\" ><div id=\"pg-3211-0\"  class=\"panel-grid panel-no-style\" ><div id=\"pgc-3211-0-0\"  class=\"panel-grid-cell\" ><div id=\"panel-3211-0-0-0\" class=\"so-panel widget widget_sow-fud-wp-posts widget-posts widget-fud-posts panel-first-child panel-last-child\" data-index=\"0\" ><div\n\t\t\t\n\t\t\tclass=\"so-widget-sow-fud-wp-posts so-widget-sow-fud-wp-posts-base\"\n\t\t\t\n\t\t><h2 class=\"widget-title\">Exhibitions and Events <small>(1\/4)<\/small><\/h2><div class=\"widget-posts wrapper-widget\"><div class=\"wrapper-posts columns-layout-2 _masonry-grid\">\n    \t\t<!-- article -->\n    \t\t<article id=\"post-82688\" class=\"col-sm-6 col-xs-12 grid-item post-82688 post type-post status-publish format-standard has-post-thumbnail hentry category-news category-exhibitions category-house-of-arts\">\n      \n            <a href=\"https:\/\/fud.ujep.cz\/en\/news\/new-exhibition-in-house-of-arts-usti-nad-labem-shared-existences\/\" title=\"New exhibition in House of Arts \u00dast\u00ed nad Labem: Shared existences\" class=\"post-link\">\n              <figure class=\"thumbnail r16x9\">\n                <img decoding=\"async\" src=\"https:\/\/fud.ujep.cz\/wp\/wp-content\/uploads\/2025\/11\/untitled-design-1-1280x720.png\" alt=\"\" \/>\n              <\/figure>\n            <\/a>\n              <header>\n        <h2 class=\"post-title\"><a href=\"https:\/\/fud.ujep.cz\/en\/news\/new-exhibition-in-house-of-arts-usti-nad-labem-shared-existences\/\" title=\"New exhibition in House of Arts \u00dast\u00ed nad Labem: Shared existences\">New exhibition in House of Arts \u00dast\u00ed nad Labem: Shared existences<\/a><\/h2><div class=\"meta meta-date\"><small>24.&nbsp;11.&nbsp;2025<\/small><\/div>\n      <\/header>\n    \t\t\t\t<main class=\"entry\">\n      <div class=\"post-content\"><p data-start=\"39\" data-end=\"293\">We warmly invite you to the opening of the international group exhibition <em data-start=\"113\" data-end=\"132\">Shared Existences<\/em>, which will take place on 10th December 2025 at 18:00. You are also welcome to join a&nbsp;guided tour with the exhibition\u2019s curator, Petra Wid\u017eov\u00e1, starting at 16:30.<\/p>\n<\/div>\n          <div class=\"meta post-meta\">\n            <a href=\"https:\/\/fud.ujep.cz\/en\/news\/new-exhibition-in-house-of-arts-usti-nad-labem-shared-existences\/\" title=\"New exhibition in House of Arts \u00dast\u00ed nad Labem: Shared existences\">\u2192&nbsp;More<\/a>\n          <\/div>\n            <\/main>\n    \t\t<\/article>\n    \t\t<!-- \/article -->\n      \n    \t\t<!-- article -->\n    \t\t<article id=\"post-81646\" class=\"col-sm-6 col-xs-12 grid-item post-81646 post type-post status-publish format-standard has-post-thumbnail hentry category-house-of-arts category-news category-exhibitions\">\n      \n            <a href=\"https:\/\/fud.ujep.cz\/en\/news\/dum-umeni-usti-nad-labem-zahaji-novou-vystavu-umelkyne-ilony-nemeth\/\" title=\"The House of Arts \u00dast\u00ed nad Labem will open a&nbsp;new exhibition by artist Ilona N\u00e9meth\" class=\"post-link\">\n              <figure class=\"thumbnail r16x9\">\n                <img decoding=\"async\" src=\"https:\/\/fud.ujep.cz\/wp\/wp-content\/uploads\/2025\/09\/untitled-design-1280x720.png\" alt=\"\" \/>\n              <\/figure>\n            <\/a>\n              <header>\n        <h2 class=\"post-title\"><a href=\"https:\/\/fud.ujep.cz\/en\/news\/dum-umeni-usti-nad-labem-zahaji-novou-vystavu-umelkyne-ilony-nemeth\/\" title=\"The House of Arts \u00dast\u00ed nad Labem will open a&nbsp;new exhibition by artist Ilona N\u00e9meth\">The House of Arts \u00dast\u00ed nad Labem will open a&nbsp;new exhibition by artist Ilona N\u00e9meth<\/a><\/h2><div class=\"meta meta-date\"><small>4.&nbsp;9.&nbsp;2025<\/small><\/div>\n      <\/header>\n    \t\t\t\t<main class=\"entry\">\n      <div class=\"post-content\"><p style=\"text-align: justify;\">We cordially invite you to the opening of the exhibition, which will take place on Wednesday, September 17, 2025, at 6 pm&nbsp;at the House of Arts \u00dast\u00ed nad Labem. A&nbsp;guided tour of the exhibition with the artist and the curator will be held at 5 pm. Prominent Slovak artist Ilona N\u00e9meth presents in \u00dast\u00ed nad Labem a&nbsp;complex authorial project that critically reflects on the current climate crisis through the metaphor of dying thuja trees\u2014the \u201ctrees of life.\u201d<\/p>\n<\/div>\n          <div class=\"meta post-meta\">\n            <a href=\"https:\/\/fud.ujep.cz\/en\/news\/dum-umeni-usti-nad-labem-zahaji-novou-vystavu-umelkyne-ilony-nemeth\/\" title=\"The House of Arts \u00dast\u00ed nad Labem will open a&nbsp;new exhibition by artist Ilona N\u00e9meth\">\u2192&nbsp;More<\/a>\n          <\/div>\n            <\/main>\n    \t\t<\/article>\n    \t\t<!-- \/article -->\n      \n    \t\t<!-- article -->\n    \t\t<article id=\"post-79458\" class=\"col-sm-6 col-xs-12 grid-item post-79458 post type-post status-publish format-standard has-post-thumbnail hentry category-exhibitions category-house-of-arts category-celem-k-umeni-en\">\n      \n            <a href=\"https:\/\/fud.ujep.cz\/en\/exhibitions\/celem-k-umeni-9-displacements-and-torrents\/\" title=\"\u010celem k&nbsp;um\u011bn\u00ed #9 \/ Displacements and Torrents\" class=\"post-link\">\n              <figure class=\"thumbnail r16x9\">\n                <img decoding=\"async\" src=\"https:\/\/fud.ujep.cz\/wp\/wp-content\/uploads\/2025\/04\/celem-k-umeni-ls-2025-full-hd-1280x720.jpg\" alt=\"\" \/>\n              <\/figure>\n            <\/a>\n              <header>\n        <h2 class=\"post-title\"><a href=\"https:\/\/fud.ujep.cz\/en\/exhibitions\/celem-k-umeni-9-displacements-and-torrents\/\" title=\"\u010celem k&nbsp;um\u011bn\u00ed #9 \/ Displacements and Torrents\">\u010celem k&nbsp;um\u011bn\u00ed #9 \/ Displacements and Torrents<\/a><\/h2><div class=\"meta meta-date\"><small>17.&nbsp;4.&nbsp;2025<\/small><\/div>\n      <\/header>\n    \t\t\t\t<main class=\"entry\">\n      <div class=\"post-content\"><p>The Faculty of Art and Design cordially invites you to a&nbsp;guided tour of the international exhibition <em data-start=\"101\" data-end=\"129\">Displacements and Torrents<\/em>, with the participation of the curator, co-curator, and participating artists. The tour will be held in English and is free of charge.<\/p>\n<\/div>\n          <div class=\"meta post-meta\">\n            <a href=\"https:\/\/fud.ujep.cz\/en\/exhibitions\/celem-k-umeni-9-displacements-and-torrents\/\" title=\"\u010celem k&nbsp;um\u011bn\u00ed #9 \/ Displacements and Torrents\">\u2192&nbsp;More<\/a>\n          <\/div>\n            <\/main>\n    \t\t<\/article>\n    \t\t<!-- \/article -->\n      \n    \t\t<!-- article -->\n    \t\t<article id=\"post-70932\" class=\"col-sm-6 col-xs-12 grid-item post-70932 post type-post status-publish format-standard has-post-thumbnail hentry category-news category-house-of-arts category-curatorial-studies\">\n      \n            <a href=\"https:\/\/fud.ujep.cz\/en\/news\/international-conference-gardening-of-soul-resources-of-perspectives\/\" title=\"Abstracts of Presentation are Published &#8211; International Conference Gardening of Soul: Resources of Perspectives\" class=\"post-link\">\n              <figure class=\"thumbnail r16x9\">\n                <img decoding=\"async\" src=\"https:\/\/fud.ujep.cz\/wp\/wp-content\/uploads\/2024\/02\/web-1280x720.png\" alt=\"\" \/>\n              <\/figure>\n            <\/a>\n              <header>\n        <h2 class=\"post-title\"><a href=\"https:\/\/fud.ujep.cz\/en\/news\/international-conference-gardening-of-soul-resources-of-perspectives\/\" title=\"Abstracts of Presentation are Published &#8211; International Conference Gardening of Soul: Resources of Perspectives\">Abstracts of Presentation are Published &#8211; International Conference Gardening of Soul: Resources of Perspectives<\/a><\/h2><div class=\"meta meta-date\"><small>2.&nbsp;2.&nbsp;2024<\/small><\/div>\n      <\/header>\n    \t\t\t\t<main class=\"entry\">\n      <div class=\"post-content\"><p>We warmly invite you to attend the international conference Gardening of Soul: Resources of Perspectives, which will take place on 22 and 23 February 2024.<\/p>\n<p>&nbsp;<\/p>\n<\/div>\n          <div class=\"meta post-meta\">\n            <a href=\"https:\/\/fud.ujep.cz\/en\/news\/international-conference-gardening-of-soul-resources-of-perspectives\/\" title=\"Abstracts of Presentation are Published &#8211; International Conference Gardening of Soul: Resources of Perspectives\">\u2192&nbsp;More<\/a>\n          <\/div>\n            <\/main>\n    \t\t<\/article>\n    \t\t<!-- \/article -->\n      \n    \t\t<!-- article -->\n    \t\t<article id=\"post-70878\" class=\"col-sm-6 col-xs-12 grid-item post-70878 post type-post status-publish format-standard has-post-thumbnail hentry category-house-of-arts category-curatorial-studies category-student-en category-interior-design category-ceramic-design category-products-design category-fashion-and-textile-design\">\n      \n            <a href=\"https:\/\/fud.ujep.cz\/en\/house-of-arts\/course-of-a-visiting-foreign-pedagogue-video-lectures-by-marcus-neustteter\/\" title=\"Course of a&nbsp;visiting foreign pedagogue \/ video lectures by Marcus Neustteter\" class=\"post-link\">\n              <figure class=\"thumbnail r16x9\">\n                <img decoding=\"async\" src=\"https:\/\/fud.ujep.cz\/wp\/wp-content\/uploads\/2023\/11\/marcus-neustetter-5-image.jpg\" alt=\"\" \/>\n              <\/figure>\n            <\/a>\n              <header>\n        <h2 class=\"post-title\"><a href=\"https:\/\/fud.ujep.cz\/en\/house-of-arts\/course-of-a-visiting-foreign-pedagogue-video-lectures-by-marcus-neustteter\/\" title=\"Course of a&nbsp;visiting foreign pedagogue \/ video lectures by Marcus Neustteter\">Course of a&nbsp;visiting foreign pedagogue \/ video lectures by Marcus Neustteter<\/a><\/h2><div class=\"meta meta-date\"><small>31.&nbsp;1.&nbsp;2024<\/small><\/div>\n      <\/header>\n    \t\t\t\t<main class=\"entry\">\n      <div class=\"post-content\"><p>Marcus Neustteter created three video lectures as part of the Course of a&nbsp;visiting foreign pedagogue in the winter semester of 2023\/24, which are now available on a&nbsp;new <a href=\"https:\/\/youtube.com\/playlist?list=PLhRf-d5NlA6IEMUgr7P07lnCHl343Xv-v&amp;si=rooqL8UaJBjbwIsM\" target=\"_blank\" rel=\"noopener\">YouTube playlist<\/a>. Their implementation was supported by the project PPS\u0158 2023 &#8211; Expansion and improvement of education implemented in the form of blended learning at FUD UJEP.<\/p>\n<\/div>\n          <div class=\"meta post-meta\">\n            <a href=\"https:\/\/fud.ujep.cz\/en\/house-of-arts\/course-of-a-visiting-foreign-pedagogue-video-lectures-by-marcus-neustteter\/\" title=\"Course of a&nbsp;visiting foreign pedagogue \/ video lectures by Marcus Neustteter\">\u2192&nbsp;More<\/a>\n          <\/div>\n            <\/main>\n    \t\t<\/article>\n    \t\t<!-- \/article -->\n      \n    \t\t<!-- article -->\n    \t\t<article id=\"post-68722\" class=\"col-sm-6 col-xs-12 grid-item post-68722 post type-post status-publish format-standard has-post-thumbnail hentry category-house-of-arts category-curatorial-studies\">\n      \n            <a href=\"https:\/\/fud.ujep.cz\/en\/house-of-arts\/academic-grape-harvest-ii-and-guided-tour\/\" title=\"Academic Grape Harvest II and Guided Tour\" class=\"post-link\">\n              <figure class=\"thumbnail r16x9\">\n                <img decoding=\"async\" src=\"https:\/\/fud.ujep.cz\/wp\/wp-content\/uploads\/2023\/09\/vinobrani-23-fb-event-1280x700.jpg\" alt=\"\" \/>\n              <\/figure>\n            <\/a>\n              <header>\n        <h2 class=\"post-title\"><a href=\"https:\/\/fud.ujep.cz\/en\/house-of-arts\/academic-grape-harvest-ii-and-guided-tour\/\" title=\"Academic Grape Harvest II and Guided Tour\">Academic Grape Harvest II and Guided Tour<\/a><\/h2><div class=\"meta meta-date\"><small>27.&nbsp;9.&nbsp;2023<\/small><\/div>\n      <\/header>\n    \t\t\t\t<main class=\"entry\">\n      <div class=\"post-content\"><p>We cordially invite you to the II. Academic Grape Harvest, which will be accompanied by a&nbsp;guided tour of the exhibition Folk Art School \u2014 Jan Merta and Jasansk\u00fd \u2014 Pol\u00e1k starting at 6:00 PM.<\/p>\n<\/div>\n          <div class=\"meta post-meta\">\n            <a href=\"https:\/\/fud.ujep.cz\/en\/house-of-arts\/academic-grape-harvest-ii-and-guided-tour\/\" title=\"Academic Grape Harvest II and Guided Tour\">\u2192&nbsp;More<\/a>\n          <\/div>\n            <\/main>\n    \t\t<\/article>\n    \t\t<!-- \/article -->\n      \n    \t\t<!-- article -->\n    \t\t<article id=\"post-67953\" class=\"col-sm-6 col-xs-12 grid-item post-67953 post type-post status-publish format-standard has-post-thumbnail hentry category-exhibitions category-house-of-arts category-curatorial-studies\">\n      <header>\n        <h2 class=\"post-title\"><a href=\"https:\/\/fud.ujep.cz\/en\/exhibitions\/jan-krticka-towards-seydisfjordur\/\" title=\"Jan Krti\u010dka &#8211; Towards Seydisfj\u00f6rdur\">Jan Krti\u010dka &#8211; Towards Seydisfj\u00f6rdur<\/a><\/h2><div class=\"meta meta-date\"><small>5.&nbsp;9.&nbsp;2023<\/small><\/div>\n      <\/header>\n    \t\t\t\t<main class=\"entry\">\n      <div class=\"post-content\"><p>\u00dast\u00ed nad Labem House of Arts warmly invites you to the opening of the Jan Krti\u010dka &#8211; Towards Seydisfj\u00f6rdur, which will take place on Wednesday 13 September 2023, at 18:00.<\/p>\n<\/div>\n          <div class=\"meta post-meta\">\n            <a href=\"https:\/\/fud.ujep.cz\/en\/exhibitions\/jan-krticka-towards-seydisfjordur\/\" title=\"Jan Krti\u010dka &#8211; Towards Seydisfj\u00f6rdur\">\u2192&nbsp;More<\/a>\n          <\/div>\n            <\/main>\n    \t\t<\/article>\n    \t\t<!-- \/article -->\n      \n    \t\t<!-- article -->\n    \t\t<article id=\"post-67939\" class=\"col-sm-6 col-xs-12 grid-item post-67939 post type-post status-publish format-standard has-post-thumbnail hentry category-news category-house-of-arts\">\n      <header>\n        <h2 class=\"post-title\"><a href=\"https:\/\/fud.ujep.cz\/en\/news\/jakub-tajovsky-pohled-oddeleny-od-tela-pozorovatele\/\" title=\"Jakub Tajovsk\u00fd &#8211; A&nbsp;Sight Detached from the Observer \u0301s Body\">Jakub Tajovsk\u00fd &#8211; A&nbsp;Sight Detached from the Observer \u0301s Body<\/a><\/h2><div class=\"meta meta-date\"><small>5.&nbsp;9.&nbsp;2023<\/small><\/div>\n      <\/header>\n    \t\t\t\t<main class=\"entry\">\n      <div class=\"post-content\"><p>\u00dast\u00ed nad Labem House of Arts warmly invites you to the opening of the Jakub Tajovsk\u00fd &#8211; A&nbsp;Sight Detached from the Observer \u0301s Body, which will take place on Wednesday 13 September 2023, at 18:00.<\/p>\n<\/div>\n          <div class=\"meta post-meta\">\n            <a href=\"https:\/\/fud.ujep.cz\/en\/news\/jakub-tajovsky-pohled-oddeleny-od-tela-pozorovatele\/\" title=\"Jakub Tajovsk\u00fd &#8211; A&nbsp;Sight Detached from the Observer \u0301s Body\">\u2192&nbsp;More<\/a>\n          <\/div>\n            <\/main>\n    \t\t<\/article>\n    \t\t<!-- \/article -->\n      \n    \t\t<!-- article -->\n    \t\t<article id=\"post-67852\" class=\"col-sm-6 col-xs-12 grid-item post-67852 post type-post status-publish format-standard has-post-thumbnail hentry category-house-of-arts category-curatorial-studies\">\n      <header>\n        <h2 class=\"post-title\"><a href=\"https:\/\/fud.ujep.cz\/en\/house-of-arts\/folk-art-school-jan-merta-and-with-him-jasansky-polak\/\" title=\"Folk Art School &#8211; Jan Merta and with him Jasansk\u00fd-Pol\u00e1k\">Folk Art School &#8211; Jan Merta and with him Jasansk\u00fd-Pol\u00e1k<\/a><\/h2><div class=\"meta meta-date\"><small>1.&nbsp;9.&nbsp;2023<\/small><\/div>\n      <\/header>\n    \t\t\t\t<main class=\"entry\">\n      <div class=\"post-content\"><p>\u00dast\u00ed nad Labem House of Arts warmly invites you to the opening of the Folk Art School exhibition &#8211; Jan Merta and with him Jasansk\u00fd-Pol\u00e1k, which will take place on Wednesday 13 September 2023, at 6:00 PM.<\/p>\n<\/div>\n          <div class=\"meta post-meta\">\n            <a href=\"https:\/\/fud.ujep.cz\/en\/house-of-arts\/folk-art-school-jan-merta-and-with-him-jasansky-polak\/\" title=\"Folk Art School &#8211; Jan Merta and with him Jasansk\u00fd-Pol\u00e1k\">\u2192&nbsp;More<\/a>\n          <\/div>\n            <\/main>\n    \t\t<\/article>\n    \t\t<!-- \/article -->\n      \n    <\/div>\n    <!-- end of wrapper-posts -->\n      <!-- archive link -->\n      <div class=\"archive-link col-xs-12\">\n        <a href=\"\" class=\"button\" title=\"V\u00edce\">V\u00edce<\/a>\n      \n      <\/div>\n      <!-- end of archive link -->\n    <\/div>\n    <!-- end of widget-posts --><\/div><\/div><\/div><div id=\"pgc-3211-0-1\"  class=\"panel-grid-cell\" ><div id=\"panel-3211-0-1-0\" class=\"so-panel widget widget_sow-editor panel-first-child\" data-index=\"1\" ><div\n\t\t\t\n\t\t\tclass=\"so-widget-sow-editor so-widget-sow-editor-base\"\n\t\t\t\n\t\t>\n<div class=\"siteorigin-widget-tinymce textwidget\">\n\t<h3>\u00dast\u00ed nad Labem House of Arts<br \/>\nFaculty of Art and Design<br \/>\nJan Evangelista Purkyn\u011b University&nbsp;<\/h3>\n<p>The \u00dast\u00ed nad Labem House of Arts of Faculty of Art and Design at Jan Evangelista Purkyn\u011b University in \u00dast\u00ed nad labem is a&nbsp;faculty specialized workspace focused on creative, artistic, research, curatorial, educating, interdisciplinary and cultural projects realization.<\/p>\n<p>The main focus of the \u00dast\u00ed nad Labem House of Arts is the realization of education in the study programmes of FAD UJEP and the production of cultural activities especially exhibitions of important artists, key art movements and topics shaping the contemporary art scene as well as the realization of interdisciplinary events and educational activities. Its program offers from artistic through research, educational and publication to socialization activities that are realized in international context and in cooperation with a&nbsp;number of Czech and international partners, such as academies of arts and exhibition, art and cultural institutions.<\/p>\n<p>The exhibition conception of the \u00dast\u00ed nad Labem House of Arts focuses on presentation of important artists, key art movements and topics shaping the situation of contemporary Central European fine art. &nbsp;The key aims of the \u00dast\u00ed nad Labem House of Arts are professional production and presentation of the current artistic expressions, support of the international cooperation in the form of exhibition projects realization, creative and research activity in the space of contemporary fine art realized in the cooperation with similarly oriented university workspaces, development of educational activities within the study programs at Jan Evangelista Purkyn\u011b University, support of educational strategies focused on work with the gallery visitors and, at last, implementation of social responsibility in sociocultural development of the local community.<\/p>\n<p><img loading=\"lazy\" decoding=\"async\" class=\"alignnone wp-image-1294 size-medium\" src=\"https:\/\/fud.ujep.cz\/wp-content\/uploads\/2016\/10\/galerie1-11x-768x513.jpg\" width=\"768\" height=\"513\"\/><\/p>\n<p>The main curator of the \u00dast\u00ed nad Labem House of Arts is prof. Mgr. Michal Kole\u010dek, Ph.D. who works on realization of individual exhibition projects in cooperation with other curators and partners mainly from international institutions or with free-lance curators. The overall curatorial conception of the \u00dast\u00ed nad Labem House of Arts is focused on analysis and presentation of contemporary artistic expressions with the emphasis on sociocultural situation in the Central European context and thus also the national context which also reflects the specific situation in the local region and community.<\/p>\n<p>The \u00dast\u00ed nad Labem House of Arts is located in the reconstructed space of the former university canteen in the residential area Kl\u00ed\u0161e not far from the city centre and the university campus. The exhibition and research activities of the \u00dast\u00ed nad Labem House of Arts contribute significantly to the presentation of a&nbsp;wide range of forms of contemporary visual culture in the city of \u00dast\u00ed nad Labem and its surrounding region. The \u00dast\u00ed nad Labem House of Arts is an expression of a&nbsp;self-confident potential of the local art scene. It wants to become a&nbsp;gate into dynamic structures of the contemporary fine art and moreover, introduce an open creative space between the university and the local community.<\/p>\n<\/div>\n<\/div><\/div><div id=\"panel-3211-0-1-1\" class=\"so-panel widget widget_sow-editor panel-last-child\" data-index=\"2\" ><div\n\t\t\t\n\t\t\tclass=\"so-widget-sow-editor so-widget-sow-editor-base\"\n\t\t\t\n\t\t><h3 class=\"widget-title text-\">Contacts<\/h3>\n<div class=\"siteorigin-widget-tinymce textwidget\">\n\t<h4>\u00dast\u00ed nad Labem House of Arts<br \/>\nFaculty of Art and Design<br \/>\nJan Evangelista Purkyn\u011b University<\/h4>\n<p>Address:<br \/>\nKl\u00ed\u0161sk\u00e1 1101\/129a<br \/>\n400&nbsp;96 \u00dast\u00ed nad Labem<\/p>\n<p>W: <a href=\"https:\/\/duul.cz\" target=\"_blank\" rel=\"noopener\">https:\/\/www.duul.cz<\/a><\/p>\n<p>E: <a href=\"javascript:secureDecryptAndNavigate('mmnBobGP2+jeY4IZg3csKtcK2axpEGbvKzri3HViRmFfRtT6gjfmpt+D1cAOgvYNrkIe5RJ7Ml8vxLOTQ4zLqOQ5Zw==', 'b293a2f138d82a62e33b3a09a6fcc7436affed84659eac839d3cc63cd4e0753f')\" target=\"_blank\" rel=\"noopener\">d&#117;ul&#64;ujep&#46;&#99;&#122;<\/a><br \/>\nF: <a href=\"https:\/\/www.facebook.com\/DumumeniUL\/\" target=\"_blank\" rel=\"noopener\">D\u016fm um\u011bn\u00ed \u00dast\u00ed nad Labem<\/a><br \/>\n<strong>T\/ +420&nbsp;702&nbsp;217&nbsp;042<\/strong><\/p>\n<p><iframe loading=\"lazy\" style=\"border: 0;\" src=\"https:\/\/www.google.com\/maps\/embed?pb=!1m18!1m12!1m3!1d1264.4394840514176!2d14.012200158289835!3d50.666507694949985!2m3!1f0!2f0!3f0!3m2!1i1024!2i768!4f13.1!3m3!1m2!1s0x470984cc87a8e8f7%3A0x71e4788d97f05583!2zRMWvbSB1bcSbbsOtIMOac3TDrSBuYWQgTGFiZW0gRmFrdWx0eSB1bcSbbsOtIGEgZGVzaWdudSBVbml2ZXJ6aXR5IEphbmEgRXZhbmdlbGlzdHkgUHVya3luxJs!5e0!3m2!1scs!2scz!4v1477928884404\" width=\"875\" height=\"450\" frameborder=\"0\" allowfullscreen=\"allowfullscreen\"><\/iframe><\/p>\n<\/div>\n<\/div><\/div><\/div><\/div><\/div>","protected":false},"excerpt":{"rendered":"<p>\u00dast\u00ed nad Labem House of Arts Faculty of Art and Design Jan Evangelista Purkyn\u011b University&nbsp; The \u00dast\u00ed nad Labem House of Arts of Faculty of Art and Design at Jan Evangelista Purkyn\u011b University in \u00dast\u00ed nad labem is a&nbsp;faculty specialized workspace focused on creative, artistic, research, curatorial, educating, interdisciplinary and cultural projects realization. The [&hellip;]<\/p>\n","protected":false},"author":1,"featured_media":0,"parent":3219,"menu_order":0,"comment_status":"closed","ping_status":"closed","template":"","meta":{"_acf_changed":false,"ngg_post_thumbnail":0,"footnotes":""},"class_list":["post-3211","page","type-page","status-publish","hentry"],"acf":[],"_links":{"self":[{"href":"https:\/\/fud.ujep.cz\/en\/wp-json\/wp\/v2\/pages\/3211","targetHints":{"allow":["GET"]}}],"collection":[{"href":"https:\/\/fud.ujep.cz\/en\/wp-json\/wp\/v2\/pages"}],"about":[{"href":"https:\/\/fud.ujep.cz\/en\/wp-json\/wp\/v2\/types\/page"}],"author":[{"embeddable":true,"href":"https:\/\/fud.ujep.cz\/en\/wp-json\/wp\/v2\/users\/1"}],"replies":[{"embeddable":true,"href":"https:\/\/fud.ujep.cz\/en\/wp-json\/wp\/v2\/comments?post=3211"}],"version-history":[{"count":0,"href":"https:\/\/fud.ujep.cz\/en\/wp-json\/wp\/v2\/pages\/3211\/revisions"}],"up":[{"embeddable":true,"href":"https:\/\/fud.ujep.cz\/en\/wp-json\/wp\/v2\/pages\/3219"}],"wp:attachment":[{"href":"https:\/\/fud.ujep.cz\/en\/wp-json\/wp\/v2\/media?parent=3211"}],"curies":[{"name":"wp","href":"https:\/\/api.w.org\/{rel}","templated":true}]}}