{"id":3488,"date":"2016-07-28T15:00:48","date_gmt":"2016-07-28T13:00:48","guid":{"rendered":"https:\/\/fud.ujep.cz\/studijni-obory\/"},"modified":"2026-03-08T22:12:56","modified_gmt":"2026-03-08T20:12:56","slug":"degree-courses","status":"publish","type":"page","link":"https:\/\/fud.ujep.cz\/en\/study\/degree-courses\/","title":{"rendered":"Degree Courses"},"content":{"rendered":"<div id=\"pl-3488\"  class=\"panel-layout\" ><div id=\"pg-3488-0\"  class=\"panel-grid panel-no-style\" ><div id=\"pgc-3488-0-0\"  class=\"panel-grid-cell\" ><div id=\"panel-3488-0-0-0\" class=\"so-panel widget widget_sow-editor panel-first-child panel-last-child sow-widget-layout-default\" data-index=\"0\" ><div\n\t\t\t\n\t\t\tclass=\"so-widget-sow-editor so-widget-sow-editor-base\"\n\t\t\t\n\t\t><h2 class=\"widget-title text-default\">Fine Art<\/h2>\n<div class=\"siteorigin-widget-tinymce textwidget\">\n\t<p>Bachelor's degree program, Master's degree program<\/p>\n<p><strong>Department of Fine Art<\/strong><\/p>\n<ul>\n<li><a href=\"https:\/\/fud.ujep.cz\/en\/departments\/applied-photography\/\" rel=\"noopener\">Applied and Advertising Photography<\/a><\/li>\n<li><a href=\"https:\/\/fud.ujep.cz\/en\/departments\/photography\/\" rel=\"noopener\">Photography<\/a><\/li>\n<li class=\"p1\"><a href=\"https:\/\/fud.ujep.cz\/en\/departments\/digital-media\/\" rel=\"noopener\">Digital Media<\/a><\/li>\n<li class=\"p1\"><a href=\"https:\/\/fud.ujep.cz\/en\/departments\/interactive-media\/\" rel=\"noopener\">Interactive Media<\/a><\/li>\n<li class=\"p1\"><a href=\"https:\/\/fud.ujep.cz\/en\/departments\/performance\/\" rel=\"noopener\">Object - Space - Action<\/a><\/li>\n<li class=\"p1\"><a href=\"https:\/\/fud.ujep.cz\/en\/departments\/time-based-media\/\" rel=\"noopener\">Time-Based Media<\/a><\/li>\n<\/ul>\n<\/div>\n<\/div><\/div><\/div><div id=\"pgc-3488-0-1\"  class=\"panel-grid-cell\" ><div id=\"panel-3488-0-1-0\" class=\"so-panel widget widget_sow-editor panel-first-child panel-last-child sow-widget-layout-default\" data-index=\"1\" ><div\n\t\t\t\n\t\t\tclass=\"so-widget-sow-editor so-widget-sow-editor-base\"\n\t\t\t\n\t\t><h2 class=\"widget-title text-default\">Design - Specialization design<\/h2>\n<div class=\"siteorigin-widget-tinymce textwidget\">\n\t<p>Bachelor's degree program, Master's degree program<br \/>\n<em><sub>(For the follow-up Master's degree program, the Design study program is not divided into specializations, as it is the case with the Bachelor's degree program.)<\/sub><\/em><\/p>\n<p><strong>Department of Design<\/strong><\/p>\n<ul>\n<li><a href=\"https:\/\/fud.ujep.cz\/en\/departments\/interior-design\/\" rel=\"noopener\">Interior Design<\/a><\/li>\n<li><a href=\"https:\/\/fud.ujep.cz\/en\/departments\/ceramic-design\/\" rel=\"noopener\">Ceramics<\/a><\/li>\n<li><a href=\"https:\/\/fud.ujep.cz\/en\/departments\/product-design\/\" rel=\"noopener\">Product Design<\/a><\/li>\n<li><a href=\"https:\/\/fud.ujep.cz\/en\/departments\/fashion-and-textile-design\/\"rel=\"noopener\">Fashion and Textile Design<\/a><\/li>\n<li><a href=\"https:\/\/fud.ujep.cz\/en\/departments\/natural-materials\/\" rel=\"noopener\">Natural Materials<\/a><\/li>\n<li><a href=\"https:\/\/fud.ujep.cz\/en\/departments\/glass\/\" rel=\"noopener\">Glass<\/a><\/li>\n<\/ul>\n<\/div>\n<\/div><\/div><\/div><div id=\"pgc-3488-0-2\"  class=\"panel-grid-cell\" ><div id=\"panel-3488-0-2-0\" class=\"so-panel widget widget_sow-editor panel-first-child panel-last-child sow-widget-layout-default\" data-index=\"2\" ><div\n\t\t\t\n\t\t\tclass=\"so-widget-sow-editor so-widget-sow-editor-base\"\n\t\t\t\n\t\t><h2 class=\"widget-title text-default\">Design - Specialization in Graphic Design<\/h2>\n<div class=\"siteorigin-widget-tinymce textwidget\">\n\t<p>Bachelor's degree program, Master's degree program<br \/>\n<em><sub>(For the follow-up Master's degree program, the Design study program is not divided into specializations, as it is the case with the Bachelor's degree program.)<\/sub><\/em><\/p>\n<p><strong>Department of Visual Communication<\/strong><\/p>\n<ul>\n<li><a href=\"https:\/\/fud.ujep.cz\/en\/departments\/graphic-design-i\/\" rel=\"noopener\">Graphic Design I<\/a><\/li>\n<li><a href=\"https:\/\/fud.ujep.cz\/en\/departments\/graphic-design-ii\/\" rel=\"noopener\">Graphic Design II<\/a><\/li>\n<li><a href=\"https:\/\/fud.ujep.cz\/en\/departments\/visual-design\/\" rel=\"noopener\">Visual Design<\/a><\/li>\n<\/ul>\n<\/div>\n<\/div><\/div><\/div><\/div><div id=\"pg-3488-1\"  class=\"panel-grid panel-no-style\" ><div id=\"pgc-3488-1-0\"  class=\"panel-grid-cell\" ><div id=\"panel-3488-1-0-0\" class=\"so-panel widget widget_sow-editor panel-first-child panel-last-child sow-widget-layout-default\" data-index=\"3\" ><div\n\t\t\t\n\t\t\tclass=\"so-widget-sow-editor so-widget-sow-editor-base\"\n\t\t\t\n\t\t><h2 class=\"widget-title text-default\">Curatorial Studies<\/h2>\n<div class=\"siteorigin-widget-tinymce textwidget\">\n\t<p>Master's degree program<\/p>\n<p><strong>Department of History and Theory of Arts<\/strong><\/p>\n<ul>\n<li><a href=\"https:\/\/fud.ujep.cz\/en\/curatorial-studies\/\" rel=\"noopener\">Curatorial Studies<\/a><\/li>\n<\/ul>\n<\/div>\n<\/div><\/div><\/div><div id=\"pgc-3488-1-1\"  class=\"panel-grid-cell\" ><div id=\"panel-3488-1-1-0\" class=\"so-panel widget widget_sow-editor panel-first-child panel-last-child sow-widget-layout-default\" data-index=\"4\" ><div\n\t\t\t\n\t\t\tclass=\"so-widget-sow-editor so-widget-sow-editor-base\"\n\t\t\t\n\t\t><h2 class=\"widget-title text-default\">Fine Art<\/h2>\n<div class=\"siteorigin-widget-tinymce textwidget\">\n\t<p>Master's degree program in English language<\/p>\n<p><strong>Department of Fine Art<\/strong><\/p>\n<ul>\n<li><a href=\"https:\/\/fud.ujep.cz\/en\/departments\/fine-art\/\" rel=\"noopener\">Fine Art<\/a><\/li>\n<\/ul>\n<\/div>\n<\/div><\/div><\/div><div id=\"pgc-3488-1-2\"  class=\"panel-grid-cell\" ><div id=\"panel-3488-1-2-0\" class=\"so-panel widget widget_sow-editor panel-first-child panel-last-child sow-widget-layout-default\" data-index=\"5\" ><div\n\t\t\t\n\t\t\tclass=\"so-widget-sow-editor so-widget-sow-editor-base\"\n\t\t\t\n\t\t><h2 class=\"widget-title text-default\">Visual Communication<\/h2>\n<div class=\"siteorigin-widget-tinymce textwidget\">\n\t<p>Docotral study program<\/p>\n<ul>\n<li><a href=\"https:\/\/fud.ujep.cz\/en\/study\/doctoral-studies\/\" rel=\"noopener\">Doctoral study<\/a><\/li>\n<li>Habilitation and academic appointment procedures<\/li>\n<\/ul>\n<\/div>\n<\/div><\/div><\/div><\/div><div id=\"pg-3488-2\"  class=\"panel-grid panel-no-style\" ><div id=\"pgc-3488-2-0\"  class=\"panel-grid-cell panel-grid-cell-empty\" ><\/div><\/div><div id=\"pg-3488-3\"  class=\"panel-grid panel-no-style\" ><div id=\"pgc-3488-3-0\"  class=\"panel-grid-cell\" ><div id=\"panel-3488-3-0-0\" class=\"so-panel widget widget_sow-editor panel-first-child panel-last-child\" data-index=\"6\" ><div\n\t\t\t\n\t\t\tclass=\"so-widget-sow-editor so-widget-sow-editor-base\"\n\t\t\t\n\t\t><h3 class=\"widget-title text-\">Accredited Study Programs<\/h3>\n<div class=\"siteorigin-widget-tinymce textwidget\">\n\t<p><strong>Study programs accredited by the National Accreditation Authority<\/strong><\/p>\n<table style=\"width: 100%; height: 568px;\">\n<tbody>\n<tr style=\"height: 144px;\">\n<th style=\"width: 17.6563%; height: 144px;\" scope=\"col\">Study program code<\/th>\n<th style=\"width: 17.6563%; height: 144px;\" scope=\"col\">Study program name<br \/>\n(field supervisor)<\/th>\n<th style=\"width: 33.9062%; height: 144px;\" colspan=\"4\" scope=\"col\">Standard duration of study in academic years\/ form of study<br \/>\n<strong>(F - full-time<\/strong><br \/>\n<strong>P- part-time)<\/strong><\/th>\n<th style=\"width: 15.6251%; height: 144px;\">Accreditation decision dated:<\/th>\n<th style=\"width: 14.8438%; height: 144px;\" scope=\"col\">Validity of accreditation according to amendments to the law until:<\/th>\n<\/tr>\n<tr style=\"height: 24px;\">\n<th style=\"width: 17.6563%; height: 24px;\" scope=\"col\">&nbsp;<\/th>\n<th style=\"width: 17.6563%; height: 24px;\" scope=\"col\">&nbsp;<\/th>\n<th style=\"width: 8.59375%; height: 24px;\" scope=\"col\"><strong>BcA.<\/strong><\/th>\n<th style=\"width: 9.0625%; height: 24px;\" scope=\"col\"><strong>MgA.<\/strong><\/th>\n<th style=\"width: 9.375%; height: 24px;\" scope=\"col\"><strong>Ph.D.<\/strong><\/th>\n<th style=\"width: 6.875%; height: 24px;\" scope=\"col\"><strong>FS<\/strong><\/th>\n<th style=\"width: 15.6251%; height: 24px;\">&nbsp;<\/th>\n<th style=\"width: 14.8438%; height: 24px;\" scope=\"col\">&nbsp;<\/th>\n<\/tr>\n<tr>\n<td style=\"width: 17.6563%;\">B0211P310014<\/td>\n<td style=\"width: 17.6563%;\"><strong>Professional Practices in the Cultural and Creative Industries <\/strong>(MgA. Ad\u00e9la Machov\u00e1, Ph.D.)<\/td>\n<td style=\"width: 8.59375%;\">3<\/td>\n<td style=\"width: 9.0625%;\">&nbsp;<\/td>\n<td style=\"width: 9.375%;\">&nbsp;<\/td>\n<td style=\"width: 6.875%;\">P<\/td>\n<td style=\"width: 15.6251%;\"><small>12.&nbsp;9.&nbsp;2024<\/small><\/td>\n<td style=\"width: 14.8438%;\"><small>12.&nbsp;10.&nbsp;2034<\/small><\/td>\n<\/tr>\n<tr style=\"height: 40px;\">\n<td style=\"width: 17.6563%; height: 40px;\">B0213A310012<\/td>\n<td style=\"width: 17.6563%; height: 40px;\"><strong>Fine Art<br \/>\n<\/strong>(doc. Mgr. Michaela Thelenov\u00e1)<\/td>\n<td style=\"width: 8.59375%; height: 40px;\">4<\/td>\n<td style=\"width: 9.0625%; height: 40px;\">&nbsp;<\/td>\n<td style=\"width: 9.375%; height: 40px;\">&nbsp;<\/td>\n<td style=\"width: 6.875%; height: 40px;\">F<\/td>\n<td style=\"width: 15.6251%; height: 40px;\"><small>24.&nbsp;11.&nbsp;2020<\/small><\/td>\n<td style=\"width: 14.8438%; height: 40px;\"><small>11.&nbsp;12.&nbsp;2030<\/small><\/td>\n<\/tr>\n<tr style=\"height: 80px;\">\n<td style=\"width: 17.6563%; height: 80px;\">B0212A310007<\/td>\n<td style=\"width: 17.6563%; height: 80px;\"><strong>Design<br \/>\n<\/strong>se specializac\u00ed Design a&nbsp;specializac\u00ed Grafick\u00fd design<strong><br \/>\n<\/strong>(doc. MgA. Anton\u00edn Tom\u00e1\u0161ek)<\/td>\n<td style=\"width: 8.59375%; height: 80px;\">4<\/td>\n<td style=\"width: 9.0625%; height: 80px;\">&nbsp;<\/td>\n<td style=\"width: 9.375%; height: 80px;\">&nbsp;<\/td>\n<td style=\"width: 6.875%; height: 80px;\">F<\/td>\n<td style=\"width: 15.6251%; height: 80px;\"><small>24.&nbsp;11.&nbsp;2020<\/small><\/td>\n<td style=\"width: 14.8438%; height: 80px;\"><small>11.&nbsp;12.&nbsp;2030<\/small><\/td>\n<\/tr>\n<tr style=\"height: 72px;\">\n<td style=\"width: 17.6563%; height: 72px;\">N0213A310001<\/td>\n<td style=\"width: 17.6563%; height: 72px;\"><strong>Fine Art<br \/>\n<\/strong>(doc. Mgr. Michaela Thelenov\u00e1)<strong><br \/>\n<\/strong><\/td>\n<td style=\"width: 8.59375%; height: 72px;\">&nbsp;<\/td>\n<td style=\"width: 9.0625%; height: 72px;\">2<\/td>\n<td style=\"width: 9.375%; height: 72px;\">&nbsp;<\/td>\n<td style=\"width: 6.875%; height: 72px;\">F<\/td>\n<td style=\"width: 15.6251%; height: 72px;\"><small>17.&nbsp;10.&nbsp;2018<\/small><\/td>\n<td style=\"width: 14.8438%; height: 72px;\"><small>30.&nbsp;11.&nbsp;2028<\/small><\/td>\n<\/tr>\n<tr style=\"height: 48px;\">\n<td style=\"width: 17.6563%; height: 48px;\">N0212A310004<\/td>\n<td style=\"width: 17.6563%; height: 48px;\"><strong>Design<br \/>\n<\/strong>(doc. MgA. Anton\u00edn Tom\u00e1\u0161ek)<\/td>\n<td style=\"width: 8.59375%; height: 48px;\">&nbsp;<\/td>\n<td style=\"width: 9.0625%; height: 48px;\">2<\/td>\n<td style=\"width: 9.375%; height: 48px;\">&nbsp;<\/td>\n<td style=\"width: 6.875%; height: 48px;\">F<\/td>\n<td style=\"width: 15.6251%; height: 48px;\"><small>17.&nbsp;10.&nbsp;2018<\/small><\/td>\n<td style=\"width: 14.8438%; height: 48px;\"><small>30.&nbsp;11.&nbsp;2028<\/small><\/td>\n<\/tr>\n<tr style=\"height: 72px;\">\n<td style=\"width: 17.6563%; height: 72px;\">N0213A310002<\/td>\n<td style=\"width: 17.6563%; height: 72px;\"><strong>Fine Art (in English)<br \/>\n<\/strong>(prof. Mgr. Zdena Kole\u010dkov\u00e1, Ph.D.)<strong><br \/>\n<\/strong><\/td>\n<td style=\"width: 8.59375%; height: 72px;\">&nbsp;<\/td>\n<td style=\"width: 9.0625%; height: 72px;\">2<\/td>\n<td style=\"width: 9.375%; height: 72px;\">&nbsp;<\/td>\n<td style=\"width: 6.875%; height: 72px;\">F<\/td>\n<td style=\"width: 15.6251%; height: 72px;\"><small>17.&nbsp;10.&nbsp;2018<\/small><\/td>\n<td style=\"width: 14.8438%; height: 72px;\"><small>30.&nbsp;11.&nbsp;2028<\/small><\/td>\n<\/tr>\n<tr>\n<td style=\"width: 17.6563%;\">N0213A310017<\/td>\n<td style=\"width: 17.6563%;\"><strong>Curatorial Studies<br \/>\n<\/strong>(prof. Mgr. Michal Kole\u010dek, Ph.D.)<\/td>\n<td style=\"width: 8.59375%;\">&nbsp;<\/td>\n<td style=\"width: 9.0625%;\">2<\/td>\n<td style=\"width: 9.375%;\">&nbsp;<\/td>\n<td style=\"width: 6.875%;\">F<\/td>\n<td style=\"width: 15.6251%;\"><small>2.&nbsp;3.&nbsp;2023<\/small><\/td>\n<td style=\"width: 14.8438%;\"><small>19.&nbsp;3.&nbsp;2033<\/small><\/td>\n<\/tr>\n<tr style=\"height: 88px;\">\n<td style=\"width: 17.6563%; height: 88px;\">P0213D310001<\/td>\n<td style=\"width: 17.6563%; height: 88px;\"><strong>Visual Communication<br \/>\n<\/strong>(prof. Mgr. Michal Kole\u010dek, Ph.D.)<\/td>\n<td style=\"width: 8.59375%; height: 88px;\">&nbsp;<\/td>\n<td style=\"width: 9.0625%; height: 88px;\">&nbsp;<\/td>\n<td style=\"width: 9.375%; height: 88px;\">4<\/td>\n<td style=\"width: 6.875%; height: 88px;\">F<\/p>\n<p>P<\/p>\n<\/td>\n<td style=\"width: 15.6251%; height: 88px;\"><small>&nbsp;27.&nbsp;8.&nbsp;2020<\/small><\/td>\n<td style=\"width: 14.8438%; height: 88px;\"><small>15.&nbsp;9.&nbsp;2030<\/small><\/td>\n<\/tr>\n<\/tbody>\n<\/table>\n<p>&nbsp;<\/p>\n<p><b>Accessibility of education for disabled individuals (applies to all programs)<\/b><\/p>\n<table style=\"width: 51.6414%; height: 79px;\">\n<tbody>\n<tr>\n<td style=\"width: 4.79679%;\"><img loading=\"lazy\" decoding=\"async\" class=\"wp-image-723 size-full aligncenter\" src=\"https:\/\/fud.ujep.cz\/wp-content\/uploads\/2016\/10\/handicap-wheelchair-e1481904295796.png\" alt=\"handicap-wheelchair\" width=\"24\" height=\"27\"\/><\/td>\n<td style=\"width: 94.0374%;\">&nbsp;All programs are accessible\/available to students without upper limb disabilities.<\/td>\n<\/tr>\n<tr>\n<td style=\"width: 4.79679%;\"><img loading=\"lazy\" decoding=\"async\" class=\"size-full wp-image-722 aligncenter\" src=\"https:\/\/fud.ujep.cz\/wp-content\/uploads\/2016\/10\/handicap-deaf-e1481904342689.png\" alt=\"handicap-deaf\" width=\"24\" height=\"25\"\/><\/td>\n<td style=\"width: 94.0374%;\">&nbsp;All programs are accessible\/available to students with mild hearing loss.<\/td>\n<\/tr>\n<\/tbody>\n<\/table>\n<\/div>\n<\/div><\/div><\/div><\/div><\/div>","protected":false},"excerpt":{"rendered":"<p>Bachelor&#8217;s&nbsp;degree program, Master&#8217;s&nbsp;degree program Department of Fine Art Applied and Advertising Photography Photography Digital Media Interactive Media Object &#8211; Space &#8211; Action Time-Based Media Bachelor&#8217;s&nbsp;degree program, Master&#8217;s&nbsp;degree program (For the follow-up Master&#8217;s&nbsp;degree program, the Design study program is not divided into specializations, as it is the case with the Bachelor&#8217;s&nbsp;[&hellip;]<\/p>\n","protected":false},"author":1,"featured_media":0,"parent":3490,"menu_order":0,"comment_status":"closed","ping_status":"closed","template":"","meta":{"_acf_changed":false,"ngg_post_thumbnail":0,"footnotes":""},"class_list":["post-3488","page","type-page","status-publish","hentry"],"acf":[],"_links":{"self":[{"href":"https:\/\/fud.ujep.cz\/en\/wp-json\/wp\/v2\/pages\/3488","targetHints":{"allow":["GET"]}}],"collection":[{"href":"https:\/\/fud.ujep.cz\/en\/wp-json\/wp\/v2\/pages"}],"about":[{"href":"https:\/\/fud.ujep.cz\/en\/wp-json\/wp\/v2\/types\/page"}],"author":[{"embeddable":true,"href":"https:\/\/fud.ujep.cz\/en\/wp-json\/wp\/v2\/users\/1"}],"replies":[{"embeddable":true,"href":"https:\/\/fud.ujep.cz\/en\/wp-json\/wp\/v2\/comments?post=3488"}],"version-history":[{"count":2,"href":"https:\/\/fud.ujep.cz\/en\/wp-json\/wp\/v2\/pages\/3488\/revisions"}],"predecessor-version":[{"id":84595,"href":"https:\/\/fud.ujep.cz\/en\/wp-json\/wp\/v2\/pages\/3488\/revisions\/84595"}],"up":[{"embeddable":true,"href":"https:\/\/fud.ujep.cz\/en\/wp-json\/wp\/v2\/pages\/3490"}],"wp:attachment":[{"href":"https:\/\/fud.ujep.cz\/en\/wp-json\/wp\/v2\/media?parent=3488"}],"curies":[{"name":"wp","href":"https:\/\/api.w.org\/{rel}","templated":true}]}}