{"id":3542,"date":"2016-07-28T14:56:47","date_gmt":"2016-07-28T12:56:47","guid":{"rendered":"https:\/\/fud.ujep.cz\/creative-work\/edice-fud\/"},"modified":"2025-03-24T16:14:41","modified_gmt":"2025-03-24T14:14:41","slug":"book-edition","status":"publish","type":"page","link":"https:\/\/fud.ujep.cz\/en\/activities\/book-edition\/","title":{"rendered":"FUD Edition"},"content":{"rendered":"<div id=\"pl-3542\"  class=\"panel-layout\" ><div id=\"pg-3542-0\"  class=\"panel-grid panel-no-style\" ><div id=\"pgc-3542-0-0\"  class=\"panel-grid-cell\" ><div id=\"panel-3542-0-0-0\" class=\"so-panel widget widget_sow-editor panel-first-child panel-last-child\" data-index=\"0\" ><div\n\t\t\t\n\t\t\tclass=\"so-widget-sow-editor so-widget-sow-editor-base\"\n\t\t\t\n\t\t><h3 class=\"widget-title text-\">About Publisher<\/h3>\n<div class=\"siteorigin-widget-tinymce textwidget\">\n\t<p><strong>Faculty of Art and Design at Jan Evangelista Purkyn\u011b University in \u00dast\u00ed nad Labem (FUD UJEP) supports production of books representing scientific, artistic and creative work of the academic community. Published professional and textbooks are in field of history and theory of art, curatorial studies, visual, graphic and product design, photography and digital media. Exhibition catalogues and monographs of artists and theorists based on FUD UJEP are here produced.<\/strong><\/p>\n<h4><img loading=\"lazy\" decoding=\"async\" class=\"wp-image-64141 alignnone\" style=\"font-weight: 400;\" src=\"https:\/\/fud.ujep.cz\/wp-content\/uploads\/2023\/03\/logo-fud-na-web.png\" alt=\"\" width=\"86\" height=\"53\"\/><\/h4>\n<h4>Address<\/h4>\n<p>Edice FUD<br \/>\nFakulta um\u011bn\u00ed a&nbsp;designu<br \/>\nUniverzita J. E. Purkyn\u011b v&nbsp;\u00dast\u00ed nad Labem<br \/>\nPasteurova 9<br \/>\n400&nbsp;96 \u00dast\u00ed nad Labem<br \/>\nCzech Republic<\/p>\n<h4><strong>Contact<\/strong><\/h4>\n<p>Kl\u00e1ra Mrkusov\u00e1<br \/>\neditor<br \/>\nW:&nbsp;<a href=\"https:\/\/www.fud.ujep.cz\/edice-fud\" target=\"_blank\" rel=\"noopener\">www.fud.ujep.cz\/edice-fud<\/a><br \/>\nE: <a href=\"javascript:secureDecryptAndNavigate('4zw5AEJvlWD4SZ0h82K8K2raIZg+z2YKFq8mQTyHOKfJxbDHl00Gqy35PKbIOF5wg9Jt\/z0ZPhcr9mckCKTjPfnCnHFPdZuxBnOhfms=', 'b293a2f138d82a62e33b3a09a6fcc7436affed84659eac839d3cc63cd4e0753f')\" target=\"_blank\" rel=\"noopener\">&#107;&#108;&#97;ra&#46;m&#114;k&#117;&#115;o&#118;&#97;&#64;uj&#101;&#112;&#46;c&#122;<\/a><br \/>\nFB: <a href=\"https:\/\/www.facebook.com\/edice.fud.ujep\/?fref=ts\" target=\"_blank\" rel=\"noopener\">Edice FUD&nbsp;\/ nakladatel FUD UJEP<\/a><br \/>\nT: +420&nbsp;475&nbsp;285&nbsp;187<br \/>\nG: +420&nbsp;720&nbsp;695&nbsp;790<\/p>\n<h4>Publishing Board<\/h4>\n<p><strong>Chairman<\/strong><br \/>\n<a href=\"https:\/\/fud.ujep.cz\/en\/lide\/michal-kolecek\/\" target=\"_blank\" rel=\"noopener\">prof. Mgr. Michal Kole\u010dek, Ph.D. <\/a>\/ Vice-Dean for Science, Research and Creative Work<br \/>\n<strong>Members<\/strong><br \/>\n<a href=\"https:\/\/fud.ujep.cz\/lide\/michal-kolecek\/\">prof. Mgr. Michal Kole\u010dek, Ph.D.<\/a> \/ Vice-Dean for Science, Research and Creative Work<br \/>\n<a href=\"https:\/\/fud.ujep.cz\/lide\/jan-c-lobl\/\">MgA. Jan C. L\u00f6bl, Ph.D.<\/a> \/ Head of Department of Design<br \/>\n<a href=\"https:\/\/fud.ujep.cz\/lide\/zdenek-svejkovsky\/\">MgA. Zden\u011bk Svejkovsk\u00fd<\/a> \/ Head of Department of Fine Arts<br \/>\n<a href=\"https:\/\/fud.ujep.cz\/lide\/michaela-labudova\/\">MgA. Michaela Labudov\u00e1, Ph.D.<\/a> \/ Head of Department of Visual Communication<br \/>\n<a href=\"https:\/\/fud.ujep.cz\/lide\/adela-machova\/\">MgA. Ad\u00e9la Machov\u00e1, Ph.D.<\/a> \/ Head of Department of History and Theory of Arts<br \/>\n<a title=\"MgA.&nbsp;Lenka Kahuda Kloko\u010dkov\u00e1,&nbsp;MA, Ph.D.\" href=\"https:\/\/fud.ujep.cz\/en\/lide\/lenka-kahuda-klokockova\/\">MgA. Lenka Kahuda Kloko\u010dkov\u00e1, MA, Ph.D. <\/a>\/ Head of Department of Art Practice<\/p>\n<p>&nbsp;<\/p>\n<\/div>\n<\/div><\/div><\/div><div id=\"pgc-3542-0-1\"  class=\"panel-grid-cell\" ><div id=\"panel-3542-0-1-0\" class=\"so-panel widget widget_sow-editor panel-first-child panel-last-child\" data-index=\"1\" ><div\n\t\t\t\n\t\t\tclass=\"so-widget-sow-editor so-widget-sow-editor-base\"\n\t\t\t\n\t\t><h3 class=\"widget-title text-\">Our Books<\/h3>\n<div class=\"siteorigin-widget-tinymce textwidget\">\n\tngg_shortcode_0_placeholder\n<h4><strong>Our books are available through these bookstores<\/strong><\/h4>\n<p>&nbsp;<\/p>\n<ul>\n<li><a href=\"https:\/\/knihkupectvi.ujep.cz\/?route=common\/home\" target=\"_blank\" rel=\"noopener\">University Bookstore<\/a><\/li>\n<li><a href=\"https:\/\/duul.cz\/en\/\" target=\"_blank\" rel=\"noopener\">\u00dast\u00ed nad Labem House of Arts&nbsp;<\/a><\/li>\n<li><a href=\"https:\/\/www.kosmas.cz\/\" target=\"_blank\" rel=\"noopener\">Bookstore KOSMAS.CZ<\/a><\/li>\n<li><a href=\"https:\/\/bookstore.artmap.cz\/cs\/\" target=\"_blank\" rel=\"noopener\">ArtMap Bookstore<\/a><\/li>\n<li><a href=\"https:\/\/gask.cz\/obchod\/\" target=\"_blank\" rel=\"noopener\">GASK \u2013 the Gallery of the Central Bohemian Region<\/a><\/li>\n<li><a href=\"https:\/\/www.pagefive.com\/\" target=\"_blank\" rel=\"noopener\">PageFive Bookstore<\/a>\n<p>You can also find our books on variety of festivals, presentations, exhibitions and galleries.<\/p>\n<\/li>\n<\/ul>\n<\/div>\n<\/div><\/div><\/div><\/div><div id=\"pg-3542-1\"  class=\"panel-grid panel-no-style\" ><div id=\"pgc-3542-1-0\"  class=\"panel-grid-cell panel-grid-cell-empty panel-grid-cell-mobile-last\" ><\/div><div id=\"pgc-3542-1-1\"  class=\"panel-grid-cell panel-grid-cell-empty\" ><\/div><\/div><div id=\"pg-3542-2\"  class=\"panel-grid panel-no-style\" ><div id=\"pgc-3542-2-0\"  class=\"panel-grid-cell\" ><div id=\"panel-3542-2-0-0\" class=\"so-panel widget widget_sow-editor panel-first-child panel-last-child\" data-index=\"2\" ><div\n\t\t\t\n\t\t\tclass=\"so-widget-sow-editor so-widget-sow-editor-base\"\n\t\t\t\n\t\t><h3 class=\"widget-title text-\">Catalogs and Monographs<\/h3>\n<div class=\"siteorigin-widget-tinymce textwidget\">\n\t<p>Please see more of our books in <a href=\"https:\/\/fud.ujep.cz\/tvurci-cinnost\/edice-fud\/\">Czech language page<\/a><\/p>\n<\/div>\n<\/div><\/div><\/div><\/div><\/div>","protected":false},"excerpt":{"rendered":"<p>Faculty of Art and Design at Jan Evangelista Purkyn\u011b University in \u00dast\u00ed nad Labem (FUD UJEP) supports production of books representing scientific, artistic and creative work of the academic community. Published professional and textbooks are in field of history and theory of art, curatorial studies, visual, graphic and product design, photography and digital media. Exhibition [&hellip;]<\/p>\n","protected":false},"author":1,"featured_media":0,"parent":3219,"menu_order":0,"comment_status":"closed","ping_status":"closed","template":"","meta":{"_acf_changed":false,"ngg_post_thumbnail":0,"footnotes":""},"class_list":["post-3542","page","type-page","status-publish","hentry"],"acf":[],"_links":{"self":[{"href":"https:\/\/fud.ujep.cz\/en\/wp-json\/wp\/v2\/pages\/3542","targetHints":{"allow":["GET"]}}],"collection":[{"href":"https:\/\/fud.ujep.cz\/en\/wp-json\/wp\/v2\/pages"}],"about":[{"href":"https:\/\/fud.ujep.cz\/en\/wp-json\/wp\/v2\/types\/page"}],"author":[{"embeddable":true,"href":"https:\/\/fud.ujep.cz\/en\/wp-json\/wp\/v2\/users\/1"}],"replies":[{"embeddable":true,"href":"https:\/\/fud.ujep.cz\/en\/wp-json\/wp\/v2\/comments?post=3542"}],"version-history":[{"count":0,"href":"https:\/\/fud.ujep.cz\/en\/wp-json\/wp\/v2\/pages\/3542\/revisions"}],"up":[{"embeddable":true,"href":"https:\/\/fud.ujep.cz\/en\/wp-json\/wp\/v2\/pages\/3219"}],"wp:attachment":[{"href":"https:\/\/fud.ujep.cz\/en\/wp-json\/wp\/v2\/media?parent=3542"}],"curies":[{"name":"wp","href":"https:\/\/api.w.org\/{rel}","templated":true}]}}