{"id":3679,"date":"2016-07-28T15:00:40","date_gmt":"2016-07-28T13:00:40","guid":{"rendered":"https:\/\/fud.ujep.cz\/study\/rozvrh\/"},"modified":"2025-12-11T12:24:25","modified_gmt":"2025-12-11T10:24:25","slug":"timetable","status":"publish","type":"page","link":"https:\/\/fud.ujep.cz\/en\/study\/timetable\/","title":{"rendered":"Timetable"},"content":{"rendered":"<div id=\"pl-3679\"  class=\"panel-layout\" ><div id=\"pg-3679-0\"  class=\"panel-grid panel-no-style\" ><div id=\"pgc-3679-0-0\"  class=\"panel-grid-cell\" ><div id=\"panel-3679-0-0-0\" class=\"so-panel widget widget_sow-editor panel-first-child panel-last-child\" data-index=\"0\" ><div\n\t\t\t\n\t\t\tclass=\"so-widget-sow-editor so-widget-sow-editor-base\"\n\t\t\t\n\t\t><h3 class=\"widget-title text-\">Bachelor degree - winter semester 2025\/2026<\/h3>\n<div class=\"siteorigin-widget-tinymce textwidget\">\n\t<ul style=\"list-style-type: square;\">\n<li><a href=\"https:\/\/fud.ujep.cz\/wp-content\/uploads\/2025\/10\/fin-rozvrh-bca-1roc-zs2526-2-2.pdf\" target=\"_blank\" rel=\"noopener\">Bachelor degree, Year 1<\/a><\/li>\n<li><a href=\"https:\/\/fud.ujep.cz\/wp-content\/uploads\/2025\/10\/fin-rozvrh-bca-1-produkce-pro-kko-zs-2025-26-1.pdf\">Bachelor degree, Year 1 - Production for cultural and creative industries<\/a><\/li>\n<li><a href=\"https:\/\/fud.ujep.cz\/wp-content\/uploads\/2025\/10\/fin-rozvrh-bca-2roc-zs2526-3.pdf\" target=\"_blank\" rel=\"noopener\">Bachelor degree, Year 2<\/a><\/li>\n<li><a href=\"https:\/\/fud.ujep.cz\/wp-content\/uploads\/2025\/10\/fin-rozvrh-bca-3roc-zs2526-4.pdf\" target=\"_blank\" rel=\"noopener\">Bachelor degree, Year 3<\/a><\/li>\n<li><a href=\"https:\/\/fud.ujep.cz\/wp-content\/uploads\/2025\/10\/fin-rozvrh-bca-4roc-zs-2526-1.pdf\" target=\"_blank\" rel=\"noopener\">Bachelor degree, Year 4<\/a><\/li>\n<li>For all years, \u010celem k&nbsp;um\u011bn\u00ed \"Facing towards Art\" - guest lecturers of FUD UJEP (organized by prof. Mgr. Michal Kole\u010dek, Ph.D.) <strong><br \/>\n<\/strong><\/li>\n<li><strong>CONSULTATIONS IN THE STUDIOS TAKE PLACE EVERY WEDNESDAY (THE TIME FRAME FOR CONSULTATIONS IS DETERMINED BY THE HEADS OF INDIVIDUAL STUDIOS).<\/strong>&nbsp;<\/li>\n<li>There may still be minor changes in the schedule.<\/li>\n<\/ul>\n<p>&nbsp;<\/p>\n<p>&nbsp;<\/p>\n<\/div>\n<\/div><\/div><\/div><div id=\"pgc-3679-0-1\"  class=\"panel-grid-cell\" ><div id=\"panel-3679-0-1-0\" class=\"so-panel widget widget_sow-editor panel-first-child panel-last-child\" data-index=\"1\" ><div\n\t\t\t\n\t\t\tclass=\"so-widget-sow-editor so-widget-sow-editor-base\"\n\t\t\t\n\t\t><h3 class=\"widget-title text-\">Master Degree - winter semester 2025\/2026<\/h3>\n<div class=\"siteorigin-widget-tinymce textwidget\">\n\t<ul>\n<li><a href=\"https:\/\/fud.ujep.cz\/wp-content\/uploads\/2025\/10\/fin-rozvrh-mga-1roc-zs2526-1.pdf\" target=\"_blank\" rel=\"noopener\">Master degree, Year 1<\/a><\/li>\n<li><a href=\"https:\/\/fud.ujep.cz\/wp-content\/uploads\/2025\/09\/fin-rozvrh-mga-2roc-zimni2526-1.pdf\" target=\"_blank\" rel=\"noopener\">Master degree, Year 2<\/a><\/li>\n<li><a href=\"https:\/\/fud.ujep.cz\/wp-content\/uploads\/2025\/10\/fin-rozvrh-mga-kuratorska-zs2526-1.pdf\" target=\"_blank\" rel=\"noopener\">Master degree \u2013 Curatorial Studies, Year 1 and 2<\/a><\/li>\n<li><a href=\"https:\/\/fud.ujep.cz\/wp-content\/uploads\/2025\/10\/fin-rozvrh-mga-fine-art-photo-zs2526.pdf\" target=\"_blank\" rel=\"noopener\">Master degree \u2013 Fine Art-Photography, Year 1 and 2<\/a><\/li>\n<li>For all years, \u010celem k&nbsp;um\u011bn\u00ed \"Facing towards Art\" - guest lecturers of FUD UJEP (organized by prof. Mgr. Michal Kole\u010dek, Ph.D.)<\/li>\n<li><strong>CONSULTATIONS IN THE STUDIOS TAKE PLACE EVERY WEDNESDAY (THE TIME FRAME FOR CONSULTATIONS IS DETERMINED BY THE HEADS OF INDIVIDUAL STUDIOS).<\/strong><\/li>\n<li>There may still be minor changes in the schedule.<\/li>\n<\/ul>\n<p>&nbsp;<\/p>\n<\/div>\n<\/div><\/div><\/div><\/div><div id=\"pg-3679-1\"  class=\"panel-grid panel-no-style\" ><div id=\"pgc-3679-1-0\"  class=\"panel-grid-cell\" ><div id=\"panel-3679-1-0-0\" class=\"so-panel widget widget_sow-editor panel-first-child panel-last-child\" data-index=\"2\" ><div\n\t\t\t\n\t\t\tclass=\"so-widget-sow-editor so-widget-sow-editor-base\"\n\t\t\t\n\t\t><h3 class=\"widget-title text-\">Web Application of Timetable (BETA)<\/h3>\n<div class=\"siteorigin-widget-tinymce textwidget\">\n\t<p>Web application for searching timetables by classroom, day, and lecturer.<\/p>\n<p><a class=\"button\" href=\"http:\/\/it.fud.ujep.cz\/rozvrh\/\">OPEN TIMETABLE<\/a><\/p>\n<p>The web application is still in development process and available from the UJEP internal network only.<\/p>\n<\/div>\n<\/div><\/div><\/div><\/div><\/div>","protected":false},"excerpt":{"rendered":"<p>Bachelor degree, Year 1 Bachelor degree, Year 1 &#8211; Production for cultural and creative industries Bachelor degree, Year 2 Bachelor degree, Year 3 Bachelor degree, Year 4 For all years, \u010celem k&nbsp;um\u011bn\u00ed &#8220;Facing towards Art&#8221; &#8211; guest lecturers of FUD UJEP (organized by prof. Mgr. Michal Kole\u010dek, Ph.D.) CONSULTATIONS IN THE STUDIOS TAKE PLACE [&hellip;]<\/p>\n","protected":false},"author":1,"featured_media":0,"parent":3490,"menu_order":0,"comment_status":"closed","ping_status":"closed","template":"","meta":{"_acf_changed":false,"ngg_post_thumbnail":0,"footnotes":""},"class_list":["post-3679","page","type-page","status-publish","hentry"],"acf":[],"_links":{"self":[{"href":"https:\/\/fud.ujep.cz\/en\/wp-json\/wp\/v2\/pages\/3679","targetHints":{"allow":["GET"]}}],"collection":[{"href":"https:\/\/fud.ujep.cz\/en\/wp-json\/wp\/v2\/pages"}],"about":[{"href":"https:\/\/fud.ujep.cz\/en\/wp-json\/wp\/v2\/types\/page"}],"author":[{"embeddable":true,"href":"https:\/\/fud.ujep.cz\/en\/wp-json\/wp\/v2\/users\/1"}],"replies":[{"embeddable":true,"href":"https:\/\/fud.ujep.cz\/en\/wp-json\/wp\/v2\/comments?post=3679"}],"version-history":[{"count":0,"href":"https:\/\/fud.ujep.cz\/en\/wp-json\/wp\/v2\/pages\/3679\/revisions"}],"up":[{"embeddable":true,"href":"https:\/\/fud.ujep.cz\/en\/wp-json\/wp\/v2\/pages\/3490"}],"wp:attachment":[{"href":"https:\/\/fud.ujep.cz\/en\/wp-json\/wp\/v2\/media?parent=3679"}],"curies":[{"name":"wp","href":"https:\/\/api.w.org\/{rel}","templated":true}]}}