{"id":3723,"date":"2016-07-28T14:58:15","date_gmt":"2016-07-28T12:58:15","guid":{"rendered":"https:\/\/fud.ujep.cz\/workshops\/keramicke-centrum\/"},"modified":"2023-02-02T10:37:47","modified_gmt":"2023-02-02T08:37:47","slug":"ceramics-centre","status":"publish","type":"page","link":"https:\/\/fud.ujep.cz\/en\/workshops\/ceramics-centre\/","title":{"rendered":"Ceramics Centre"},"content":{"rendered":"<div id=\"pl-3723\"  class=\"panel-layout\" ><div id=\"pg-3723-0\"  class=\"panel-grid panel-no-style\" ><div id=\"pgc-3723-0-0\"  class=\"panel-grid-cell\" ><div id=\"panel-3723-0-0-0\" class=\"so-panel widget widget_sow-editor panel-first-child\" data-index=\"0\" ><div\n\t\t\t\n\t\t\tclass=\"so-widget-sow-editor so-widget-sow-editor-base\"\n\t\t\t\n\t\t><h3 class=\"widget-title text-\">Ceramics Centre in Dub\u00ed<\/h3>\n<div class=\"siteorigin-widget-tinymce textwidget\">\n\t<p>The Ceramics Centre is situated in the immediate vicinity of the traditional Czech porcelain producer \u2013 \u010cesk\u00fd porcel\u00e1n Dub\u00ed, a.s. The centre was founded in cooperation with \u010cesk\u00fd porcel\u00e1n and Faculty of Art and Design UJEP. Their motivation was to interconnect the academic environment and the practice, to use the potential of students of Ceramic Design Studio and offer support for the implementation of student designs in technologically demanding porcelain processing condition. The centre also hosts a&nbsp;number of international symposia and workshops.<\/p>\n<p>The centre is used primarily for the needs of students of the Ceramic Design Studio at Faculty of Art and Design UJEP. Upon an agreement, it is also possible to use the centre for implementation of external projects, especially in cooperation with design studios of the faculty and other universities.<\/p>\n<h4>Facilities<\/h4>\n<p>The centre is fully self-sufficient for the production of ceramic and porcelain prototypes, designer solitaires and limited production using all current professional production processes.<\/p>\n<p>Workshop: studio, plastic mould room, foundry, glazing room, kilns, laboratory, storage and a&nbsp;patio for outdoor kiln and materials storage.<\/p>\n<p>Presentation facilities: Exhibition hall, archive, photo studio<\/p>\n<p>Social facilities: kitchen, guests\u2019 rooms with 8 and 9 beds, three lecturer offices and community room<\/p>\n<\/div>\n<\/div><\/div><div id=\"panel-3723-0-0-1\" class=\"so-panel widget widget_siteorigin-panels-builder panel-last-child\" data-index=\"1\" ><div id=\"pl-w63db7639071d6\"  class=\"panel-layout\" ><div id=\"pg-w63db7639071d6-0\"  class=\"panel-grid panel-no-style\" ><div id=\"pgc-w63db7639071d6-0-0\"  class=\"panel-grid-cell\" ><div id=\"panel-w63db7639071d6-0-0-0\" class=\"so-panel widget widget_sow-editor panel-first-child panel-last-child\" data-index=\"0\" ><div\n\t\t\t\n\t\t\tclass=\"so-widget-sow-editor so-widget-sow-editor-base\"\n\t\t\t\n\t\t><h3 class=\"widget-title text-\">Reservation of kilns<\/h3>\n<div class=\"siteorigin-widget-tinymce textwidget\">\n\t<p><a href=\"https:\/\/calendar.google.com\/calendar\/u\/0\/embed?src=c_&#52;ab&#100;&#100;36ea&#98;&#54;89&#98;&#54;8d2&#56;9&#100;e&#102;&#48;35&#98;8&#51;&#48;&#52;3c&#101;&#51;&#48;&#54;bd&#51;&#49;&#101;a&#102;d&#55;&#52;&#48;&#98;&#50;&#53;56&#52;a6b8&#53;&#56;6&#53;a&#49;&#64;&#103;rou&#112;.cal&#101;&#110;&#100;&#97;&#114;&#46;&#103;&#111;&#111;gle.co&#109;&amp;ctz=Europe\/Prague\" target=\"_blank\" rel=\"noopener\">Booking system<\/a><\/p>\n<\/div>\n<\/div><\/div><\/div><div id=\"pgc-w63db7639071d6-0-1\"  class=\"panel-grid-cell\" ><div id=\"panel-w63db7639071d6-0-1-0\" class=\"so-panel widget widget_sow-editor panel-first-child panel-last-child\" data-index=\"1\" ><div\n\t\t\t\n\t\t\tclass=\"so-widget-sow-editor so-widget-sow-editor-base\"\n\t\t\t\n\t\t><h3 class=\"widget-title text-\">Price list<\/h3>\n<div class=\"siteorigin-widget-tinymce textwidget\">\n\t<p><a href=\"https:\/\/fud.ujep.cz\/wp-content\/uploads\/2019\/05\/cenik_pro_studenty_dubi_2019.docx\" target=\"_blank\" rel=\"noopener\">Price list for FUD UJEP students<\/a><\/p>\n<\/div>\n<\/div><\/div><\/div><\/div><\/div><\/div><\/div><div id=\"pgc-3723-0-1\"  class=\"panel-grid-cell\" ><div id=\"panel-3723-0-1-0\" class=\"so-panel widget widget_sow-editor panel-first-child\" data-index=\"2\" ><div\n\t\t\t\n\t\t\tclass=\"so-widget-sow-editor so-widget-sow-editor-base\"\n\t\t\t\n\t\t>\n<div class=\"siteorigin-widget-tinymce textwidget\">\n\t<p><img loading=\"lazy\" decoding=\"async\" class=\"alignnone size-medium wp-image-1475\" src=\"https:\/\/fud.ujep.cz\/wp-content\/uploads\/2016\/11\/dsc9151-768x512.jpg\" alt=\"-dsc9151\" width=\"768\" height=\"512\" \/><\/p>\n<\/div>\n<\/div><\/div><div id=\"panel-3723-0-1-1\" class=\"so-panel widget widget_sow-editor panel-last-child\" data-index=\"3\" ><div\n\t\t\t\n\t\t\tclass=\"so-widget-sow-editor so-widget-sow-editor-base\"\n\t\t\t\n\t\t><h3 class=\"widget-title text-\">Contacts<\/h3>\n<div class=\"siteorigin-widget-tinymce textwidget\">\n\t<p>Keramick\u00e9 centrum Dub\u00ed<br \/>\nTov\u00e1rn\u00ed 50<br \/>\n417&nbsp;02 Dub\u00ed<\/p>\n<p>Manager<br \/>\n<strong>MgA. Anton\u00edn Tom\u00e1\u0161ek<\/strong><br \/>\nE:&nbsp;<a href=\"javascript:secureDecryptAndNavigate('DO4undUsk4B6rU0Z5q\/XR7oErjGe9f6cvOloueuh9jBNX5rxP9Mpm\/tr6wk0sH06seWzQHR3VlYdOHh9yrrP32Adsysj43hFX\/WGp\/r7ekc=', 'b293a2f138d82a62e33b3a09a6fcc7436affed84659eac839d3cc63cd4e0753f')\" target=\"_blank\" rel=\"noopener\">a&#110;t&#111;&#110;&#105;&#110;&#46;&#116;oma&#115;e&#107;&#64;g&#109;&#97;il&#46;c&#111;m<\/a><\/p>\n<\/div>\n<\/div><\/div><\/div><\/div><\/div>","protected":false},"excerpt":{"rendered":"<p>The Ceramics Centre is situated in the immediate vicinity of the traditional Czech porcelain producer \u2013 \u010cesk\u00fd porcel\u00e1n Dub\u00ed, a.s. The centre was founded in cooperation with \u010cesk\u00fd porcel\u00e1n and Faculty of Art and Design UJEP. Their motivation was to interconnect the academic environment and the practice, to use the potential of students of Ceramic [&hellip;]<\/p>\n","protected":false},"author":1,"featured_media":0,"parent":3083,"menu_order":0,"comment_status":"closed","ping_status":"closed","template":"","meta":{"_acf_changed":false,"ngg_post_thumbnail":0,"footnotes":""},"class_list":["post-3723","page","type-page","status-publish","hentry"],"acf":[],"_links":{"self":[{"href":"https:\/\/fud.ujep.cz\/en\/wp-json\/wp\/v2\/pages\/3723","targetHints":{"allow":["GET"]}}],"collection":[{"href":"https:\/\/fud.ujep.cz\/en\/wp-json\/wp\/v2\/pages"}],"about":[{"href":"https:\/\/fud.ujep.cz\/en\/wp-json\/wp\/v2\/types\/page"}],"author":[{"embeddable":true,"href":"https:\/\/fud.ujep.cz\/en\/wp-json\/wp\/v2\/users\/1"}],"replies":[{"embeddable":true,"href":"https:\/\/fud.ujep.cz\/en\/wp-json\/wp\/v2\/comments?post=3723"}],"version-history":[{"count":0,"href":"https:\/\/fud.ujep.cz\/en\/wp-json\/wp\/v2\/pages\/3723\/revisions"}],"up":[{"embeddable":true,"href":"https:\/\/fud.ujep.cz\/en\/wp-json\/wp\/v2\/pages\/3083"}],"wp:attachment":[{"href":"https:\/\/fud.ujep.cz\/en\/wp-json\/wp\/v2\/media?parent=3723"}],"curies":[{"name":"wp","href":"https:\/\/api.w.org\/{rel}","templated":true}]}}