{"id":58903,"date":"2022-06-01T14:29:14","date_gmt":"2022-06-01T12:29:14","guid":{"rendered":"https:\/\/fud.ujep.cz\/?page_id=58903"},"modified":"2022-09-11T21:17:14","modified_gmt":"2022-09-11T19:17:14","slug":"letni-skola-22","status":"publish","type":"page","link":"https:\/\/fud.ujep.cz\/en\/letni-skola-22\/","title":{"rendered":"SUMMER SCHOOL 22"},"content":{"rendered":"<div id=\"pl-58903\"  class=\"panel-layout\" ><div id=\"pg-58903-0\"  class=\"panel-grid panel-no-style\" ><div id=\"pgc-58903-0-0\"  class=\"panel-grid-cell\" ><div id=\"panel-58903-0-0-0\" class=\"so-panel widget widget_siteorigin-panels-builder panel-first-child panel-last-child\" data-index=\"0\" ><div id=\"pl-w631e342f7de49\"  class=\"panel-layout\" ><div id=\"pg-w631e342f7de49-0\"  class=\"panel-grid panel-no-style\" ><div id=\"pgc-w631e342f7de49-0-0\"  class=\"panel-grid-cell\" ><div id=\"panel-w631e342f7de49-0-0-0\" class=\"so-panel widget widget_sow-editor panel-first-child panel-last-child\" data-index=\"0\" ><div\n\t\t\t\n\t\t\tclass=\"so-widget-sow-editor so-widget-sow-editor-base\"\n\t\t\t\n\t\t>\n<div class=\"siteorigin-widget-tinymce textwidget\">\n\t<h3><span style=\"font-weight: 400;\">The FAD Summer School invites all artists and designers to \u00dast\u00ed nad Labem.<br \/>\n<\/span>20.\u201427.&nbsp;8.&nbsp;2022<\/h3>\n<p><img loading=\"lazy\" decoding=\"async\" class=\"alignnone wp-image-58993 size-medium\" src=\"https:\/\/fud.ujep.cz\/wp-content\/uploads\/2022\/06\/ls22-aj-lpozvanka-pozvanka-1280x720.jpg\" alt=\"\" width=\"1280\" height=\"720\"\/><\/p>\n<p><strong><a class=\"button\" href=\"https:\/\/www.facebook.com\/media\/set\/?set=a.6156581097690979&amp;type=3\">FOTOGALERIE<\/a><\/strong><\/p>\n<p>&nbsp;<\/p>\n<p><span style=\"font-weight: 400;\">The FAD Summer School invites all artists and designers to \u00dast\u00ed nad Labem. We offer professional and creative meetings with a&nbsp;number of famous creators, inspiring courses and side events. The Faculty of Art and Design of Jan Evangelista Purkyn\u011b University (FAD JEPU) organizes the second year of SUMMER SCHOOL offering the public 10 courses across the FAD studios. These will become a&nbsp;space for meetings with professors, designers and experts in the field, under whose guidance the course participants will be able to gain or deepen their practical experiences in a&nbsp;number of artistic and design techniques. The week-long series of workshops will culminate in an exhibition which will happen at the end of the Summer School in the building of FAD. The second year of FAD Summer School happening between 20 and 27 August 2022 offers courses to students, creators and designers.<\/span><\/p>\n<p><span style=\"font-weight: 400;\">The application submission deadline (over e-mail \/ <a href=\"https:\/\/fud.ujep.cz\/wp-content\/uploads\/2022\/05\/2022-prihlaska-letni-skola-fud.docx\" target=\"_blank\" rel=\"noopener\">application form<\/a>) is on 30 July 2022 or you can buy the course via UJEP e-shop (the link available soon).<\/span><\/p>\n<p>&nbsp;<\/p>\n<p><b>PROGRAMME<\/b><\/p>\n<p><span style=\"font-weight: 400;\">&gt; Courses from Saturday to Friday from 9.00 AM to 4 PM<br \/>\n<\/span><span style=\"font-weight: 400;\">&gt; Individual project realization in the studios and workshops<br \/>\n<\/span><span style=\"font-weight: 400;\">&gt; Final exhibition realization in the studios on Saturday 27 August&nbsp;<br \/>\n<\/span><span style=\"font-weight: 400;\">&gt; Side events<\/span><\/p>\n<p>&nbsp;<\/p>\n<p><b>WHO CAN APPLY<\/b><\/p>\n<p><span style=\"font-weight: 400;\">Creators aged from 18 years interested in contemporary art or design.<br \/>\n<\/span><span style=\"font-weight: 400;\">Our courses are designed for those who want to improve their skills in the chosen field.<br \/>\n<\/span><span style=\"font-weight: 400;\">We welcome adult high school students, university applicants, as well as the general public. The course participants will receive a&nbsp;certificate of completion.&nbsp;<\/span><\/p>\n<p>&nbsp;<\/p>\n<p><b>HOW TO APPLY<\/b><\/p>\n<p><span style=\"font-weight: 400;\">Over e-shop or email us your application form and pay the participation fee by 30 July 2022.<br \/>\n<\/span><span style=\"font-weight: 400;\">We look forward to your applications!<\/span><\/p>\n<p>&nbsp;<\/p>\n<p><b>CONTACT<\/b><\/p>\n<p><span style=\"font-weight: 400;\">Your application form email us to: <a href=\"javascript:secureDecryptAndNavigate('1bPfJNs\/OggVxAI71x3QEVirQSvAJG132vKjUop8OqUqe2q5yCLpjNoLYNxUk0HjRqtUqkcHyDqaWdw9V8k+OyGlYw==', 'b293a2f138d82a62e33b3a09a6fcc7436affed84659eac839d3cc63cd4e0753f')\">&#100;&#117;&#117;l&#64;&#117;je&#112;&#46;&#99;&#122;<\/a><br \/>\n<\/span><span style=\"font-weight: 400;\">Inquiries: +420&nbsp;702&nbsp;217&nbsp;042<br \/>\n<\/span><span style=\"font-weight: 400;\">Fakulta um\u011bn\u00ed a&nbsp;designu, Univerzita Jana Evangelisty Purkyn\u011b v&nbsp;\u00dast\u00ed nad Labem Pasteurova 9, 400&nbsp;96 \u00dast\u00ed nad Labem<\/span><\/p>\n<p>&nbsp;<\/p>\n<p>&nbsp;<\/p>\n<\/div>\n<\/div><\/div><\/div><div id=\"pgc-w631e342f7de49-0-1\"  class=\"panel-grid-cell\" ><div id=\"panel-w631e342f7de49-0-1-0\" class=\"so-panel widget widget_fud-cta-typo panel-first-child\" data-index=\"1\" ><div\n\t\t\t\n\t\t\tclass=\"so-widget-fud-cta-typo so-widget-fud-cta-typo-default-c93e1481a745\"\n\t\t\t\n\t\t>\n\n<div class=\"fud-cta-typo\">\n\n  \n    <div class=\"d-flex flex-wrap layout-columns-3 layout-height-flat\">\n\n    \n            <a class=\"positive fud-cta-typo-panel\" href=\"https:\/\/fud.ujep.cz\/en\/letni-skola-22\/screen-printing-u-pavouka\/\" title=\"screen-printing-u-pavouka\" id=\"fud-cta-typo-panel-screen-printing-u-pavouka\"\">\n        <div class=\"fud-cta-typo-inner d-flex flex-column\">\n          <h3 class=\"cta-title fud-cta-typo-title\">SCREEN PRINTING \u2013 U&nbsp;PAVOUKA<\/h3>          <span class=\"fud-cta-typo-content\">Graphic technique that you will fall in love with <\/span>        <\/div>\n      <\/a>\n\n    \n            <a class=\"positive fud-cta-typo-panel\" href=\"https:\/\/fud.ujep.cz\/en\/letni-skola-22\/basics-of-digital-animation\/\" title=\"basics-of-digital-animation\" id=\"fud-cta-typo-panel-basics-of-digital-animation\"\">\n        <div class=\"fud-cta-typo-inner d-flex flex-column\">\n          <h3 class=\"cta-title fud-cta-typo-title\">BASICS OF DIGITAL ANIMATION<\/h3>          <span class=\"fud-cta-typo-content\">Manually and digitally<\/span>        <\/div>\n      <\/a>\n\n    \n            <a class=\"positive fud-cta-typo-panel\" href=\"https:\/\/fud.ujep.cz\/en\/letni-skola-22\/visual-playground\/\" title=\"visual-playground\" id=\"fud-cta-typo-panel-visual-playground\"\">\n        <div class=\"fud-cta-typo-inner d-flex flex-column\">\n          <h3 class=\"cta-title fud-cta-typo-title\">VISUAL PLAYGROUND<\/h3>          <span class=\"fud-cta-typo-content\">Playing and modularity<\/span>        <\/div>\n      <\/a>\n\n    \n            <a class=\"positive fud-cta-typo-panel\" href=\"https:\/\/fud.ujep.cz\/en\/letni-skola-22\/wood\/\" title=\"wood\" id=\"fud-cta-typo-panel-wood\"\">\n        <div class=\"fud-cta-typo-inner d-flex flex-column\">\n          <h3 class=\"cta-title fud-cta-typo-title\">WOOD +<\/h3>          <span class=\"fud-cta-typo-content\">Wooden interior element in combination with other material<\/span>        <\/div>\n      <\/a>\n\n    \n            <a class=\"positive fud-cta-typo-panel\" href=\"https:\/\/fud.ujep.cz\/en\/letni-skola-22\/there-is-not-a-photo-like-a-photo\/\" title=\"there-is-not-a-photo-like-a-photo-studio\" id=\"fud-cta-typo-panel-there-is-not-a-photo-like-a-photo-studio\"\">\n        <div class=\"fud-cta-typo-inner d-flex flex-column\">\n          <h3 class=\"cta-title fud-cta-typo-title\">THERE IS NOT A&nbsp;PHOTO LIKE A&nbsp;PHOTO STUDIO<\/h3>          <span class=\"fud-cta-typo-content\">From camera obscura, through photogram to developing negative\n<\/span>        <\/div>\n      <\/a>\n\n    \n            <a class=\"positive fud-cta-typo-panel\" href=\"https:\/\/fud.ujep.cz\/en\/letni-skola-22\/poster-and-flyer\/\" title=\"poster-and-flyer\" id=\"fud-cta-typo-panel-poster-and-flyer\"\">\n        <div class=\"fud-cta-typo-inner d-flex flex-column\">\n          <h3 class=\"cta-title fud-cta-typo-title\">POSTER AND FLYER<\/h3>          <span class=\"fud-cta-typo-content\">Analog Typography process goes. Poster on the street. Express yourself!\n<\/span>        <\/div>\n      <\/a>\n\n    \n            <a class=\"positive fud-cta-typo-panel\" href=\"https:\/\/fud.ujep.cz\/en\/letni-skola-22\/natural-casting\/\" title=\"natural-casting\" id=\"fud-cta-typo-panel-natural-casting\"\">\n        <div class=\"fud-cta-typo-inner d-flex flex-column\">\n          <h3 class=\"cta-title fud-cta-typo-title\">NATURAL CASTING<\/h3>          <span class=\"fud-cta-typo-content\">Model, mould, cast\n<\/span>        <\/div>\n      <\/a>\n\n    \n            <a class=\"positive fud-cta-typo-panel\" href=\"https:\/\/fud.ujep.cz\/en\/letni-skola-22\/drawing-and-painting\/\" title=\"drawing-and-painting\" id=\"fud-cta-typo-panel-drawing-and-painting\"\">\n        <div class=\"fud-cta-typo-inner d-flex flex-column\">\n          <h3 class=\"cta-title fud-cta-typo-title\">DRAWING AND PAINTING<\/h3>          <span class=\"fud-cta-typo-content\">A human \u2013 an eternal theme<\/span>        <\/div>\n      <\/a>\n\n    \n            <a class=\"positive fud-cta-typo-panel\" href=\"https:\/\/fud.ujep.cz\/en\/letni-skola-22\/textile-image\/\" title=\"textile-image\" id=\"fud-cta-typo-panel-textile-image\"\">\n        <div class=\"fud-cta-typo-inner d-flex flex-column\">\n          <h3 class=\"cta-title fud-cta-typo-title\">TEXTILE IMAGE<\/h3>          <span class=\"fud-cta-typo-content\">Embroidery and painting on textiles<\/span>        <\/div>\n      <\/a>\n\n    \n            <a class=\"positive fud-cta-typo-panel\" href=\"https:\/\/fud.ujep.cz\/en\/letni-skola-22\/motion-field-experimental-av-environment\/\" title=\"motion-field-experimental-av-environment\" id=\"fud-cta-typo-panel-motion-field-experimental-av-environment\"\">\n        <div class=\"fud-cta-typo-inner d-flex flex-column\">\n          <h3 class=\"cta-title fud-cta-typo-title\">MOTION FIELD \/ EXPERIMENTAL AV ENVIRONMENT<\/h3>          <span class=\"fud-cta-typo-content\">Audio-visual installation, cooperative project, life production, experimental work\n<\/span>        <\/div>\n      <\/a>\n\n    \n            <a class=\"negative fud-cta-typo-panel\" href=\"https:\/\/oc.ujep.cz\/index.php?id_category=28&#038;controller=category\" title=\"\" id=\"fud-cta-typo-panel-\"\">\n        <div class=\"fud-cta-typo-inner d-flex flex-column\">\n                    <span class=\"fud-cta-typo-content\">APPLY NOW<\/span>        <\/div>\n      <\/a>\n\n    \n  <\/div>\n\n  \n\n<\/div>\n<\/div><\/div><div id=\"panel-w631e342f7de49-0-1-1\" class=\"so-panel widget widget_sow-editor panel-last-child\" data-index=\"2\" ><div\n\t\t\t\n\t\t\tclass=\"so-widget-sow-editor so-widget-sow-editor-base\"\n\t\t\t\n\t\t>\n<div class=\"siteorigin-widget-tinymce textwidget\">\n\t<h3>&nbsp;<\/h3>\n<div id='gallery-1' class='gallery wp-gallery galleryid-58903 gallery-columns-3 gallery-size-thumbnail masonry-grid'><figure class='gallery-item grid-item'>\n            <div class='gallery-icon landscape'>\n                <a href='https:\/\/fud.ujep.cz\/en\/letni-skola-22\/attachment\/68753079-2952289464786841-7043696329071001600-n-2\/'><img loading=\"lazy\" decoding=\"async\" width=\"768\" height=\"480\" src=\"https:\/\/fud.ujep.cz\/wp\/wp-content\/uploads\/2022\/05\/68753079-2952289464786841-7043696329071001600-n-768x480.jpg\" class=\"attachment-thumbnail size-thumbnail\" alt=\"\" \/><\/a>\n            <\/div><\/figure><figure class='gallery-item grid-item'>\n            <div class='gallery-icon landscape'>\n                <a href='https:\/\/fud.ujep.cz\/en\/letni-skola-22\/attachment\/69261491-2948998095115978-5795845133710655488-n-2\/'><img loading=\"lazy\" decoding=\"async\" width=\"768\" height=\"480\" src=\"https:\/\/fud.ujep.cz\/wp\/wp-content\/uploads\/2022\/05\/69261491-2948998095115978-5795845133710655488-n-768x480.jpg\" class=\"attachment-thumbnail size-thumbnail\" alt=\"\" \/><\/a>\n            <\/div><\/figure><figure class='gallery-item grid-item'>\n            <div class='gallery-icon landscape'>\n                <a href='https:\/\/fud.ujep.cz\/en\/letni-skola-22\/basics-of-digital-animation\/attachment\/68742386-2952290114786776-3568264348549775360-n-2-2\/'><img loading=\"lazy\" decoding=\"async\" width=\"768\" height=\"480\" src=\"https:\/\/fud.ujep.cz\/wp\/wp-content\/uploads\/2022\/05\/68742386-2952290114786776-3568264348549775360-n-1-768x480.jpg\" class=\"attachment-thumbnail size-thumbnail\" alt=\"\" \/><\/a>\n            <\/div><\/figure><figure class='gallery-item grid-item'>\n            <div class='gallery-icon landscape'>\n                <a href='https:\/\/fud.ujep.cz\/en\/letni-skola-22\/drawing-and-painting\/attachment\/69714848-2949000525115735-8378444024318525440-n-2\/'><img loading=\"lazy\" decoding=\"async\" width=\"768\" height=\"480\" src=\"https:\/\/fud.ujep.cz\/wp\/wp-content\/uploads\/2022\/05\/69714848-2949000525115735-8378444024318525440-n-768x480.jpg\" class=\"attachment-thumbnail size-thumbnail\" alt=\"\" \/><\/a>\n            <\/div><\/figure><figure class='gallery-item grid-item'>\n            <div class='gallery-icon landscape'>\n                <a href='https:\/\/fud.ujep.cz\/en\/letni-skola-22\/there-is-not-a-photo-like-a-photo\/attachment\/aarf-2\/'><img loading=\"lazy\" decoding=\"async\" width=\"768\" height=\"480\" src=\"https:\/\/fud.ujep.cz\/wp\/wp-content\/uploads\/2022\/05\/aarf-768x480.jpg\" class=\"attachment-thumbnail size-thumbnail\" alt=\"\" \/><\/a>\n            <\/div><\/figure><figure class='gallery-item grid-item'>\n            <div class='gallery-icon landscape'>\n                <a href='https:\/\/fud.ujep.cz\/en\/letni-skola-22\/textile-image\/attachment\/68797084-2948999815115806-6559425228710084608-n-2\/'><img loading=\"lazy\" decoding=\"async\" width=\"768\" height=\"480\" src=\"https:\/\/fud.ujep.cz\/wp\/wp-content\/uploads\/2022\/05\/68797084-2948999815115806-6559425228710084608-n-768x480.jpg\" class=\"attachment-thumbnail size-thumbnail\" alt=\"\" \/><\/a>\n            <\/div><\/figure>\n        <\/div>\n\n<\/div>\n<\/div><\/div><\/div><\/div><\/div><\/div><\/div><\/div><\/div>","protected":false},"excerpt":{"rendered":"<p>The FAD Summer School invites all artists and designers to \u00dast\u00ed nad Labem. 20.\u201427.&nbsp;8.&nbsp;2022 FOTOGALERIE &nbsp; The FAD Summer School invites all artists and designers to \u00dast\u00ed nad Labem. We offer professional and creative meetings with a&nbsp;number of famous creators, inspiring courses and side events. The Faculty of Art and Design of Jan Evangelista Purkyn\u011b [&hellip;]<\/p>\n","protected":false},"author":20,"featured_media":0,"parent":0,"menu_order":0,"comment_status":"closed","ping_status":"closed","template":"","meta":{"_acf_changed":false,"ngg_post_thumbnail":0,"footnotes":""},"class_list":["post-58903","page","type-page","status-publish","hentry"],"acf":[],"_links":{"self":[{"href":"https:\/\/fud.ujep.cz\/en\/wp-json\/wp\/v2\/pages\/58903","targetHints":{"allow":["GET"]}}],"collection":[{"href":"https:\/\/fud.ujep.cz\/en\/wp-json\/wp\/v2\/pages"}],"about":[{"href":"https:\/\/fud.ujep.cz\/en\/wp-json\/wp\/v2\/types\/page"}],"author":[{"embeddable":true,"href":"https:\/\/fud.ujep.cz\/en\/wp-json\/wp\/v2\/users\/20"}],"replies":[{"embeddable":true,"href":"https:\/\/fud.ujep.cz\/en\/wp-json\/wp\/v2\/comments?post=58903"}],"version-history":[{"count":0,"href":"https:\/\/fud.ujep.cz\/en\/wp-json\/wp\/v2\/pages\/58903\/revisions"}],"wp:attachment":[{"href":"https:\/\/fud.ujep.cz\/en\/wp-json\/wp\/v2\/media?parent=58903"}],"curies":[{"name":"wp","href":"https:\/\/api.w.org\/{rel}","templated":true}]}}