{"id":58916,"date":"2022-06-01T14:39:35","date_gmt":"2022-06-01T12:39:35","guid":{"rendered":"https:\/\/fud.ujep.cz\/?page_id=58916"},"modified":"2022-06-13T18:08:16","modified_gmt":"2022-06-13T16:08:16","slug":"screen-printing-u-pavouka","status":"publish","type":"page","link":"https:\/\/fud.ujep.cz\/en\/letni-skola-22\/screen-printing-u-pavouka\/","title":{"rendered":"SCREEN PRINTING \u2013 U&nbsp;PAVOUKA"},"content":{"rendered":"<div id=\"pl-58916\"  class=\"panel-layout\" ><div id=\"pg-58916-0\"  class=\"panel-grid panel-no-style\" ><div id=\"pgc-58916-0-0\"  class=\"panel-grid-cell\" ><div id=\"panel-58916-0-0-0\" class=\"so-panel widget widget_sow-editor panel-first-child panel-last-child\" data-index=\"0\" ><div\n\t\t\t\n\t\t\tclass=\"so-widget-sow-editor so-widget-sow-editor-base\"\n\t\t\t\n\t\t>\n<div class=\"siteorigin-widget-tinymce textwidget\">\n\t<h3><span style=\"font-weight: 400;\">Graphic technique that you will fall in love with<\/span><span style=\"font-weight: 400;\">&nbsp;<\/span><span style=\"font-weight: 400;\"><br \/>\n<\/span><\/h3>\n<p><span style=\"font-weight: 400;\">During the course, the participants will experience the whole process of screen printing. From making their own design and its pre-print preparation, through exposure and screen preparation, to the final print. All process accompanied by professional explanation and supervision. The aim is to realize own motif by printing colours on various materials \u2013 paper and textiles. At the end of the course, everyone will be introduced to the possibilities of graphic screen printing techniques and its further use in practice. The results will be presented in the gallery \u201cVenkovka\u201d and in front of the Workshop U&nbsp;Pavouka.<\/span><\/p>\n<h4><span style=\"font-weight: 400;\">STUDIO<br \/>\n<\/span><\/h4>\n<p><span style=\"font-weight: 400;\">Graphic design I<\/span><\/p>\n<h4><span style=\"font-weight: 400;\">NUMBER OF PARTICIPANTS<\/span><\/h4>\n<p><span style=\"font-weight: 400;\">6 (preferable in pairs)<\/span><\/p>\n<h4><span style=\"font-weight: 400;\">COURSE LED IN THE FOLLOWING LANGUAGES<\/span><\/h4>\n<p><span style=\"font-weight: 400;\">Czech, English<\/span><\/p>\n<h4><a class=\"button\" href=https:\/\/oc.ujep.cz\/index.php?controller=cart&add=1&id_product=50&fromweb=yes\" ? \">APPLICATION<\/a><\/h4>\n<p>&nbsp;<\/p>\n<div id='gallery-1' class='gallery wp-gallery galleryid-58916 gallery-columns-3 gallery-size-thumbnail masonry-grid'><figure class='gallery-item grid-item'>\n            <div class='gallery-icon landscape'>\n                <a href='https:\/\/fud.ujep.cz\/wp\/wp-content\/uploads\/2022\/05\/pavoukl.jpg'><img loading=\"lazy\" decoding=\"async\" width=\"768\" height=\"480\" src=\"https:\/\/fud.ujep.cz\/wp\/wp-content\/uploads\/2022\/05\/pavoukl-768x480.jpg\" class=\"attachment-thumbnail size-thumbnail\" alt=\"\" \/><\/a>\n            <\/div><\/figure><figure class='gallery-item grid-item'>\n            <div class='gallery-icon landscape'>\n                <a href='https:\/\/fud.ujep.cz\/wp\/wp-content\/uploads\/2022\/05\/pavouk1.jpg'><img loading=\"lazy\" decoding=\"async\" width=\"768\" height=\"480\" src=\"https:\/\/fud.ujep.cz\/wp\/wp-content\/uploads\/2022\/05\/pavouk1-768x480.jpg\" class=\"attachment-thumbnail size-thumbnail\" alt=\"\" \/><\/a>\n            <\/div><\/figure><figure class='gallery-item grid-item'>\n            <div class='gallery-icon landscape'>\n                <a href='https:\/\/fud.ujep.cz\/wp\/wp-content\/uploads\/2022\/05\/pavouk.jpg'><img loading=\"lazy\" decoding=\"async\" width=\"768\" height=\"480\" src=\"https:\/\/fud.ujep.cz\/wp\/wp-content\/uploads\/2022\/05\/pavouk-768x480.jpg\" class=\"attachment-thumbnail size-thumbnail\" alt=\"\" \/><\/a>\n            <\/div><\/figure>\n        <\/div>\n\n<\/div>\n<\/div><\/div><\/div><div id=\"pgc-58916-0-1\"  class=\"panel-grid-cell\" ><div id=\"panel-58916-0-1-0\" class=\"so-panel widget widget_sow-editor panel-first-child panel-last-child\" data-index=\"1\" ><div\n\t\t\t\n\t\t\tclass=\"so-widget-sow-editor so-widget-sow-editor-base\"\n\t\t\t\n\t\t>\n<div class=\"siteorigin-widget-tinymce textwidget\">\n\t<h3><span style=\"font-weight: 400;\">LECTURERS<\/span><\/h3>\n<p>&nbsp;<\/p>\n<h4><span style=\"font-weight: 400;\">Studio BFF (<a href=\"https:\/\/vzlykatplysmylitsemys.tumblr.com\" target=\"_blank\" rel=\"noopener\">Ad\u00e9la Bierbaumer<\/a>, <a href=\"https:\/\/marekfanta.cz\" target=\"_blank\" rel=\"noopener\">Marek Fanta<\/a>, <a href=\"https:\/\/www.instagram.com\/premyslzajicek\/\" target=\"_blank\" rel=\"noopener\">P\u0159emysl Zaj\u00ed\u010dek<\/a>)<\/span><\/h4>\n<p><a href=\"https:\/\/duul.cz\/dilna-u-pavouka\/\"><img loading=\"lazy\" decoding=\"async\" class=\"alignnone wp-image-58609 size-full\" src=\"https:\/\/fud.ujep.cz\/wp-content\/uploads\/2022\/05\/93566582-2947913971968842-550001498902233088-n.jpg\" alt=\"\" width=\"1084\" height=\"1084\"\/><\/a><\/p>\n<\/div>\n<\/div><\/div><\/div><\/div><\/div>","protected":false},"excerpt":{"rendered":"<p>Graphic technique that you will fall in love with&nbsp; During the course, the participants will experience the whole process of screen printing. From making their own design and its pre-print preparation, through exposure and screen preparation, to the final print. All process accompanied by professional explanation and supervision. The aim is to realize own motif [&hellip;]<\/p>\n","protected":false},"author":20,"featured_media":0,"parent":58903,"menu_order":0,"comment_status":"closed","ping_status":"closed","template":"","meta":{"_acf_changed":false,"ngg_post_thumbnail":0,"footnotes":""},"class_list":["post-58916","page","type-page","status-publish","hentry"],"acf":[],"_links":{"self":[{"href":"https:\/\/fud.ujep.cz\/en\/wp-json\/wp\/v2\/pages\/58916","targetHints":{"allow":["GET"]}}],"collection":[{"href":"https:\/\/fud.ujep.cz\/en\/wp-json\/wp\/v2\/pages"}],"about":[{"href":"https:\/\/fud.ujep.cz\/en\/wp-json\/wp\/v2\/types\/page"}],"author":[{"embeddable":true,"href":"https:\/\/fud.ujep.cz\/en\/wp-json\/wp\/v2\/users\/20"}],"replies":[{"embeddable":true,"href":"https:\/\/fud.ujep.cz\/en\/wp-json\/wp\/v2\/comments?post=58916"}],"version-history":[{"count":0,"href":"https:\/\/fud.ujep.cz\/en\/wp-json\/wp\/v2\/pages\/58916\/revisions"}],"up":[{"embeddable":true,"href":"https:\/\/fud.ujep.cz\/en\/wp-json\/wp\/v2\/pages\/58903"}],"wp:attachment":[{"href":"https:\/\/fud.ujep.cz\/en\/wp-json\/wp\/v2\/media?parent=58916"}],"curies":[{"name":"wp","href":"https:\/\/api.w.org\/{rel}","templated":true}]}}