{"id":58950,"date":"2022-06-01T15:02:31","date_gmt":"2022-06-01T13:02:31","guid":{"rendered":"https:\/\/fud.ujep.cz\/?page_id=58950"},"modified":"2022-06-13T18:05:03","modified_gmt":"2022-06-13T16:05:03","slug":"wood","status":"publish","type":"page","link":"https:\/\/fud.ujep.cz\/en\/letni-skola-22\/wood\/","title":{"rendered":"WOOD+"},"content":{"rendered":"<div id=\"pl-58950\"  class=\"panel-layout\" ><div id=\"pg-58950-0\"  class=\"panel-grid panel-no-style\" ><div id=\"pgc-58950-0-0\"  class=\"panel-grid-cell\" ><div id=\"panel-58950-0-0-0\" class=\"so-panel widget widget_sow-editor panel-first-child panel-last-child\" data-index=\"0\" ><div\n\t\t\t\n\t\t\tclass=\"so-widget-sow-editor so-widget-sow-editor-base\"\n\t\t\t\n\t\t>\n<div class=\"siteorigin-widget-tinymce textwidget\">\n\t<h3><span style=\"font-weight: 400;\">Wooden interior element in combination with other material<\/span><\/h3>\n<p><span style=\"font-weight: 400;\">The participants of this course will have the chance to design a&nbsp;wooden interior element also in combination with other material which they will then produce under professional supervision. They will go through a&nbsp;process of design, correction, preparation of production materials, to the realization of the element itself. A&nbsp;carpentry workshop and other workshops for working with other materials will be available, together with digitally controlled machines. The output of the workshop will be an original product.<\/span><\/p>\n<h4>STUDIO<\/h4>\n<p>Product design<\/p>\n<h4><span style=\"font-weight: 400;\">NUMBER OF PARTICIPANTS<\/span><\/h4>\n<p><span style=\"font-weight: 400;\">5<\/span><\/p>\n<h4><span style=\"font-weight: 400;\">COURSE LED IN THE FOLLOWING LANGUAGES<\/span><\/h4>\n<p><span style=\"font-weight: 400;\">Czech, English, German<\/span><\/p>\n<h4><a class=\"button\" href=https:\/\/oc.ujep.cz\/index.php?controller=cart&add=1&id_product=55&fromweb=yes\" ? \">APPLICATION<\/a><\/h4>\n<p>&nbsp;<\/p>\n<p><a href=\"https:\/\/fud.ujep.cz\/wp-content\/uploads\/2016\/07\/fud__truhlarska_dilna.jpg\"><img loading=\"lazy\" decoding=\"async\" class=\"alignnone wp-image-713 size-thumbnail\" src=\"https:\/\/fud.ujep.cz\/wp-content\/uploads\/2016\/07\/fud__truhlarska_dilna-320x210.jpg\" alt=\"\" width=\"320\" height=\"210\"\/><\/a>&nbsp;<\/p>\n<\/div>\n<\/div><\/div><\/div><div id=\"pgc-58950-0-1\"  class=\"panel-grid-cell\" ><div id=\"panel-58950-0-1-0\" class=\"so-panel widget widget_sow-editor panel-first-child panel-last-child\" data-index=\"1\" ><div\n\t\t\t\n\t\t\tclass=\"so-widget-sow-editor so-widget-sow-editor-base\"\n\t\t\t\n\t\t>\n<div class=\"siteorigin-widget-tinymce textwidget\">\n\t<h3>LECTURER<\/h3>\n<h4><a href=\"https:\/\/jiribartos.com\" target=\"_blank\" rel=\"noopener\">Ji\u0159\u00ed Barto\u0161<\/a><\/h4>\n<p><a href=\"https:\/\/jiribartos.com\" target=\"_blank\" rel=\"noopener\"><img loading=\"lazy\" decoding=\"async\" class=\"alignnone wp-image-58764 size-thumbnail\" src=\"https:\/\/fud.ujep.cz\/wp-content\/uploads\/2022\/05\/bartos3-e1653914725263-480x480.jpg\" alt=\"\" width=\"480\" height=\"480\"\/><\/a><\/p>\n<\/div>\n<\/div><\/div><\/div><\/div><\/div>","protected":false},"excerpt":{"rendered":"<p>Wooden interior element in combination with other material The participants of this course will have the chance to design a&nbsp;wooden interior element also in combination with other material which they will then produce under professional supervision. They will go through a&nbsp;process of design, correction, preparation of production materials, to the realization of the [&hellip;]<\/p>\n","protected":false},"author":20,"featured_media":0,"parent":58903,"menu_order":0,"comment_status":"closed","ping_status":"closed","template":"","meta":{"_acf_changed":false,"ngg_post_thumbnail":0,"footnotes":""},"class_list":["post-58950","page","type-page","status-publish","hentry"],"acf":[],"_links":{"self":[{"href":"https:\/\/fud.ujep.cz\/en\/wp-json\/wp\/v2\/pages\/58950","targetHints":{"allow":["GET"]}}],"collection":[{"href":"https:\/\/fud.ujep.cz\/en\/wp-json\/wp\/v2\/pages"}],"about":[{"href":"https:\/\/fud.ujep.cz\/en\/wp-json\/wp\/v2\/types\/page"}],"author":[{"embeddable":true,"href":"https:\/\/fud.ujep.cz\/en\/wp-json\/wp\/v2\/users\/20"}],"replies":[{"embeddable":true,"href":"https:\/\/fud.ujep.cz\/en\/wp-json\/wp\/v2\/comments?post=58950"}],"version-history":[{"count":0,"href":"https:\/\/fud.ujep.cz\/en\/wp-json\/wp\/v2\/pages\/58950\/revisions"}],"up":[{"embeddable":true,"href":"https:\/\/fud.ujep.cz\/en\/wp-json\/wp\/v2\/pages\/58903"}],"wp:attachment":[{"href":"https:\/\/fud.ujep.cz\/en\/wp-json\/wp\/v2\/media?parent=58950"}],"curies":[{"name":"wp","href":"https:\/\/api.w.org\/{rel}","templated":true}]}}