{"id":67835,"date":"2023-09-25T20:51:40","date_gmt":"2023-09-25T18:51:40","guid":{"rendered":"https:\/\/fud.ujep.cz\/?page_id=67835"},"modified":"2023-09-25T20:56:16","modified_gmt":"2023-09-25T18:56:16","slug":"galleries","status":"publish","type":"page","link":"https:\/\/fud.ujep.cz\/en\/galleries\/","title":{"rendered":"Galleries"},"content":{"rendered":"<div id=\"pl-67835\"  class=\"panel-layout\" ><div id=\"pg-67835-0\"  class=\"panel-grid panel-no-style\" ><div id=\"pgc-67835-0-0\"  class=\"panel-grid-cell\" ><div id=\"panel-67835-0-0-0\" class=\"so-panel widget widget_sow-editor panel-first-child panel-last-child\" data-index=\"0\" ><div\n\t\t\t\n\t\t\tclass=\"so-widget-sow-editor so-widget-sow-editor-base\"\n\t\t\t\n\t\t><h3 class=\"widget-title text-\">\u00dast\u00ed nad Labem House of  Arts<\/h3>\n<div class=\"siteorigin-widget-tinymce textwidget\">\n\t<p><strong>The \u00dast\u00ed nad Labem\u2019s House of Arts is a&nbsp;newly established exhibition institution whose operations and program are provided by the Faculty of Art and Design at Jan Evangelista Purkyn\u011b University in \u00dast\u00ed nad Labem.<\/strong><\/p>\n<p>The House of Arts\u2019 exhibition concept is focused on the presentation of the important artists and key artistic trends and themes currently shaping Central European art. The program of this institution combines artistic, research, education and publication activities, which are consistently implemented in an international context and in collaboration with a&nbsp;number of Czech and international partners.<\/p>\n<div class=\"d-flex flex-row justify-content-between\"><div class=\"col-md-6 col-xs-12 symple-column symple-one-half symple-column-first  \"><\/p>\n<p><strong>Address<\/strong><br \/>\nKl\u00ed\u0161sk\u00e1 1101\/129a<br \/>\n400&nbsp;96 \u00dast\u00ed nad Labem<\/p>\n<p><a href=\"https:\/\/duul.cz\/\" target=\"_blank\" rel=\"noopener\">www.duul.cz<\/a><\/p>\n<p><a target=\"_blank\" rel=\"noopener\">d&#117;&#117;l&#64;&#117;j&#101;&#112;&#46;c&#122;<\/a><br \/>\n<a href=\"https:\/\/www.facebook.com\/DumumeniUL\/\" target=\"_blank\" rel=\"noopener\">D\u016fm um\u011bn\u00ed \u00dast\u00ed nad Labem<\/a><br \/>\n+420&nbsp;475&nbsp;285&nbsp;188<\/p>\n<p><\/div>\n<div class=\"col-md-6 col-xs-12 symple-column symple-one-half symple-column-last  \"><\/p>\n<p><img loading=\"lazy\" decoding=\"async\" class=\"alignnone wp-image-5935 size-medium\" src=\"https:\/\/fud.ujep.cz\/wp-content\/uploads\/2016\/10\/12440797_996502633776662_1383783808645497702_o-768x512.jpg\" width=\"768\" height=\"512\"\/><\/p>\n<p><\/div><\/div>\n<ul>\n<li>&nbsp;<\/li>\n<\/ul>\n<\/div>\n<\/div><\/div><\/div><div id=\"pgc-67835-0-1\"  class=\"panel-grid-cell\" ><div id=\"panel-67835-0-1-0\" class=\"so-panel widget widget_sow-editor panel-first-child panel-last-child\" data-index=\"1\" ><div\n\t\t\t\n\t\t\tclass=\"so-widget-sow-editor so-widget-sow-editor-base\"\n\t\t\t\n\t\t><h3 class=\"widget-title text-\">Rampa Gallery<\/h3>\n<div class=\"siteorigin-widget-tinymce textwidget\">\n\t<p>Rampa Gallery is a&nbsp;exhibition project of Faculty of Art and Design at JEPU and is run by students of Curatorial studies Course within subject Curatorial workshop. Conception of the gallery is focused on presentation of student projects and contemporary trends in young art.<\/p>\n<div class=\"d-flex flex-row justify-content-between\"><div class=\"col-md-6 col-xs-12 symple-column symple-one-half symple-column-first  \"><\/p>\n<p><strong>Address<br \/>\n<\/strong>Faculty of Art and Design at JEPU<br \/>\n4th floor<br \/>\nPasteurova 9<br \/>\n400&nbsp;96 \u00dast\u00ed nad Labem<\/p>\n<p>opening hours<br \/>\nMon\u2014Fri 10AM\u20146PM<br \/>\n<a href=\"https:\/\/www.facebook.com\/galerierampa\/\" target=\"_blank\" rel=\"noopener\">Galerie Rampa<\/a><\/p>\n<p><\/div>\n<div class=\"col-md-6 col-xs-12 symple-column symple-one-half symple-column-last  \"><\/p>\n<p><img loading=\"lazy\" decoding=\"async\" class=\"alignnone wp-image-1317 size-medium\" src=\"https:\/\/fud.ujep.cz\/wp-content\/uploads\/2016\/10\/galerie-rampa-768x512.jpg\" alt=\"galerie-rampa\" width=\"768\" height=\"512\"\/><\/p>\n<p><\/div><\/div>\n<\/div>\n<\/div><\/div><\/div><\/div><div id=\"pg-67835-1\"  class=\"panel-grid panel-no-style\" ><div id=\"pgc-67835-1-0\"  class=\"panel-grid-cell\" ><div id=\"panel-67835-1-0-0\" class=\"so-panel widget widget_sow-editor panel-first-child panel-last-child\" data-index=\"2\" ><div\n\t\t\t\n\t\t\tclass=\"so-widget-sow-editor so-widget-sow-editor-base\"\n\t\t\t\n\t\t><h3 class=\"widget-title text-\">Billboart Gallery Europe<\/h3>\n<div class=\"siteorigin-widget-tinymce textwidget\">\n\t<p>The international project Billboart Gallery Europe is based on network cooperation and focuses on a&nbsp;presentation of contemporary art in public spaces of European cities. The project aims to build up a&nbsp;functioning structure of a&nbsp;communication network of local billboard galleries all over Europe. The network concept is the crucial point of the whole project.<\/p>\n<div class=\"d-flex flex-row justify-content-between\"><div class=\"col-md-6 col-xs-12 symple-column symple-one-half symple-column-first  \"><\/p>\n<p><strong>Address<\/strong><br \/>\nUJEP Campus<br \/>\nResslova&nbsp;Street<br \/>\n400&nbsp;01 \u00dast\u00ed nad Labem<\/p>\n<p>opened non-stop<\/p>\n<p><a href=\"https:\/\/www.facebook.com\/billboartgallery\/\" target=\"_blank\" rel=\"noopener\">facebook.com\/billboartgallery<\/a><\/p>\n<p><\/div>\n<div class=\"col-md-6 col-xs-12 symple-column symple-one-half symple-column-last  \"><\/p>\n<p><img loading=\"lazy\" decoding=\"async\" class=\"alignnone size-medium wp-image-1470\" src=\"https:\/\/fud.ujep.cz\/wp-content\/uploads\/2016\/10\/img_0355-768x512.jpg\" alt=\"img-0355\" width=\"768\" height=\"512\"\/><\/p>\n<p><\/div><\/div>\n<\/div>\n<\/div><\/div><\/div><div id=\"pgc-67835-1-1\"  class=\"panel-grid-cell\" ><div id=\"panel-67835-1-1-0\" class=\"so-panel widget widget_sow-editor panel-first-child panel-last-child\" data-index=\"3\" ><div\n\t\t\t\n\t\t\tclass=\"so-widget-sow-editor so-widget-sow-editor-base\"\n\t\t\t\n\t\t><h3 class=\"widget-title text-\">Emila Filla Gallery<\/h3>\n<div class=\"siteorigin-widget-tinymce textwidget\">\n\t<p>Emil Filla Gallery is run by community interest society&nbsp;<em>Lid\u00e9 v\u00fdtvarn\u00e9mu um\u011bn\u00ed \u2013 v\u00fdtvarn\u00e9 um\u011bn\u00ed lidem<\/em> and&nbsp;<em>Faculty of Art and Design at JEPU<\/em>.&nbsp;Programme is focused on presentation of conteporary artists, tendencies and art groups both from Czech and international art scene.<\/p>\n<p>Emil Filla Gallery in \u00dast\u00ed nad Labem was established in 1991. Its profile is based as live and progressive institution with range of Central European region, also strongly connected with&nbsp;specific environment of region of Northern Bohemia. Thanks to cooperation with European institutions with similar interest is Emil Filla Gallery one of the significant cultural centres for contemporary art.<\/p>\n<div class=\"d-flex flex-row justify-content-between\"><div class=\"col-md-6 col-xs-12 symple-column symple-one-half symple-column-first  \"><\/p>\n<p>&nbsp;<a title=\"https:\/\/www.gef.cz\/\" href=\"https:\/\/www.gef.cz\/\" target=\"_blank\" rel=\"noopener\">www.gef.cz<\/a><\/p>\n<p>&nbsp;<a href=\"javascript:secureDecryptAndNavigate('jr9rnYXDw03b65PxBL6MWhz+lRNZb4a2aR2aI5IrcLXo9zcguRipr6iH9BdXruC6TCgCn0kenJgClHN292ilvMb8', 'b293a2f138d82a62e33b3a09a6fcc7436affed84659eac839d3cc63cd4e0753f')\" target=\"_blank\" rel=\"noopener\">&#105;nf&#111;&#64;&#103;&#101;&#102;.c&#122;<\/a><\/p>\n<p><\/div>\n<div class=\"col-md-6 col-xs-12 symple-column symple-one-half symple-column-last  \"><\/p>\n<p><img loading=\"lazy\" decoding=\"async\" class=\"alignnone wp-image-766 size-large\" src=\"https:\/\/fud.ujep.cz\/wp-content\/uploads\/2016\/10\/armaturka-verni-1920x1280.jpg\" width=\"1920\" height=\"1280\"\/><\/p>\n<p><\/div><\/div>\n<\/div>\n<\/div><\/div><\/div><\/div><div id=\"pg-67835-2\"  class=\"panel-grid panel-no-style\" ><div id=\"pgc-67835-2-0\"  class=\"panel-grid-cell\" ><div id=\"panel-67835-2-0-0\" class=\"so-panel widget widget_sow-fud-wp-posts widget-posts widget-fud-posts panel-first-child panel-last-child\" data-index=\"4\" ><div\n\t\t\t\n\t\t\tclass=\"so-widget-sow-fud-wp-posts so-widget-sow-fud-wp-posts-base\"\n\t\t\t\n\t\t><div class=\"widget-posts wrapper-widget\"><div class=\"wrapper-posts columns-layout-4 _masonry-grid\">\n    \t\t<!-- article -->\n    \t\t<article id=\"post-83376\" class=\"col-lg-3 col-sm-6 col-xs-12 grid-item post-83376 post type-post status-publish format-standard has-post-thumbnail hentry category-news category-exhibitions\">\n      \n            <a href=\"https:\/\/fud.ujep.cz\/en\/news\/zimni-sklizen-exhibition-of-finals-open-day-at-fud\/\" title=\"Zimn\u00ed sklize\u0148 exhibition of finals + Open day at FUD\" class=\"post-link\">\n              <figure class=\"thumbnail r16x9\">\n                <img decoding=\"async\" src=\"https:\/\/fud.ujep.cz\/wp\/wp-content\/uploads\/2026\/01\/1080x1080-online.jpg\" alt=\"\" \/>\n              <\/figure>\n            <\/a>\n              <header>\n        <h2 class=\"post-title\"><a href=\"https:\/\/fud.ujep.cz\/en\/news\/zimni-sklizen-exhibition-of-finals-open-day-at-fud\/\" title=\"Zimn\u00ed sklize\u0148 exhibition of finals + Open day at FUD\">Zimn\u00ed sklize\u0148 exhibition of finals + Open day at FUD<\/a><\/h2><div class=\"meta meta-date\"><small>22.&nbsp;1.&nbsp;2026<\/small><\/div>\n      <\/header>\n    \t\t\t\t<main class=\"entry\">\n      <div class=\"post-content\"><p>We are delighted to invite you to the exhibition of student semester projects at the Faculty of Art and Design (FUD UJEP), taking place from February 12 to February 14. An Open Day will also be held on February 12.<\/p>\n<\/div>\n          <div class=\"meta post-meta\">\n            <a href=\"https:\/\/fud.ujep.cz\/en\/news\/zimni-sklizen-exhibition-of-finals-open-day-at-fud\/\" title=\"Zimn\u00ed sklize\u0148 exhibition of finals + Open day at FUD\">\u2192&nbsp;More<\/a>\n          <\/div>\n            <\/main>\n    \t\t<\/article>\n    \t\t<!-- \/article -->\n      \n    \t\t<!-- article -->\n    \t\t<article id=\"post-82688\" class=\"col-lg-3 col-sm-6 col-xs-12 grid-item post-82688 post type-post status-publish format-standard has-post-thumbnail hentry category-news category-exhibitions category-house-of-arts\">\n      \n            <a href=\"https:\/\/fud.ujep.cz\/en\/news\/new-exhibition-in-house-of-arts-usti-nad-labem-shared-existences\/\" title=\"New exhibition in House of Arts \u00dast\u00ed nad Labem: Shared existences\" class=\"post-link\">\n              <figure class=\"thumbnail r16x9\">\n                <img decoding=\"async\" src=\"https:\/\/fud.ujep.cz\/wp\/wp-content\/uploads\/2025\/11\/untitled-design-1-1280x720.png\" alt=\"\" \/>\n              <\/figure>\n            <\/a>\n              <header>\n        <h2 class=\"post-title\"><a href=\"https:\/\/fud.ujep.cz\/en\/news\/new-exhibition-in-house-of-arts-usti-nad-labem-shared-existences\/\" title=\"New exhibition in House of Arts \u00dast\u00ed nad Labem: Shared existences\">New exhibition in House of Arts \u00dast\u00ed nad Labem: Shared existences<\/a><\/h2><div class=\"meta meta-date\"><small>24.&nbsp;11.&nbsp;2025<\/small><\/div>\n      <\/header>\n    \t\t\t\t<main class=\"entry\">\n      <div class=\"post-content\"><p data-start=\"39\" data-end=\"293\">We warmly invite you to the opening of the international group exhibition <em data-start=\"113\" data-end=\"132\">Shared Existences<\/em>, which will take place on 10th December 2025 at 18:00. You are also welcome to join a&nbsp;guided tour with the exhibition\u2019s curator, Petra Wid\u017eov\u00e1, starting at 16:30.<\/p>\n<\/div>\n          <div class=\"meta post-meta\">\n            <a href=\"https:\/\/fud.ujep.cz\/en\/news\/new-exhibition-in-house-of-arts-usti-nad-labem-shared-existences\/\" title=\"New exhibition in House of Arts \u00dast\u00ed nad Labem: Shared existences\">\u2192&nbsp;More<\/a>\n          <\/div>\n            <\/main>\n    \t\t<\/article>\n    \t\t<!-- \/article -->\n      \n    \t\t<!-- article -->\n    \t\t<article id=\"post-81646\" class=\"col-lg-3 col-sm-6 col-xs-12 grid-item post-81646 post type-post status-publish format-standard has-post-thumbnail hentry category-news category-exhibitions category-house-of-arts\">\n      \n            <a href=\"https:\/\/fud.ujep.cz\/en\/news\/dum-umeni-usti-nad-labem-zahaji-novou-vystavu-umelkyne-ilony-nemeth\/\" title=\"The House of Arts \u00dast\u00ed nad Labem will open a&nbsp;new exhibition by artist Ilona N\u00e9meth\" class=\"post-link\">\n              <figure class=\"thumbnail r16x9\">\n                <img decoding=\"async\" src=\"https:\/\/fud.ujep.cz\/wp\/wp-content\/uploads\/2025\/09\/untitled-design-1280x720.png\" alt=\"\" \/>\n              <\/figure>\n            <\/a>\n              <header>\n        <h2 class=\"post-title\"><a href=\"https:\/\/fud.ujep.cz\/en\/news\/dum-umeni-usti-nad-labem-zahaji-novou-vystavu-umelkyne-ilony-nemeth\/\" title=\"The House of Arts \u00dast\u00ed nad Labem will open a&nbsp;new exhibition by artist Ilona N\u00e9meth\">The House of Arts \u00dast\u00ed nad Labem will open a&nbsp;new exhibition by artist Ilona N\u00e9meth<\/a><\/h2><div class=\"meta meta-date\"><small>4.&nbsp;9.&nbsp;2025<\/small><\/div>\n      <\/header>\n    \t\t\t\t<main class=\"entry\">\n      <div class=\"post-content\"><p style=\"text-align: justify;\">We cordially invite you to the opening of the exhibition, which will take place on Wednesday, September 17, 2025, at 6 pm&nbsp;at the House of Arts \u00dast\u00ed nad Labem. A&nbsp;guided tour of the exhibition with the artist and the curator will be held at 5 pm. Prominent Slovak artist Ilona N\u00e9meth presents in \u00dast\u00ed nad Labem a&nbsp;complex authorial project that critically reflects on the current climate crisis through the metaphor of dying thuja trees\u2014the \u201ctrees of life.\u201d<\/p>\n<\/div>\n          <div class=\"meta post-meta\">\n            <a href=\"https:\/\/fud.ujep.cz\/en\/news\/dum-umeni-usti-nad-labem-zahaji-novou-vystavu-umelkyne-ilony-nemeth\/\" title=\"The House of Arts \u00dast\u00ed nad Labem will open a&nbsp;new exhibition by artist Ilona N\u00e9meth\">\u2192&nbsp;More<\/a>\n          <\/div>\n            <\/main>\n    \t\t<\/article>\n    \t\t<!-- \/article -->\n      \n    \t\t<!-- article -->\n    \t\t<article id=\"post-80393\" class=\"col-lg-3 col-sm-6 col-xs-12 grid-item post-80393 post type-post status-publish format-standard has-post-thumbnail hentry category-news category-exhibitions\">\n      \n            <a href=\"https:\/\/fud.ujep.cz\/en\/news\/summer-harvest-2025-exhibition-of-final-works\/\" title=\"Summer harvest 2025: Exhibition of final works\" class=\"post-link\">\n              <figure class=\"thumbnail r16x9\">\n                <img decoding=\"async\" src=\"https:\/\/fud.ujep.cz\/wp\/wp-content\/uploads\/2025\/06\/sklizen.gif\" alt=\"\" \/>\n              <\/figure>\n            <\/a>\n              <header>\n        <h2 class=\"post-title\"><a href=\"https:\/\/fud.ujep.cz\/en\/news\/summer-harvest-2025-exhibition-of-final-works\/\" title=\"Summer harvest 2025: Exhibition of final works\">Summer harvest 2025: Exhibition of final works<\/a><\/h2><div class=\"meta meta-date\"><small>20.&nbsp;6.&nbsp;2025<\/small><\/div>\n      <\/header>\n    \t\t\t\t<main class=\"entry\">\n      <div class=\"post-content\"><p>&nbsp;Summer harvest 2025: Exhibition of final works FUD UJEP&nbsp;<\/p>\n<\/div>\n          <div class=\"meta post-meta\">\n            <a href=\"https:\/\/fud.ujep.cz\/en\/news\/summer-harvest-2025-exhibition-of-final-works\/\" title=\"Summer harvest 2025: Exhibition of final works\">\u2192&nbsp;More<\/a>\n          <\/div>\n            <\/main>\n    \t\t<\/article>\n    \t\t<!-- \/article -->\n      \n    \t\t<!-- article -->\n    \t\t<article id=\"post-80050\" class=\"col-lg-3 col-sm-6 col-xs-12 grid-item post-80050 post type-post status-publish format-standard has-post-thumbnail hentry category-news category-exhibitions\">\n      <header>\n        <h2 class=\"post-title\"><a href=\"https:\/\/fud.ujep.cz\/en\/news\/bakalarky-a-diplomky-fud-2025-kdyz-je-konec-zacatkem\/\" title=\"Bachelor\u2019s and Master\u2019s Theses FUD 2025: When the End is a&nbsp;Beginning\">Bachelor\u2019s and Master\u2019s Theses FUD 2025: When the End is a&nbsp;Beginning<\/a><\/h2><div class=\"meta meta-date\"><small>25.&nbsp;4.&nbsp;2025<\/small><\/div>\n      <\/header>\n    \t\t\t\t<main class=\"entry\">\n      <div class=\"post-content\"><p>We warmly invite you to the exhibition Bachelor\u2019s and Master\u2019s Theses FUD 2025, subtitled When the End is a&nbsp;Beginning. The exhibition will be opened on May 21, 2025, at the Faculty of Arts and Design and the House of Art in \u00dast\u00ed nad Labem.<\/p>\n<\/div>\n          <div class=\"meta post-meta\">\n            <a href=\"https:\/\/fud.ujep.cz\/en\/news\/bakalarky-a-diplomky-fud-2025-kdyz-je-konec-zacatkem\/\" title=\"Bachelor\u2019s and Master\u2019s Theses FUD 2025: When the End is a&nbsp;Beginning\">\u2192&nbsp;More<\/a>\n          <\/div>\n            <\/main>\n    \t\t<\/article>\n    \t\t<!-- \/article -->\n      \n    \t\t<!-- article -->\n    \t\t<article id=\"post-79458\" class=\"col-lg-3 col-sm-6 col-xs-12 grid-item post-79458 post type-post status-publish format-standard has-post-thumbnail hentry category-celem-k-umeni-en category-exhibitions category-house-of-arts\">\n      <header>\n        <h2 class=\"post-title\"><a href=\"https:\/\/fud.ujep.cz\/en\/exhibitions\/celem-k-umeni-9-displacements-and-torrents\/\" title=\"\u010celem k&nbsp;um\u011bn\u00ed #9 \/ Displacements and Torrents\">\u010celem k&nbsp;um\u011bn\u00ed #9 \/ Displacements and Torrents<\/a><\/h2><div class=\"meta meta-date\"><small>17.&nbsp;4.&nbsp;2025<\/small><\/div>\n      <\/header>\n    \t\t\t\t<main class=\"entry\">\n      <div class=\"post-content\"><p>The Faculty of Art and Design cordially invites you to a&nbsp;guided tour of the international exhibition <em data-start=\"101\" data-end=\"129\">Displacements and Torrents<\/em>, with the participation of the curator, co-curator, and participating artists. The tour will be held in English and is free of charge.<\/p>\n<\/div>\n          <div class=\"meta post-meta\">\n            <a href=\"https:\/\/fud.ujep.cz\/en\/exhibitions\/celem-k-umeni-9-displacements-and-torrents\/\" title=\"\u010celem k&nbsp;um\u011bn\u00ed #9 \/ Displacements and Torrents\">\u2192&nbsp;More<\/a>\n          <\/div>\n            <\/main>\n    \t\t<\/article>\n    \t\t<!-- \/article -->\n      \n    \t\t<!-- article -->\n    \t\t<article id=\"post-78225\" class=\"col-lg-3 col-sm-6 col-xs-12 grid-item post-78225 post type-post status-publish format-standard has-post-thumbnail hentry category-news category-exhibitions category-fine-art-photography-en-2\">\n      <header>\n        <h2 class=\"post-title\"><a href=\"https:\/\/fud.ujep.cz\/en\/news\/vystava-muzeumeni-atelieru-fine-art-photography\/\" title=\"Exhibition MUZEUM\u011aN\u00cd, Studio of Fine Art &#8211; Photography\">Exhibition MUZEUM\u011aN\u00cd, Studio of Fine Art &#8211; Photography<\/a><\/h2><div class=\"meta meta-date\"><small>6.&nbsp;2.&nbsp;2025<\/small><\/div>\n      <\/header>\n    \t\t\t\t<main class=\"entry\">\n      <div class=\"post-content\"><p>We cordially invite you to the exhibition <strong>MUZEUM\u011aN\u00cd<\/strong>, showcasing the collaboration between the Pod\u0159ipsk\u00e9 Museum and the Fine Art \u2013 Photography studio at FUD UJEP. The exhibition features artworks created in response to museum exhibits, offering a&nbsp;subjective interpretation. Emphasizing research and interdisciplinarity, the exhibition explores the intersection of art and museology.<\/p>\n<\/div>\n          <div class=\"meta post-meta\">\n            <a href=\"https:\/\/fud.ujep.cz\/en\/news\/vystava-muzeumeni-atelieru-fine-art-photography\/\" title=\"Exhibition MUZEUM\u011aN\u00cd, Studio of Fine Art &#8211; Photography\">\u2192&nbsp;More<\/a>\n          <\/div>\n            <\/main>\n    \t\t<\/article>\n    \t\t<!-- \/article -->\n      \n    \t\t<!-- article -->\n    \t\t<article id=\"post-76494\" class=\"col-lg-3 col-sm-6 col-xs-12 grid-item post-76494 post type-post status-publish format-standard has-post-thumbnail hentry category-exhibitions category-curatorial-studies\">\n      <header>\n        <h2 class=\"post-title\"><a href=\"https:\/\/fud.ujep.cz\/en\/exhibitions\/lenka-sykorova-otevre-vystavu-hledani-stesti-v-maltske-vallette\/\" title=\"Lenka S\u00fdkorov\u00e1 opens exhibition &#8220;Search for happiness&#8221; in Valletta\">Lenka S\u00fdkorov\u00e1 opens exhibition &#8220;Search for happiness&#8221; in Valletta<\/a><\/h2><div class=\"meta meta-date\"><small>1.&nbsp;11.&nbsp;2024<\/small><\/div>\n      <\/header>\n    \t\t\t\t<main class=\"entry\">\n      <div class=\"post-content\"><div>The Jan Pfeiffer&#8217;s&nbsp;Search for Happiness exhibition is the result of pedagogical and curatorial cooperation between associate professor Lenka S\u00fdkorov\u00e1 and partner institutions&nbsp;&nbsp;Faculty of Art and Design Jan Evangelista Purkyn\u011b University in \u00dast\u00ed nad Labem,&nbsp;Faculty of Education Charles University, Department of Art Education in Prague &amp; Department of Arts, Open Communities, and Adult Education, University of Malta.&nbsp;The exhibition will run from 15\/11\/2024 to 12\/01\/2025 in the Space C gallery, Spazju Kreattiv in Valletta, Malta.<\/div>\n<div>&nbsp;<\/div>\n<\/div>\n          <div class=\"meta post-meta\">\n            <a href=\"https:\/\/fud.ujep.cz\/en\/exhibitions\/lenka-sykorova-otevre-vystavu-hledani-stesti-v-maltske-vallette\/\" title=\"Lenka S\u00fdkorov\u00e1 opens exhibition &#8220;Search for happiness&#8221; in Valletta\">\u2192&nbsp;More<\/a>\n          <\/div>\n            <\/main>\n    \t\t<\/article>\n    \t\t<!-- \/article -->\n      \n    \t\t<!-- article -->\n    \t\t<article id=\"post-69597\" class=\"col-lg-3 col-sm-6 col-xs-12 grid-item post-69597 post type-post status-publish format-standard has-post-thumbnail hentry category-exhibitions category-curatorial-studies\">\n      <header>\n        <h2 class=\"post-title\"><a href=\"https:\/\/fud.ujep.cz\/en\/exhibitions\/maja-gade-disintegrated-sprouting-exhibition\/\" title=\"Maja Gade: Disintegrated sprouting Exhibition\">Maja Gade: Disintegrated sprouting Exhibition<\/a><\/h2><div class=\"meta meta-date\"><small>15.&nbsp;11.&nbsp;2023<\/small><\/div>\n      <\/header>\n    \t\t\t\t<main class=\"entry\">\n      <div class=\"post-content\"><p>Exhibition &#8220;Disintegrated Sprounting&#8221; by Danish artist Maja Gade will take place from 21 November to 13 December 2023 in Alt\u00e1n Klamovka Gallery in Prague. The Curator is Lenka S\u00fdkorov\u00e1, the lecturer at FUD.<\/p>\n<\/div>\n          <div class=\"meta post-meta\">\n            <a href=\"https:\/\/fud.ujep.cz\/en\/exhibitions\/maja-gade-disintegrated-sprouting-exhibition\/\" title=\"Maja Gade: Disintegrated sprouting Exhibition\">\u2192&nbsp;More<\/a>\n          <\/div>\n            <\/main>\n    \t\t<\/article>\n    \t\t<!-- \/article -->\n      \n    <\/div>\n    <!-- end of wrapper-posts -->\n      <!-- pagination -->\n      <div class=\"pagination col-xs-12\"><ul class='page-numbers'>\n\t<li><span aria-current=\"page\" class=\"page-numbers current\">1<\/span><\/li>\n\t<li><a class=\"page-numbers\" href=\"https:\/\/fud.ujep.cz\/en\/wp-json\/wp\/v2\/pages\/67835\/page\/2\/\">2<\/a><\/li>\n\t<li><a class=\"page-numbers\" href=\"https:\/\/fud.ujep.cz\/en\/wp-json\/wp\/v2\/pages\/67835\/page\/3\/\">3<\/a><\/li>\n\t<li><a class=\"page-numbers\" href=\"https:\/\/fud.ujep.cz\/en\/wp-json\/wp\/v2\/pages\/67835\/page\/4\/\">4<\/a><\/li>\n\t<li><a class=\"page-numbers\" href=\"https:\/\/fud.ujep.cz\/en\/wp-json\/wp\/v2\/pages\/67835\/page\/5\/\">5<\/a><\/li>\n\t<li><a class=\"page-numbers\" href=\"https:\/\/fud.ujep.cz\/en\/wp-json\/wp\/v2\/pages\/67835\/page\/6\/\">6<\/a><\/li>\n\t<li><a class=\"next page-numbers\" href=\"https:\/\/fud.ujep.cz\/en\/wp-json\/wp\/v2\/pages\/67835\/page\/2\/\">Next &raquo;<\/a><\/li>\n<\/ul>\n\n      <\/div>\n      <!-- end of pagination -->\n    <\/div>\n    <!-- end of widget-posts --><\/div><\/div><\/div><\/div><\/div>","protected":false},"excerpt":{"rendered":"<p>The \u00dast\u00ed nad Labem\u2019s House of Arts is a&nbsp;newly established exhibition institution whose operations and program are provided by the Faculty of Art and Design at Jan Evangelista Purkyn\u011b University in \u00dast\u00ed nad Labem. The House of Arts\u2019 exhibition concept is focused on the presentation of the important artists and key artistic trends and themes [&hellip;]<\/p>\n","protected":false},"author":1,"featured_media":0,"parent":0,"menu_order":0,"comment_status":"closed","ping_status":"closed","template":"","meta":{"_acf_changed":false,"ngg_post_thumbnail":0,"footnotes":""},"class_list":["post-67835","page","type-page","status-publish","hentry"],"acf":[],"_links":{"self":[{"href":"https:\/\/fud.ujep.cz\/en\/wp-json\/wp\/v2\/pages\/67835","targetHints":{"allow":["GET"]}}],"collection":[{"href":"https:\/\/fud.ujep.cz\/en\/wp-json\/wp\/v2\/pages"}],"about":[{"href":"https:\/\/fud.ujep.cz\/en\/wp-json\/wp\/v2\/types\/page"}],"author":[{"embeddable":true,"href":"https:\/\/fud.ujep.cz\/en\/wp-json\/wp\/v2\/users\/1"}],"replies":[{"embeddable":true,"href":"https:\/\/fud.ujep.cz\/en\/wp-json\/wp\/v2\/comments?post=67835"}],"version-history":[{"count":0,"href":"https:\/\/fud.ujep.cz\/en\/wp-json\/wp\/v2\/pages\/67835\/revisions"}],"wp:attachment":[{"href":"https:\/\/fud.ujep.cz\/en\/wp-json\/wp\/v2\/media?parent=67835"}],"curies":[{"name":"wp","href":"https:\/\/api.w.org\/{rel}","templated":true}]}}