{"id":68573,"date":"2023-09-25T15:20:54","date_gmt":"2023-09-25T13:20:54","guid":{"rendered":"https:\/\/fud.ujep.cz\/?page_id=68573"},"modified":"2025-12-09T11:16:51","modified_gmt":"2025-12-09T09:16:51","slug":"68573-2","status":"publish","type":"page","link":"https:\/\/fud.ujep.cz\/en\/study\/68573-2\/","title":{"rendered":"Bachelor Study Programmes"},"content":{"rendered":"<div id=\"pl-68573\"  class=\"panel-layout\" ><div id=\"pg-68573-0\"  class=\"panel-grid panel-no-style\" ><div id=\"pgc-68573-0-0\"  class=\"panel-grid-cell\" ><div id=\"panel-68573-0-0-0\" class=\"so-panel widget widget_sow-editor panel-first-child panel-last-child\" data-index=\"0\" ><div\n\t\t\t\n\t\t\tclass=\"so-widget-sow-editor so-widget-sow-editor-base\"\n\t\t\t\n\t\t><h3 class=\"widget-title text-\">Fine Art<\/h3>\n<div class=\"siteorigin-widget-tinymce textwidget\">\n\t<p><strong>Department of Fine Art<\/strong><\/p>\n<ul>\n<li><a href=\"https:\/\/fud.ujep.cz\/en\/departments\/applied-and-advertising-photography\/\" target=\"_blank\" rel=\"noopener\">Applied and Advertising Photography<\/a><\/li>\n<li><a href=\"https:\/\/fud.ujep.cz\/en\/departments\/photography\/\" target=\"_blank\" rel=\"noopener\">Photography<\/a><\/li>\n<li class=\"p1\"><a href=\"https:\/\/fud.ujep.cz\/en\/departments\/digital-media\/\" target=\"_blank\" rel=\"noopener\">Digital Media<\/a><\/li>\n<li class=\"p1\"><a href=\"https:\/\/fud.ujep.cz\/en\/departments\/interactive-media\/\" target=\"_blank\" rel=\"noopener\">Interactive Media<\/a><\/li>\n<li class=\"p1\"><a href=\"https:\/\/fud.ujep.cz\/en\/departments\/performance\/\" target=\"_blank\" rel=\"noopener\">Object - Space - Action<\/a><\/li>\n<li class=\"p1\"><a href=\"https:\/\/fud.ujep.cz\/en\/departments\/time-based-media\/\" target=\"_blank\" rel=\"noopener\">Time-Based Media<\/a><\/li>\n<\/ul>\n<\/div>\n<\/div><\/div><\/div><div id=\"pgc-68573-0-1\"  class=\"panel-grid-cell\" ><div id=\"panel-68573-0-1-0\" class=\"so-panel widget widget_sow-editor panel-first-child panel-last-child\" data-index=\"1\" ><div\n\t\t\t\n\t\t\tclass=\"so-widget-sow-editor so-widget-sow-editor-base\"\n\t\t\t\n\t\t><h3 class=\"widget-title text-\">Design - Specialization design<\/h3>\n<div class=\"siteorigin-widget-tinymce textwidget\">\n\t<p><strong>Department of Design<\/strong><\/p>\n<ul>\n<li><a href=\"https:\/\/fud.ujep.cz\/en\/departments\/interior-design\/\" target=\"_blank\" rel=\"noopener\">Interior Design<\/a><\/li>\n<li><a href=\"https:\/\/fud.ujep.cz\/en\/departments\/ceramic-design\/\" target=\"_blank\" rel=\"noopener\">Ceramics<\/a><\/li>\n<li><a href=\"https:\/\/fud.ujep.cz\/en\/departments\/product-design\/\" target=\"_blank\" rel=\"noopener\">Product Design<\/a><\/li>\n<li><a href=\"https:\/\/fud.ujep.cz\/en\/departments\/fashion-and-textile-design\/\" target=\"_blank\" rel=\"noopener\">Fashion and Textile Design<\/a><\/li>\n<li><a href=\"https:\/\/fud.ujep.cz\/en\/departments\/natural-materials\/\" target=\"_blank\" rel=\"noopener\">Natural Materials<\/a><\/li>\n<li><a href=\"https:\/\/fud.ujep.cz\/en\/departments\/glass\/\" target=\"_blank\" rel=\"noopener\">Glass<\/a><\/li>\n<\/ul>\n<\/div>\n<\/div><\/div><\/div><div id=\"pgc-68573-0-2\"  class=\"panel-grid-cell\" ><div id=\"panel-68573-0-2-0\" class=\"so-panel widget widget_sow-editor panel-first-child panel-last-child\" data-index=\"2\" ><div\n\t\t\t\n\t\t\tclass=\"so-widget-sow-editor so-widget-sow-editor-base\"\n\t\t\t\n\t\t><h3 class=\"widget-title text-\">Design - Specialization in Graphic Design<\/h3>\n<div class=\"siteorigin-widget-tinymce textwidget\">\n\t<p><strong>Department of Visual Communication<\/strong><\/p>\n<ul>\n<li><a href=\"https:\/\/fud.ujep.cz\/en\/departments\/graphic-design-i\/\" target=\"_blank\" rel=\"noopener\">Graphic Design I<\/a><\/li>\n<li><a href=\"https:\/\/fud.ujep.cz\/en\/departments\/graphic-design-ii\/\" target=\"_blank\" rel=\"noopener\">Graphic Design II<\/a><\/li>\n<li><a href=\"https:\/\/fud.ujep.cz\/en\/departments\/visual-design\/\" target=\"_blank\" rel=\"noopener\">Visual Design<\/a><\/li>\n<\/ul>\n<\/div>\n<\/div><\/div><\/div><\/div><div id=\"pg-68573-1\"  class=\"panel-grid panel-no-style\" ><div id=\"pgc-68573-1-0\"  class=\"panel-grid-cell panel-grid-cell-empty\" ><\/div><div id=\"pgc-68573-1-1\"  class=\"panel-grid-cell panel-grid-cell-empty panel-grid-cell-mobile-last\" ><\/div><div id=\"pgc-68573-1-2\"  class=\"panel-grid-cell panel-grid-cell-empty\" ><\/div><\/div><div id=\"pg-68573-2\"  class=\"panel-grid panel-no-style\" ><div id=\"pgc-68573-2-0\"  class=\"panel-grid-cell panel-grid-cell-empty\" ><\/div><\/div><div id=\"pg-68573-3\"  class=\"panel-grid panel-no-style\" ><div id=\"pgc-68573-3-0\"  class=\"panel-grid-cell\" ><div id=\"panel-68573-3-0-0\" class=\"so-panel widget widget_sow-editor panel-first-child panel-last-child\" data-index=\"3\" ><div\n\t\t\t\n\t\t\tclass=\"so-widget-sow-editor so-widget-sow-editor-base\"\n\t\t\t\n\t\t><h3 class=\"widget-title text-\">Accredited Study Programs<\/h3>\n<div class=\"siteorigin-widget-tinymce textwidget\">\n\t<p><strong>Study programs accredited by the National Accreditation Authority<\/strong><\/p>\n<table style=\"width: 100%; height: 656px;\">\n<tbody>\n<tr style=\"height: 144px;\">\n<th style=\"width: 17.6563%; height: 144px;\" scope=\"col\">Study program code<\/th>\n<th style=\"width: 17.6563%; height: 144px;\" scope=\"col\">Study program name<br \/>\n(field supervisor)<\/th>\n<th style=\"width: 33.9063%; height: 144px;\" colspan=\"4\" scope=\"col\">Standard duration of study in academic years\/ form of study<br \/>\n<strong>(F - full-time<\/strong><br \/>\n<strong>P- part-time)<\/strong><\/th>\n<th style=\"width: 15.6251%; height: 144px;\">Accreditation decision dated:<\/th>\n<th style=\"width: 14.8438%; height: 144px;\" scope=\"col\">Validity of accreditation according to amendments to the law until:<\/th>\n<\/tr>\n<tr style=\"height: 24px;\">\n<th style=\"width: 17.6563%; height: 24px;\" scope=\"col\">&nbsp;<\/th>\n<th style=\"width: 17.6563%; height: 24px;\" scope=\"col\">&nbsp;<\/th>\n<th style=\"width: 8.59375%; height: 24px;\" scope=\"col\"><strong>BcA.<\/strong><\/th>\n<th style=\"width: 9.0625%; height: 24px;\" scope=\"col\"><strong>MgA.<\/strong><\/th>\n<th style=\"width: 9.375%; height: 24px;\" scope=\"col\"><strong>Ph.D.<\/strong><\/th>\n<th style=\"width: 6.875%; height: 24px;\" scope=\"col\"><strong>FS<\/strong><\/th>\n<th style=\"width: 15.6251%; height: 24px;\">&nbsp;<\/th>\n<th style=\"width: 14.8438%; height: 24px;\" scope=\"col\">&nbsp;<\/th>\n<\/tr>\n<tr style=\"height: 115px;\">\n<td style=\"width: 17.6563%; height: 28px;\">B0211P310014<\/td>\n<td style=\"width: 17.6563%; height: 28px; text-align: left;\"><strong>Professional Practices in the Cultural and Creative Industries&nbsp; &nbsp; &nbsp; &nbsp; &nbsp; &nbsp; &nbsp; &nbsp; &nbsp;<br \/>\n<\/strong>(MgA. Ad\u00e9la Machov\u00e1, Ph.D.)<\/td>\n<td style=\"width: 8.59375%; height: 28px;\">3<\/td>\n<td style=\"width: 9.0625%; height: 28px;\">&nbsp;<\/td>\n<td style=\"width: 9.375%; height: 28px;\">&nbsp;<\/td>\n<td style=\"width: 6.875%; height: 28px;\">F<\/td>\n<td style=\"width: 15.6251%; height: 28px;\"><small>12.&nbsp;9.&nbsp;2024<\/small><\/td>\n<td style=\"width: 14.8438%; height: 28px;\"><small>12.&nbsp;10.&nbsp;2034<\/small><\/td>\n<\/tr>\n<tr style=\"height: 40px;\">\n<td style=\"width: 17.6563%; height: 40px;\">B0213A310012<\/td>\n<td style=\"width: 17.6563%; height: 40px;\"><strong>Fine Art<br \/>\n<\/strong>(doc. Mgr. Michaela Thelenov\u00e1)<\/td>\n<td style=\"width: 8.59375%; height: 40px;\">4<\/td>\n<td style=\"width: 9.0625%; height: 40px;\">&nbsp;<\/td>\n<td style=\"width: 9.375%; height: 40px;\">&nbsp;<\/td>\n<td style=\"width: 6.875%; height: 40px;\">F<\/td>\n<td style=\"width: 15.6251%; height: 40px;\"><small>24.&nbsp;11.&nbsp;2020<\/small><\/td>\n<td style=\"width: 14.8438%; height: 40px;\"><small>11.&nbsp;12.&nbsp;2030<\/small><\/td>\n<\/tr>\n<tr style=\"height: 80px;\">\n<td style=\"width: 17.6563%; height: 80px;\">B0212A310007<\/td>\n<td style=\"width: 17.6563%; height: 80px;\"><strong>Design<br \/>\n<\/strong>with specialization Design and Graphic Design<strong><br \/>\n<\/strong>(doc. MgA. Anton\u00edn Tom\u00e1\u0161ek)<\/td>\n<td style=\"width: 8.59375%; height: 80px;\">4<\/td>\n<td style=\"width: 9.0625%; height: 80px;\">&nbsp;<\/td>\n<td style=\"width: 9.375%; height: 80px;\">&nbsp;<\/td>\n<td style=\"width: 6.875%; height: 80px;\">F<\/td>\n<td style=\"width: 15.6251%; height: 80px;\"><small>24.&nbsp;11.&nbsp;2020<\/small><\/td>\n<td style=\"width: 14.8438%; height: 80px;\"><small>11.&nbsp;12.&nbsp;2030<\/small><\/td>\n<\/tr>\n<tr style=\"height: 72px;\">\n<td style=\"width: 17.6563%; height: 72px;\">N0213A310001<\/td>\n<td style=\"width: 17.6563%; height: 72px;\"><strong>Fine Art<br \/>\n<\/strong>(doc. Mgr. Michaela Thelenov\u00e1)<strong><br \/>\n<\/strong><\/td>\n<td style=\"width: 8.59375%; height: 72px;\">&nbsp;<\/td>\n<td style=\"width: 9.0625%; height: 72px;\">2<\/td>\n<td style=\"width: 9.375%; height: 72px;\">&nbsp;<\/td>\n<td style=\"width: 6.875%; height: 72px;\">F<\/td>\n<td style=\"width: 15.6251%; height: 72px;\"><small>17.&nbsp;10.&nbsp;2018<\/small><\/td>\n<td style=\"width: 14.8438%; height: 72px;\"><small>30.&nbsp;11.&nbsp;2028<\/small><\/td>\n<\/tr>\n<tr style=\"height: 48px;\">\n<td style=\"width: 17.6563%; height: 48px;\">N0212A310004<\/td>\n<td style=\"width: 17.6563%; height: 48px;\"><strong>Design<br \/>\n<\/strong>(doc. MgA. Anton\u00edn Tom\u00e1\u0161ek)<\/td>\n<td style=\"width: 8.59375%; height: 48px;\">&nbsp;<\/td>\n<td style=\"width: 9.0625%; height: 48px;\">2<\/td>\n<td style=\"width: 9.375%; height: 48px;\">&nbsp;<\/td>\n<td style=\"width: 6.875%; height: 48px;\">F<\/td>\n<td style=\"width: 15.6251%; height: 48px;\"><small>17.&nbsp;10.&nbsp;2018<\/small><\/td>\n<td style=\"width: 14.8438%; height: 48px;\"><small>30.&nbsp;11.&nbsp;2028<\/small><\/td>\n<\/tr>\n<tr style=\"height: 72px;\">\n<td style=\"width: 17.6563%; height: 72px;\">N0213A310002<\/td>\n<td style=\"width: 17.6563%; height: 72px;\"><strong>Fine Art (in English)<br \/>\n<\/strong>(prof. Mgr. Zdena Kole\u010dkov\u00e1, Ph.D.)<strong><br \/>\n<\/strong><\/td>\n<td style=\"width: 8.59375%; height: 72px;\">&nbsp;<\/td>\n<td style=\"width: 9.0625%; height: 72px;\">2<\/td>\n<td style=\"width: 9.375%; height: 72px;\">&nbsp;<\/td>\n<td style=\"width: 6.875%; height: 72px;\">F<\/td>\n<td style=\"width: 15.6251%; height: 72px;\"><small>17.&nbsp;10.&nbsp;2018<\/small><\/td>\n<td style=\"width: 14.8438%; height: 72px;\"><small>30.&nbsp;11.&nbsp;2028<\/small><\/td>\n<\/tr>\n<tr style=\"height: 60px;\">\n<td style=\"width: 17.6563%; height: 60px;\">N0213A310017<\/td>\n<td style=\"width: 17.6563%; height: 60px;\"><strong>Curatorial Studies<br \/>\n<\/strong>(prof. Mgr. Michal Kole\u010dek, Ph.D.)<\/td>\n<td style=\"width: 8.59375%; height: 60px;\">&nbsp;<\/td>\n<td style=\"width: 9.0625%; height: 60px;\">2<\/td>\n<td style=\"width: 9.375%; height: 60px;\">&nbsp;<\/td>\n<td style=\"width: 6.875%; height: 60px;\">F<\/td>\n<td style=\"width: 15.6251%; height: 60px;\"><small>2.&nbsp;3.&nbsp;2023<\/small><\/td>\n<td style=\"width: 14.8438%; height: 60px;\"><small>19.&nbsp;3.&nbsp;2033<\/small><\/td>\n<\/tr>\n<tr style=\"height: 88px;\">\n<td style=\"width: 17.6563%; height: 88px;\">P0213D310001<\/td>\n<td style=\"width: 17.6563%; height: 88px;\"><strong>Visual Communication<br \/>\n<\/strong>(prof. Mgr. Michal Kole\u010dek, Ph.D.)<\/td>\n<td style=\"width: 8.59375%; height: 88px;\">&nbsp;<\/td>\n<td style=\"width: 9.0625%; height: 88px;\">&nbsp;<\/td>\n<td style=\"width: 9.375%; height: 88px;\">4<\/td>\n<td style=\"width: 6.875%; height: 88px;\">F<\/p>\n<p>P<\/p>\n<\/td>\n<td style=\"width: 15.6251%; height: 88px;\"><small>&nbsp;27.&nbsp;8.&nbsp;2020<\/small><\/td>\n<td style=\"width: 14.8438%; height: 88px;\"><small>15.&nbsp;9.&nbsp;2030<\/small><\/td>\n<\/tr>\n<\/tbody>\n<\/table>\n<p>&nbsp;<\/p>\n<p><b>Accessibility of education for disabled individuals (applies to all programs)<\/b><\/p>\n<table style=\"width: 51.6414%; height: 79px;\">\n<tbody>\n<tr>\n<td style=\"width: 4.79679%;\"><img loading=\"lazy\" decoding=\"async\" class=\"wp-image-723 size-full aligncenter\" src=\"https:\/\/fud.ujep.cz\/wp-content\/uploads\/2016\/10\/handicap-wheelchair-e1481904295796.png\" alt=\"handicap-wheelchair\" width=\"24\" height=\"27\"\/><\/td>\n<td style=\"width: 94.0374%;\">&nbsp;All programs are accessible\/available to students without upper limb disabilities.<\/td>\n<\/tr>\n<tr>\n<td style=\"width: 4.79679%;\"><img loading=\"lazy\" decoding=\"async\" class=\"size-full wp-image-722 aligncenter\" src=\"https:\/\/fud.ujep.cz\/wp-content\/uploads\/2016\/10\/handicap-deaf-e1481904342689.png\" alt=\"handicap-deaf\" width=\"24\" height=\"25\"\/><\/td>\n<td style=\"width: 94.0374%;\">&nbsp;All programs are accessible\/available to students with mild hearing loss.<\/td>\n<\/tr>\n<\/tbody>\n<\/table>\n<\/div>\n<\/div><\/div><\/div><\/div><\/div>","protected":false},"excerpt":{"rendered":"<p>Department of Fine Art Applied and Advertising Photography Photography Digital Media Interactive Media Object &#8211; Space &#8211; Action Time-Based Media Department of Design Interior Design Ceramics Product Design Fashion and Textile Design Natural Materials Glass Department of Visual Communication Graphic Design I&nbsp;Graphic Design II Visual Design<\/p>\n","protected":false},"author":17,"featured_media":0,"parent":3490,"menu_order":0,"comment_status":"closed","ping_status":"closed","template":"","meta":{"_acf_changed":false,"ngg_post_thumbnail":0,"footnotes":""},"class_list":["post-68573","page","type-page","status-publish","hentry"],"acf":[],"_links":{"self":[{"href":"https:\/\/fud.ujep.cz\/en\/wp-json\/wp\/v2\/pages\/68573","targetHints":{"allow":["GET"]}}],"collection":[{"href":"https:\/\/fud.ujep.cz\/en\/wp-json\/wp\/v2\/pages"}],"about":[{"href":"https:\/\/fud.ujep.cz\/en\/wp-json\/wp\/v2\/types\/page"}],"author":[{"embeddable":true,"href":"https:\/\/fud.ujep.cz\/en\/wp-json\/wp\/v2\/users\/17"}],"replies":[{"embeddable":true,"href":"https:\/\/fud.ujep.cz\/en\/wp-json\/wp\/v2\/comments?post=68573"}],"version-history":[{"count":0,"href":"https:\/\/fud.ujep.cz\/en\/wp-json\/wp\/v2\/pages\/68573\/revisions"}],"up":[{"embeddable":true,"href":"https:\/\/fud.ujep.cz\/en\/wp-json\/wp\/v2\/pages\/3490"}],"wp:attachment":[{"href":"https:\/\/fud.ujep.cz\/en\/wp-json\/wp\/v2\/media?parent=68573"}],"curies":[{"name":"wp","href":"https:\/\/api.w.org\/{rel}","templated":true}]}}