{"id":77946,"date":"2025-01-27T16:31:07","date_gmt":"2025-01-27T14:31:07","guid":{"rendered":"https:\/\/fud.ujep.cz\/?page_id=77946"},"modified":"2025-06-25T09:49:46","modified_gmt":"2025-06-25T07:49:46","slug":"list-of-supervisors","status":"publish","type":"page","link":"https:\/\/fud.ujep.cz\/en\/list-of-supervisors\/","title":{"rendered":"List of Supervisors"},"content":{"rendered":"<div id=\"pl-77946\"  class=\"panel-layout\" ><div id=\"pg-77946-0\"  class=\"panel-grid panel-no-style\" ><div id=\"pgc-77946-0-0\"  class=\"panel-grid-cell\" ><div id=\"panel-77946-0-0-0\" class=\"so-panel widget widget_sow-editor panel-first-child panel-last-child\" data-index=\"0\" ><div\n\t\t\t\n\t\t\tclass=\"so-widget-sow-editor so-widget-sow-editor-base\"\n\t\t\t\n\t\t><h3 class=\"widget-title text-\">Theory and History of Arts<\/h3>\n<div class=\"siteorigin-widget-tinymce textwidget\">\n\t<p><a href=\"https:\/\/fud.ujep.cz\/en\/lide\/katerina-dytrtova\/\" target=\"_blank\" rel=\"noopener\">doc. Mgr.&nbsp;Kate\u0159ina Dytrtov\u00e1,&nbsp;Ph.D.<\/a><\/p>\n<p><a href=\"https:\/\/fud.ujep.cz\/en\/lide\/michal-kolecek\/\" target=\"_blank\" rel=\"noopener\">prof. Mgr. Michal Kole\u010dek, Ph.D.<\/a><\/p>\n<p><a href=\"https:\/\/fud.ujep.cz\/en\/lide\/tomas-pavlicek\/\" target=\"_blank\" rel=\"noopener\">doc. PhDr. Tom\u00e1\u0161 Pavl\u00ed\u010dek, Ph.D.<\/a><\/p>\n<p><a href=\"https:\/\/fud.ujep.cz\/lide\/martin-nitsche\/\" target=\"_blank\" rel=\"noopener\">doc. Mgr. Martin Nitsche, Ph.D.<\/a><\/p>\n<p><a href=\"https:\/\/fud.ujep.cz\/en\/lide\/lenka-sykorova\/\" target=\"_blank\" rel=\"noopener\">doc. Mgr. Lenka S\u00fdkorov\u00e1, Ph.D.<\/a><\/p>\n<p><a href=\"https:\/\/fud.ujep.cz\/en\/lide\/anna-vartecka\/\" target=\"_blank\" rel=\"noopener\">doc. Mgr. Anna Varteck\u00e1, Ph.D.<\/a><\/p>\n<\/div>\n<\/div><\/div><\/div><div id=\"pgc-77946-0-1\"  class=\"panel-grid-cell\" ><div id=\"panel-77946-0-1-0\" class=\"so-panel widget widget_sow-editor panel-first-child panel-last-child\" data-index=\"1\" ><div\n\t\t\t\n\t\t\tclass=\"so-widget-sow-editor so-widget-sow-editor-base\"\n\t\t\t\n\t\t><h3 class=\"widget-title text-\">Design and Graphic Design<\/h3>\n<div class=\"siteorigin-widget-tinymce textwidget\">\n\t<p><a href=\"https:\/\/fud.ujep.cz\/en\/lide\/martin-raudensky\/\" target=\"_blank\" rel=\"noopener\">doc. Mgr. Martin Raudensk\u00fd, Ph.D.<\/a><\/p>\n<p><a href=\"https:\/\/fud.ujep.cz\/en\/lide\/lada-semecka\/\" target=\"_blank\" rel=\"noopener\">doc. MgA. Lada Semeck\u00e1<\/a><\/p>\n<p><a href=\"https:\/\/fud.ujep.cz\/en\/lide\/michal-slejska\/\" target=\"_blank\" rel=\"noopener\">doc. ak. mal. Michal Slej\u0161ka<\/a><\/p>\n<p><a href=\"https:\/\/fud.ujep.cz\/en\/lide\/antonin-tomasek\/\" target=\"_blank\" rel=\"noopener\">doc. MgA. Anton\u00edn Tom\u00e1\u0161ek<\/a><\/p>\n<p><a href=\"https:\/\/fud.ujep.cz\/en\/lide\/robert-vlasak\/\" target=\"_blank\" rel=\"noopener\">doc. MgA. Robert Vlas\u00e1k<\/a><\/p>\n<\/div>\n<\/div><\/div><\/div><div id=\"pgc-77946-0-2\"  class=\"panel-grid-cell\" ><div id=\"panel-77946-0-2-0\" class=\"so-panel widget widget_sow-editor panel-first-child panel-last-child\" data-index=\"2\" ><div\n\t\t\t\n\t\t\tclass=\"so-widget-sow-editor so-widget-sow-editor-base\"\n\t\t\t\n\t\t><h3 class=\"widget-title text-\">Fine Arts<\/h3>\n<div class=\"siteorigin-widget-tinymce textwidget\">\n\t<p><a href=\"https:\/\/fud.ujep.cz\/en\/lide\/zdena-koleckova\/\" target=\"_blank\" rel=\"noopener\">prof. Mgr. Zdena Kole\u010dkov\u00e1, Ph.D.<\/a><\/p>\n<p><a href=\"https:\/\/fud.ujep.cz\/en\/lide\/pavel-kopriva\/\" target=\"_blank\" rel=\"noopener\">doc. Mgr. A. Pavel Kop\u0159iva, Ph.D.<\/a><\/p>\n<p><a href=\"https:\/\/fud.ujep.cz\/en\/lide\/david-korinek\/\" target=\"_blank\" rel=\"noopener\">prof. Mgr. David Ko\u0159\u00ednek<\/a><\/p>\n<p><a href=\"https:\/\/fud.ujep.cz\/en\/lide\/jiri-kovanda\/\" target=\"_blank\" rel=\"noopener\">doc. Ji\u0159\u00ed Kovanda<\/a><\/p>\n<p><a href=\"https:\/\/fud.ujep.cz\/en\/lide\/michaela-thelenova\/\" target=\"_blank\" rel=\"noopener\">doc. Mgr. Michaela Thelenov\u00e1<\/a><\/p>\n<p>&nbsp;<\/p>\n<\/div>\n<\/div><\/div><\/div><\/div><\/div>","protected":false},"excerpt":{"rendered":"<p>doc. Mgr.&nbsp;Kate\u0159ina Dytrtov\u00e1,&nbsp;Ph.D. prof. Mgr. Michal Kole\u010dek, Ph.D. doc. PhDr. Tom\u00e1\u0161 Pavl\u00ed\u010dek, Ph.D. doc. Mgr. Martin Nitsche, Ph.D. doc. Mgr. Lenka S\u00fdkorov\u00e1, Ph.D. doc. Mgr. Anna Varteck\u00e1, Ph.D. doc. Mgr. Martin Raudensk\u00fd, Ph.D. doc. MgA. Lada Semeck\u00e1 doc. ak. mal. Michal Slej\u0161ka doc. MgA. Anton\u00edn Tom\u00e1\u0161ek doc. MgA. Robert Vlas\u00e1k prof. Mgr. Zdena Kole\u010dkov\u00e1, Ph.D. [&hellip;]<\/p>\n","protected":false},"author":17,"featured_media":0,"parent":0,"menu_order":0,"comment_status":"closed","ping_status":"closed","template":"","meta":{"_acf_changed":false,"ngg_post_thumbnail":0,"footnotes":""},"class_list":["post-77946","page","type-page","status-publish","hentry"],"acf":[],"_links":{"self":[{"href":"https:\/\/fud.ujep.cz\/en\/wp-json\/wp\/v2\/pages\/77946","targetHints":{"allow":["GET"]}}],"collection":[{"href":"https:\/\/fud.ujep.cz\/en\/wp-json\/wp\/v2\/pages"}],"about":[{"href":"https:\/\/fud.ujep.cz\/en\/wp-json\/wp\/v2\/types\/page"}],"author":[{"embeddable":true,"href":"https:\/\/fud.ujep.cz\/en\/wp-json\/wp\/v2\/users\/17"}],"replies":[{"embeddable":true,"href":"https:\/\/fud.ujep.cz\/en\/wp-json\/wp\/v2\/comments?post=77946"}],"version-history":[{"count":0,"href":"https:\/\/fud.ujep.cz\/en\/wp-json\/wp\/v2\/pages\/77946\/revisions"}],"wp:attachment":[{"href":"https:\/\/fud.ujep.cz\/en\/wp-json\/wp\/v2\/media?parent=77946"}],"curies":[{"name":"wp","href":"https:\/\/api.w.org\/{rel}","templated":true}]}}