{"id":1136,"date":"2013-03-01T15:00:20","date_gmt":"2013-03-01T14:00:20","guid":{"rendered":"https:\/\/fud.ujep.cz\/sites\/digitalni-media\/?page_id=1136"},"modified":"2025-10-02T10:53:02","modified_gmt":"2025-10-02T09:53:02","slug":"pro-prihlasene","status":"publish","type":"page","link":"https:\/\/fud.ujep.cz\/sites\/digitalni-media\/pro-prihlasene\/","title":{"rendered":"pro p\u0159ihl\u00e1\u0161en\u00e9"},"content":{"rendered":"","protected":true},"excerpt":{"rendered":"","protected":true},"author":1,"featured_media":0,"parent":0,"menu_order":0,"comment_status":"closed","ping_status":"closed","template":"","meta":{"_acf_changed":false,"ngg_post_thumbnail":0,"footnotes":""},"class_list":["post-1136","page","type-page","status-publish","post-password-required","hentry"],"acf":[],"_links":{"self":[{"href":"https:\/\/fud.ujep.cz\/sites\/digitalni-media\/wp-json\/wp\/v2\/pages\/1136","targetHints":{"allow":["GET"]}}],"collection":[{"href":"https:\/\/fud.ujep.cz\/sites\/digitalni-media\/wp-json\/wp\/v2\/pages"}],"about":[{"href":"https:\/\/fud.ujep.cz\/sites\/digitalni-media\/wp-json\/wp\/v2\/types\/page"}],"author":[{"embeddable":true,"href":"https:\/\/fud.ujep.cz\/sites\/digitalni-media\/wp-json\/wp\/v2\/users\/1"}],"replies":[{"embeddable":true,"href":"https:\/\/fud.ujep.cz\/sites\/digitalni-media\/wp-json\/wp\/v2\/comments?post=1136"}],"version-history":[{"count":96,"href":"https:\/\/fud.ujep.cz\/sites\/digitalni-media\/wp-json\/wp\/v2\/pages\/1136\/revisions"}],"predecessor-version":[{"id":3613,"href":"https:\/\/fud.ujep.cz\/sites\/digitalni-media\/wp-json\/wp\/v2\/pages\/1136\/revisions\/3613"}],"wp:attachment":[{"href":"https:\/\/fud.ujep.cz\/sites\/digitalni-media\/wp-json\/wp\/v2\/media?parent=1136"}],"curies":[{"name":"wp","href":"https:\/\/api.w.org\/{rel}","templated":true}]}}