{"id":6,"date":"2010-12-12T10:50:36","date_gmt":"2010-12-12T09:50:36","guid":{"rendered":"https:\/\/fud.ujep.cz\/sites\/digitalni-media\/?page_id=6"},"modified":"2026-03-15T18:24:38","modified_gmt":"2026-03-15T17:24:38","slug":"pedagogove","status":"publish","type":"page","link":"https:\/\/fud.ujep.cz\/sites\/digitalni-media\/pedagogove\/","title":{"rendered":"pedagogov\u00e9"},"content":{"rendered":"<h3><a href=\"https:\/\/fud.ujep.cz\/sites\/digitalni-media\/wp-content\/uploads\/2010\/12\/pedagogove.jpg\"><img loading=\"lazy\" decoding=\"async\" class=\"alignnone wp-image-1706\" src=\"https:\/\/fud.ujep.cz\/sites\/digitalni-media\/wp-content\/uploads\/2010\/12\/pedagogove-800x600.jpg\" alt=\"pedagogove\" width=\"800\" height=\"600\" srcset=\"https:\/\/fud.ujep.cz\/sites\/digitalni-media\/wp-content\/uploads\/2010\/12\/pedagogove-800x600.jpg 800w, https:\/\/fud.ujep.cz\/sites\/digitalni-media\/wp-content\/uploads\/2010\/12\/pedagogove-100x75.jpg 100w, https:\/\/fud.ujep.cz\/sites\/digitalni-media\/wp-content\/uploads\/2010\/12\/pedagogove-210x157.jpg 210w, https:\/\/fud.ujep.cz\/sites\/digitalni-media\/wp-content\/uploads\/2010\/12\/pedagogove.jpg 1134w\" sizes=\"auto, (max-width: 800px) 100vw, 800px\" \/><\/a><\/h3>\n<h3>doc. Mgr. Michaela Thelenov\u00e1<\/h3>\n<p>vedouc\u00ed ateli\u00e9ru<br \/>\nkancel\u00e1\u0159 \u010d. 522<br \/>\nateli\u00e9r \u010d. 508 a \u010d. 509<br \/>\n+420 475 285 153<br \/>\n+420 733 127 828<\/p>\n<p><a href=\"mailto:michaela.thelenova@seznam.cz\">michaela.thelenova@seznam.cz<\/a><a href=\"http:\/\/thelenova.cz\/\" target=\"_blank\" rel=\"noopener noreferrer\"><br \/>\nwww.thelenova.cz<\/a><\/p>\n<p><a href=\"https:\/\/advojka.cz\/a2-article\/2026-5-misto-ktere-nechce-byt-anonymni\/\" target=\"_blank\" rel=\"noopener\">A2 \/ M\u00edsto, kter\u00e9 nechce b\u00fdt anonymn\u00ed \/ rozhovor s V. \u0160afkou \/ 2026<\/a><br \/>\n<a href=\"https:\/\/artalk.info\/news\/neznosti-pixelu\" target=\"_blank\" rel=\"noopener\">Artalk \/ N\u011b\u017enost pixelu \/ Tereza Rudolf \/ 2026<\/a><br \/>\n<a href=\"https:\/\/www.artantiques.cz\/umeni-zit-s-minulosti\" target=\"_blank\" rel=\"noopener\">Art Antiques \/ Um\u011bn\u00ed \u017e\u00edt s minulost\u00ed \/ rozhovor s T. Rudolf \/ 2022<\/a><br \/>\n<a href=\"https:\/\/testimonies.umprum.cz\/michaela-thelenova.html\" target=\"_blank\" rel=\"noopener\">Sv\u011bd\u011bctv\u00ed \u017eensk\u00fdm hlasem \/ rozhovor \/ 2010<\/a><\/p>\n<h3>&nbsp;<\/h3>\n<h3>MgA. Radek Jandera, Ph.D.<\/h3>\n<p>odborn\u00fd asistent<br \/>\nkancel\u00e1\u0159 \u010d. 523<br \/>\nateli\u00e9r \u010d. 508 a \u010d. 509<br \/>\n+420 475 285 154<br \/>\n+420 724 021 945<\/p>\n<p><a href=\"mailto:radek.jandera@post.cz\">radek.jandera@post.cz<\/a><\/p>\n","protected":false},"excerpt":{"rendered":"<p>doc. Mgr. Michaela Thelenov\u00e1 vedouc\u00ed ateli\u00e9ru kancel\u00e1\u0159 \u010d. 522 ateli\u00e9r \u010d. 508 a \u010d. 509 +420 475 285 153 +420 733 127 828 michaela.thelenova@seznam.cz www.thelenova.cz A2 \/ M\u00edsto, kter\u00e9 nechce b\u00fdt anonymn\u00ed \/ rozhovor s V. \u0160afkou \/ 2026 Artalk \/ N\u011b\u017enost pixelu \/ Tereza Rudolf \/ 2026 Art Antiques \/ Um\u011bn\u00ed \u017e\u00edt s minulost\u00ed [&hellip;]<\/p>\n","protected":false},"author":1,"featured_media":0,"parent":0,"menu_order":2,"comment_status":"closed","ping_status":"closed","template":"","meta":{"_acf_changed":false,"ngg_post_thumbnail":0,"footnotes":""},"class_list":["post-6","page","type-page","status-publish","hentry"],"acf":[],"_links":{"self":[{"href":"https:\/\/fud.ujep.cz\/sites\/digitalni-media\/wp-json\/wp\/v2\/pages\/6","targetHints":{"allow":["GET"]}}],"collection":[{"href":"https:\/\/fud.ujep.cz\/sites\/digitalni-media\/wp-json\/wp\/v2\/pages"}],"about":[{"href":"https:\/\/fud.ujep.cz\/sites\/digitalni-media\/wp-json\/wp\/v2\/types\/page"}],"author":[{"embeddable":true,"href":"https:\/\/fud.ujep.cz\/sites\/digitalni-media\/wp-json\/wp\/v2\/users\/1"}],"replies":[{"embeddable":true,"href":"https:\/\/fud.ujep.cz\/sites\/digitalni-media\/wp-json\/wp\/v2\/comments?post=6"}],"version-history":[{"count":15,"href":"https:\/\/fud.ujep.cz\/sites\/digitalni-media\/wp-json\/wp\/v2\/pages\/6\/revisions"}],"predecessor-version":[{"id":3959,"href":"https:\/\/fud.ujep.cz\/sites\/digitalni-media\/wp-json\/wp\/v2\/pages\/6\/revisions\/3959"}],"wp:attachment":[{"href":"https:\/\/fud.ujep.cz\/sites\/digitalni-media\/wp-json\/wp\/v2\/media?parent=6"}],"curies":[{"name":"wp","href":"https:\/\/api.w.org\/{rel}","templated":true}]}}