{"id":1118,"date":"2017-11-16T20:58:42","date_gmt":"2017-11-16T20:58:42","guid":{"rendered":"http:\/\/fud.ujep.cz\/ateliery\/prirodni-materialy\/?page_id=1118"},"modified":"2021-05-10T18:29:32","modified_gmt":"2021-05-10T18:29:32","slug":"atelier","status":"publish","type":"page","link":"https:\/\/fud.ujep.cz\/sites\/prirodni-materialy\/","title":{"rendered":"ATELI\u00c9R"},"content":{"rendered":"<div id=\"pl-1118\"  class=\"panel-layout\" ><div id=\"pg-1118-0\"  class=\"panel-grid panel-no-style\" ><div id=\"pgc-1118-0-0\"  class=\"panel-grid-cell panel-grid-cell-mobile-last\" ><div id=\"panel-1118-0-0-0\" class=\"so-panel widget widget_text panel-first-child panel-last-child\" data-index=\"0\" ><div class=\"panel-widget-style panel-widget-style-for-1118-0-0-0\" >\t\t\t<div class=\"textwidget\">N\u00e1\u0161 ateli\u00e9r je m\u00edsto, kde se spole\u010dn\u011b dost\u00e1v\u00e1me k podstat\u011b materi\u00e1l\u016f a technologi\u00ed, abychom je alespo\u0148 v z\u00e1kladu pochopili a mohli je kreativn\u011b uchopit. To, co n\u00e1m vznik\u00e1 pod rukama, je r\u016fznorod\u00e9 podle toho, jak\u00fdm sm\u011brem n\u00e1s koncept, technologie nebo materi\u00e1ly vedou. V\u00fdsledkem na\u0161\u00ed pr\u00e1ce pak mohou b\u00fdt objekty \u010di sochy, interaktivn\u00ed instalace nebo experiment\u00e1ln\u00ed design. Cen\u00edme si vlastn\u00ed fyzick\u00e9 zku\u0161enosti p\u0159i tvorb\u011b d\u00edla a u\u010d\u00edme se skrze ni. Podstatn\u00e1 jsou pro n\u00e1s tak\u00e9 m\u00edsta, pro kter\u00e1 a nebo v nich\u017e realizace vznikaj\u00ed. Stejn\u011b jako se vypo\u0159\u00e1d\u00e1v\u00e1me s technologiemi a materi\u00e1ly, tak se sna\u017e\u00edme hledat spr\u00e1vn\u00e9 proporce a vztahy a to nejen fyzick\u00e9, ale i v\u00fdznamov\u00e9. Skrze dialog a spolupr\u00e1ci t\u0159\u00edb\u00edme ideje a formulujeme t\u00e9mata, kter\u00fdmi se jako um\u011blci chceme zab\u00fdvat. N\u00e1zev ateli\u00e9ru n\u00e1s nikterak neomezuje a jsme ochotni zkou\u0161et v\u0161echno, co n\u00e1m p\u0159ijde zaj\u00edmav\u00e9 a vede k p\u0159esv\u011bd\u010div\u00e9mu v\u00fdsledku.<\/div>\n\t\t<\/div><\/div><\/div><div id=\"pgc-1118-0-1\"  class=\"panel-grid-cell panel-grid-cell-empty\" ><\/div><\/div><\/div>","protected":false},"excerpt":{"rendered":"<p>N\u00e1\u0161 ateli\u00e9r je m\u00edsto, kde se spole\u010dn\u011b dost\u00e1v\u00e1me k podstat\u011b materi\u00e1l\u016f a technologi\u00ed, abychom je alespo\u0148 v z\u00e1kladu pochopili a mohli je kreativn\u011b uchopit. To, co n\u00e1m vznik\u00e1 pod rukama, je r\u016fznorod\u00e9 podle toho, jak\u00fdm sm\u011brem n\u00e1s koncept, technologie nebo materi\u00e1ly vedou. V\u00fdsledkem na\u0161\u00ed pr\u00e1ce pak mohou b\u00fdt objekty \u010di sochy, interaktivn\u00ed instalace nebo experiment\u00e1ln\u00ed &hellip; <\/p>\n<p class=\"link-more\"><a href=\"https:\/\/fud.ujep.cz\/sites\/prirodni-materialy\/\" class=\"more-link\">Continue reading<span class=\"screen-reader-text\"> &#8220;ATELI\u00c9R&#8221;<\/span><\/a><\/p>\n","protected":false},"author":1,"featured_media":0,"parent":0,"menu_order":0,"comment_status":"closed","ping_status":"closed","template":"","meta":[],"_links":{"self":[{"href":"https:\/\/fud.ujep.cz\/sites\/prirodni-materialy\/wp-json\/wp\/v2\/pages\/1118"}],"collection":[{"href":"https:\/\/fud.ujep.cz\/sites\/prirodni-materialy\/wp-json\/wp\/v2\/pages"}],"about":[{"href":"https:\/\/fud.ujep.cz\/sites\/prirodni-materialy\/wp-json\/wp\/v2\/types\/page"}],"author":[{"embeddable":true,"href":"https:\/\/fud.ujep.cz\/sites\/prirodni-materialy\/wp-json\/wp\/v2\/users\/1"}],"replies":[{"embeddable":true,"href":"https:\/\/fud.ujep.cz\/sites\/prirodni-materialy\/wp-json\/wp\/v2\/comments?post=1118"}],"version-history":[{"count":9,"href":"https:\/\/fud.ujep.cz\/sites\/prirodni-materialy\/wp-json\/wp\/v2\/pages\/1118\/revisions"}],"predecessor-version":[{"id":2046,"href":"https:\/\/fud.ujep.cz\/sites\/prirodni-materialy\/wp-json\/wp\/v2\/pages\/1118\/revisions\/2046"}],"wp:attachment":[{"href":"https:\/\/fud.ujep.cz\/sites\/prirodni-materialy\/wp-json\/wp\/v2\/media?parent=1118"}],"curies":[{"name":"wp","href":"https:\/\/api.w.org\/{rel}","templated":true}]}}