{"id":23,"date":"2013-11-07T21:22:41","date_gmt":"2013-11-07T21:22:41","guid":{"rendered":"http:\/\/fud.ujep.cz\/atelier\/prirodni-materialy\/?page_id=23"},"modified":"2024-12-13T11:55:02","modified_gmt":"2024-12-13T11:55:02","slug":"kontakt","status":"publish","type":"page","link":"https:\/\/fud.ujep.cz\/sites\/prirodni-materialy\/kontakt\/","title":{"rendered":"KONTAKT"},"content":{"rendered":"<p><strong>Univerzita J. E. Purkyn\u011b v \u00dast\u00ed nad Labem<\/strong><br \/>\n<a title=\"yankrticka@gmail.com\">Fakulta um\u011bn\u00ed a designu<\/a><br \/>\nateli\u00e9r P\u0159\u00edrodn\u00ed materi\u00e1ly<br \/>\n<a title=\"yankrticka@gmail.com\">Pasteurova 9<br \/>\n<\/a><a title=\"yankrticka@gmail.com\">400 96 \u00dast\u00ed nad Labem<\/a><a title=\"yankrticka@gmail.com\"><br \/>\n<\/a><em><a title=\"yankrticka@gmail.com\">Tel.: 475 285 117<\/a><\/em><\/p>\n<p><strong>doc. MgA. Robert Vlas\u00e1k<br \/>\n<\/strong><a href=\"mailto:vlasakr@yahoo.com\"><em>vlasakr@yahoo.com<\/em><\/a><\/p>\n<p><strong>Mgr. MgA. Jan Krti\u010dka, Ph.D.<\/strong><br \/>\n<a href=\"mailto:yankrticka@gmail.com\"><em>yankrticka@gmail.com<\/em><\/a><\/p>\n<p><iframe src=\"https:\/\/maps.google.com\/maps?f=q&amp;source=s_q&amp;hl=cs&amp;geocode=&amp;q=Univerzita+J.E.Purkyne+-+Pedagogicka+fakulta+-+Ustredni+knihovna,+Pasteurova,+%C3%9Ast%C3%AD+nad+Labem-%C3%9Ast%C3%AD+nad+Labem-m%C4%9Bsto,+%C4%8Cesk%C3%A1+republika&amp;aq=1&amp;oq=univerzita+j+e+purk&amp;sll=37.0625,-95.677068&amp;sspn=51.754532,93.076172&amp;t=p&amp;ie=UTF8&amp;hq=univerzita+je-purkyne+pedagogicka+fakulta+ustredni+knihovna&amp;hnear=Pasteurova,+%C3%9Ast%C3%AD+nad+Labem,+%C4%8Cesk%C3%A1+republika&amp;ll=50.665512,14.026709&amp;spn=0.009521,0.046349&amp;z=15&amp;output=embed\" width=\"1080\" height=\"450\" frameborder=\"0\" marginwidth=\"0\" marginheight=\"0\" scrolling=\"no\"><\/iframe><br \/>\n<small><\/small><\/p>\n<div class=\"gmapa\"><a style=\"color: #666666; text-align: right; backround: white; padding: 5px;\" href=\"https:\/\/maps.google.com\/maps?f=q&amp;source=embed&amp;hl=cs&amp;geocode=&amp;q=Univerzita+J.E.Purkyne+-+Pedagogicka+fakulta+-+Ustredni+knihovna,+Pasteurova,+%C3%9Ast%C3%AD+nad+Labem-%C3%9Ast%C3%AD+nad+Labem-m%C4%9Bsto,+%C4%8Cesk%C3%A1+republika&amp;aq=1&amp;oq=univerzita+j+e+purk&amp;sll=37.0625,-95.677068&amp;sspn=51.754532,93.076172&amp;t=p&amp;ie=UTF8&amp;hq=univerzita+je-purkyne+pedagogicka+fakulta+ustredni+knihovna&amp;hnear=Pasteurova,+%C3%9Ast%C3%AD+nad+Labem,+%C4%8Cesk%C3%A1+republika&amp;ll=50.665512,14.026709&amp;spn=0.009521,0.046349&amp;z=15\">+ ZV\u011aT\u0160IT MAPU<\/a><\/div>\n","protected":false},"excerpt":{"rendered":"<p>Univerzita J. E. Purkyn\u011b v \u00dast\u00ed nad Labem Fakulta um\u011bn\u00ed a designu ateli\u00e9r P\u0159\u00edrodn\u00ed materi\u00e1ly Pasteurova 9 400 96 \u00dast\u00ed nad Labem Tel.: 475 285 117 doc. MgA. Robert Vlas\u00e1k vlasakr@yahoo.com Mgr. MgA. Jan Krti\u010dka, Ph.D. yankrticka@gmail.com + ZV\u011aT\u0160IT MAPU<\/p>\n","protected":false},"author":1,"featured_media":0,"parent":0,"menu_order":0,"comment_status":"closed","ping_status":"closed","template":"","meta":[],"_links":{"self":[{"href":"https:\/\/fud.ujep.cz\/sites\/prirodni-materialy\/wp-json\/wp\/v2\/pages\/23"}],"collection":[{"href":"https:\/\/fud.ujep.cz\/sites\/prirodni-materialy\/wp-json\/wp\/v2\/pages"}],"about":[{"href":"https:\/\/fud.ujep.cz\/sites\/prirodni-materialy\/wp-json\/wp\/v2\/types\/page"}],"author":[{"embeddable":true,"href":"https:\/\/fud.ujep.cz\/sites\/prirodni-materialy\/wp-json\/wp\/v2\/users\/1"}],"replies":[{"embeddable":true,"href":"https:\/\/fud.ujep.cz\/sites\/prirodni-materialy\/wp-json\/wp\/v2\/comments?post=23"}],"version-history":[{"count":31,"href":"https:\/\/fud.ujep.cz\/sites\/prirodni-materialy\/wp-json\/wp\/v2\/pages\/23\/revisions"}],"predecessor-version":[{"id":2582,"href":"https:\/\/fud.ujep.cz\/sites\/prirodni-materialy\/wp-json\/wp\/v2\/pages\/23\/revisions\/2582"}],"wp:attachment":[{"href":"https:\/\/fud.ujep.cz\/sites\/prirodni-materialy\/wp-json\/wp\/v2\/media?parent=23"}],"curies":[{"name":"wp","href":"https:\/\/api.w.org\/{rel}","templated":true}]}}