{"id":2594,"date":"2025-01-06T09:10:44","date_gmt":"2025-01-06T09:10:44","guid":{"rendered":"https:\/\/fud.ujep.cz\/sites\/prirodni-materialy\/?page_id=2594"},"modified":"2025-01-06T09:22:18","modified_gmt":"2025-01-06T09:22:18","slug":"pokoje-praha-2024","status":"publish","type":"page","link":"https:\/\/fud.ujep.cz\/sites\/prirodni-materialy\/akce\/pokoje-praha-2024\/","title":{"rendered":"Pokoje (Praha, 2024)"},"content":{"rendered":"<p>Instalace se zam\u011b\u0159uje na glob\u00e1ln\u00ed n\u00e1r\u016fst popt\u00e1vky po m\u011bstsk\u00fdch bytech a s n\u00edm spojenou absenci dostupn\u00e9ho bydlen\u00ed. Sledovan\u00fdm c\u00edlem projektu je realizace fiktivn\u00ed kampan\u011b pro smy\u0161lenou realitn\u00ed kancel\u00e1\u0159, nab\u00edzej\u00edc\u00ed k pron\u00e1jmu modelov\u00fd pokoj po dobu trv\u00e1n\u00ed v\u00fdstavy za specifick\u00fdch a obt\u00ed\u017en\u011b dosa\u017eiteln\u00fdch podm\u00ednek. Sou\u010d\u00e1st\u00ed expozice jsou prohl\u00eddky inzerovan\u00e9ho pokoje pro z\u00e1jemce, veden\u00e9 studenty ateli\u00e9ru.<\/p>\n<div class=\"wc-gallery\"><div id='gallery-2' data-gutter-width='8' data-columns='4' class='gallery wc-gallery-captions-onhover gallery-link-file gallery-masonry galleryid-2594 gallery-columns-4 gallery-size-large wc-gallery-bottomspace-five wc-gallery-clear'><div class='gallery-item gallery-item-position-1 gallery-item-attachment-2657'>\n\t\t\t\t<div class='gallery-icon landscape'>\n\t\t\t\t\t<a href='https:\/\/fud.ujep.cz\/sites\/prirodni-materialy\/wp-content\/uploads\/2025\/01\/2024_POKOJE_Praha_001-1024x683.jpg' title='2024_POKOJE_Praha_001' target='_self'><img width=\"525\" height=\"350\" src=\"https:\/\/fud.ujep.cz\/sites\/prirodni-materialy\/wp-content\/uploads\/2025\/01\/2024_POKOJE_Praha_001-1024x683.jpg\" class=\"attachment-large size-large\" alt=\"\" loading=\"lazy\" srcset=\"https:\/\/fud.ujep.cz\/sites\/prirodni-materialy\/wp-content\/uploads\/2025\/01\/2024_POKOJE_Praha_001-1024x683.jpg 1024w, https:\/\/fud.ujep.cz\/sites\/prirodni-materialy\/wp-content\/uploads\/2025\/01\/2024_POKOJE_Praha_001-300x200.jpg 300w, https:\/\/fud.ujep.cz\/sites\/prirodni-materialy\/wp-content\/uploads\/2025\/01\/2024_POKOJE_Praha_001-768x512.jpg 768w, https:\/\/fud.ujep.cz\/sites\/prirodni-materialy\/wp-content\/uploads\/2025\/01\/2024_POKOJE_Praha_001-250x167.jpg 250w, https:\/\/fud.ujep.cz\/sites\/prirodni-materialy\/wp-content\/uploads\/2025\/01\/2024_POKOJE_Praha_001-550x367.jpg 550w, https:\/\/fud.ujep.cz\/sites\/prirodni-materialy\/wp-content\/uploads\/2025\/01\/2024_POKOJE_Praha_001-800x533.jpg 800w, https:\/\/fud.ujep.cz\/sites\/prirodni-materialy\/wp-content\/uploads\/2025\/01\/2024_POKOJE_Praha_001-270x180.jpg 270w, https:\/\/fud.ujep.cz\/sites\/prirodni-materialy\/wp-content\/uploads\/2025\/01\/2024_POKOJE_Praha_001-450x300.jpg 450w, https:\/\/fud.ujep.cz\/sites\/prirodni-materialy\/wp-content\/uploads\/2025\/01\/2024_POKOJE_Praha_001-750x500.jpg 750w, https:\/\/fud.ujep.cz\/sites\/prirodni-materialy\/wp-content\/uploads\/2025\/01\/2024_POKOJE_Praha_001.jpg 1080w\" sizes=\"100vw\" \/><\/a>\n\t\t\t\t<\/div>\n\t\t\t\t\t<div class='wp-caption-text gallery-caption'>\n\t\t\t\t\t\t<p>\n\t\t\t\t\t\tPOKOJE 2024, Praha, 2024\n\t\t\t\t\t\t<\/p>\n\t\t\t\t\t<\/div><\/div><div class='gallery-item gallery-item-position-2 gallery-item-attachment-2658'>\n\t\t\t\t<div class='gallery-icon landscape'>\n\t\t\t\t\t<a href='https:\/\/fud.ujep.cz\/sites\/prirodni-materialy\/wp-content\/uploads\/2025\/01\/2024_POKOJE_Praha_002-1024x683.jpg' title='2024_POKOJE_Praha_002' target='_self'><img width=\"525\" height=\"350\" src=\"https:\/\/fud.ujep.cz\/sites\/prirodni-materialy\/wp-content\/uploads\/2025\/01\/2024_POKOJE_Praha_002-1024x683.jpg\" class=\"attachment-large size-large\" alt=\"\" loading=\"lazy\" srcset=\"https:\/\/fud.ujep.cz\/sites\/prirodni-materialy\/wp-content\/uploads\/2025\/01\/2024_POKOJE_Praha_002-1024x683.jpg 1024w, https:\/\/fud.ujep.cz\/sites\/prirodni-materialy\/wp-content\/uploads\/2025\/01\/2024_POKOJE_Praha_002-300x200.jpg 300w, https:\/\/fud.ujep.cz\/sites\/prirodni-materialy\/wp-content\/uploads\/2025\/01\/2024_POKOJE_Praha_002-768x512.jpg 768w, https:\/\/fud.ujep.cz\/sites\/prirodni-materialy\/wp-content\/uploads\/2025\/01\/2024_POKOJE_Praha_002-250x167.jpg 250w, https:\/\/fud.ujep.cz\/sites\/prirodni-materialy\/wp-content\/uploads\/2025\/01\/2024_POKOJE_Praha_002-550x367.jpg 550w, https:\/\/fud.ujep.cz\/sites\/prirodni-materialy\/wp-content\/uploads\/2025\/01\/2024_POKOJE_Praha_002-800x533.jpg 800w, https:\/\/fud.ujep.cz\/sites\/prirodni-materialy\/wp-content\/uploads\/2025\/01\/2024_POKOJE_Praha_002-270x180.jpg 270w, https:\/\/fud.ujep.cz\/sites\/prirodni-materialy\/wp-content\/uploads\/2025\/01\/2024_POKOJE_Praha_002-450x300.jpg 450w, https:\/\/fud.ujep.cz\/sites\/prirodni-materialy\/wp-content\/uploads\/2025\/01\/2024_POKOJE_Praha_002-750x500.jpg 750w, https:\/\/fud.ujep.cz\/sites\/prirodni-materialy\/wp-content\/uploads\/2025\/01\/2024_POKOJE_Praha_002.jpg 1080w\" sizes=\"100vw\" \/><\/a>\n\t\t\t\t<\/div>\n\t\t\t\t\t<div class='wp-caption-text gallery-caption'>\n\t\t\t\t\t\t<p>\n\t\t\t\t\t\tPOKOJE 2024, Praha, 2024\n\t\t\t\t\t\t<\/p>\n\t\t\t\t\t<\/div><\/div><div class='gallery-item gallery-item-position-3 gallery-item-attachment-2659'>\n\t\t\t\t<div class='gallery-icon portrait'>\n\t\t\t\t\t<a href='https:\/\/fud.ujep.cz\/sites\/prirodni-materialy\/wp-content\/uploads\/2025\/01\/2024_POKOJE_Praha_003-683x1024.jpg' title='2024_POKOJE_Praha_003' target='_self'><img width=\"525\" height=\"787\" src=\"https:\/\/fud.ujep.cz\/sites\/prirodni-materialy\/wp-content\/uploads\/2025\/01\/2024_POKOJE_Praha_003-683x1024.jpg\" class=\"attachment-large size-large\" alt=\"\" loading=\"lazy\" srcset=\"https:\/\/fud.ujep.cz\/sites\/prirodni-materialy\/wp-content\/uploads\/2025\/01\/2024_POKOJE_Praha_003-683x1024.jpg 683w, https:\/\/fud.ujep.cz\/sites\/prirodni-materialy\/wp-content\/uploads\/2025\/01\/2024_POKOJE_Praha_003-200x300.jpg 200w, https:\/\/fud.ujep.cz\/sites\/prirodni-materialy\/wp-content\/uploads\/2025\/01\/2024_POKOJE_Praha_003-768x1152.jpg 768w, https:\/\/fud.ujep.cz\/sites\/prirodni-materialy\/wp-content\/uploads\/2025\/01\/2024_POKOJE_Praha_003-1024x1536.jpg 1024w, https:\/\/fud.ujep.cz\/sites\/prirodni-materialy\/wp-content\/uploads\/2025\/01\/2024_POKOJE_Praha_003-250x375.jpg 250w, https:\/\/fud.ujep.cz\/sites\/prirodni-materialy\/wp-content\/uploads\/2025\/01\/2024_POKOJE_Praha_003-550x825.jpg 550w, https:\/\/fud.ujep.cz\/sites\/prirodni-materialy\/wp-content\/uploads\/2025\/01\/2024_POKOJE_Praha_003-800x1200.jpg 800w, https:\/\/fud.ujep.cz\/sites\/prirodni-materialy\/wp-content\/uploads\/2025\/01\/2024_POKOJE_Praha_003-120x180.jpg 120w, https:\/\/fud.ujep.cz\/sites\/prirodni-materialy\/wp-content\/uploads\/2025\/01\/2024_POKOJE_Praha_003-333x500.jpg 333w, https:\/\/fud.ujep.cz\/sites\/prirodni-materialy\/wp-content\/uploads\/2025\/01\/2024_POKOJE_Praha_003.jpg 1080w\" sizes=\"100vw\" \/><\/a>\n\t\t\t\t<\/div>\n\t\t\t\t\t<div class='wp-caption-text gallery-caption'>\n\t\t\t\t\t\t<p>\n\t\t\t\t\t\tPOKOJE 2024, Praha, 2024\n\t\t\t\t\t\t<\/p>\n\t\t\t\t\t<\/div><\/div><div class='gallery-item gallery-item-position-4 gallery-item-attachment-2660'>\n\t\t\t\t<div class='gallery-icon landscape'>\n\t\t\t\t\t<a href='https:\/\/fud.ujep.cz\/sites\/prirodni-materialy\/wp-content\/uploads\/2025\/01\/2024_POKOJE_Praha_004-1024x683.jpg' title='2024_POKOJE_Praha_004' target='_self'><img width=\"525\" height=\"350\" src=\"https:\/\/fud.ujep.cz\/sites\/prirodni-materialy\/wp-content\/uploads\/2025\/01\/2024_POKOJE_Praha_004-1024x683.jpg\" class=\"attachment-large size-large\" alt=\"\" loading=\"lazy\" srcset=\"https:\/\/fud.ujep.cz\/sites\/prirodni-materialy\/wp-content\/uploads\/2025\/01\/2024_POKOJE_Praha_004-1024x683.jpg 1024w, https:\/\/fud.ujep.cz\/sites\/prirodni-materialy\/wp-content\/uploads\/2025\/01\/2024_POKOJE_Praha_004-300x200.jpg 300w, https:\/\/fud.ujep.cz\/sites\/prirodni-materialy\/wp-content\/uploads\/2025\/01\/2024_POKOJE_Praha_004-768x512.jpg 768w, https:\/\/fud.ujep.cz\/sites\/prirodni-materialy\/wp-content\/uploads\/2025\/01\/2024_POKOJE_Praha_004-250x167.jpg 250w, https:\/\/fud.ujep.cz\/sites\/prirodni-materialy\/wp-content\/uploads\/2025\/01\/2024_POKOJE_Praha_004-550x367.jpg 550w, https:\/\/fud.ujep.cz\/sites\/prirodni-materialy\/wp-content\/uploads\/2025\/01\/2024_POKOJE_Praha_004-800x533.jpg 800w, https:\/\/fud.ujep.cz\/sites\/prirodni-materialy\/wp-content\/uploads\/2025\/01\/2024_POKOJE_Praha_004-270x180.jpg 270w, https:\/\/fud.ujep.cz\/sites\/prirodni-materialy\/wp-content\/uploads\/2025\/01\/2024_POKOJE_Praha_004-450x300.jpg 450w, https:\/\/fud.ujep.cz\/sites\/prirodni-materialy\/wp-content\/uploads\/2025\/01\/2024_POKOJE_Praha_004-750x500.jpg 750w, https:\/\/fud.ujep.cz\/sites\/prirodni-materialy\/wp-content\/uploads\/2025\/01\/2024_POKOJE_Praha_004.jpg 1080w\" sizes=\"100vw\" \/><\/a>\n\t\t\t\t<\/div>\n\t\t\t\t\t<div class='wp-caption-text gallery-caption'>\n\t\t\t\t\t\t<p>\n\t\t\t\t\t\tPOKOJE 2024, Praha, 2024\n\t\t\t\t\t\t<\/p>\n\t\t\t\t\t<\/div><\/div><div class='gallery-item gallery-item-position-5 gallery-item-attachment-2661'>\n\t\t\t\t<div class='gallery-icon landscape'>\n\t\t\t\t\t<a href='https:\/\/fud.ujep.cz\/sites\/prirodni-materialy\/wp-content\/uploads\/2025\/01\/2024_POKOJE_Praha_005-1024x683.jpg' title='2024_POKOJE_Praha_005' target='_self'><img width=\"525\" height=\"350\" src=\"https:\/\/fud.ujep.cz\/sites\/prirodni-materialy\/wp-content\/uploads\/2025\/01\/2024_POKOJE_Praha_005-1024x683.jpg\" class=\"attachment-large size-large\" alt=\"\" loading=\"lazy\" srcset=\"https:\/\/fud.ujep.cz\/sites\/prirodni-materialy\/wp-content\/uploads\/2025\/01\/2024_POKOJE_Praha_005-1024x683.jpg 1024w, https:\/\/fud.ujep.cz\/sites\/prirodni-materialy\/wp-content\/uploads\/2025\/01\/2024_POKOJE_Praha_005-300x200.jpg 300w, https:\/\/fud.ujep.cz\/sites\/prirodni-materialy\/wp-content\/uploads\/2025\/01\/2024_POKOJE_Praha_005-768x512.jpg 768w, https:\/\/fud.ujep.cz\/sites\/prirodni-materialy\/wp-content\/uploads\/2025\/01\/2024_POKOJE_Praha_005-250x167.jpg 250w, https:\/\/fud.ujep.cz\/sites\/prirodni-materialy\/wp-content\/uploads\/2025\/01\/2024_POKOJE_Praha_005-550x367.jpg 550w, https:\/\/fud.ujep.cz\/sites\/prirodni-materialy\/wp-content\/uploads\/2025\/01\/2024_POKOJE_Praha_005-800x533.jpg 800w, https:\/\/fud.ujep.cz\/sites\/prirodni-materialy\/wp-content\/uploads\/2025\/01\/2024_POKOJE_Praha_005-270x180.jpg 270w, https:\/\/fud.ujep.cz\/sites\/prirodni-materialy\/wp-content\/uploads\/2025\/01\/2024_POKOJE_Praha_005-450x300.jpg 450w, https:\/\/fud.ujep.cz\/sites\/prirodni-materialy\/wp-content\/uploads\/2025\/01\/2024_POKOJE_Praha_005-750x500.jpg 750w, https:\/\/fud.ujep.cz\/sites\/prirodni-materialy\/wp-content\/uploads\/2025\/01\/2024_POKOJE_Praha_005.jpg 1080w\" sizes=\"100vw\" \/><\/a>\n\t\t\t\t<\/div>\n\t\t\t\t\t<div class='wp-caption-text gallery-caption'>\n\t\t\t\t\t\t<p>\n\t\t\t\t\t\tPOKOJE 2024, Praha, 2024\n\t\t\t\t\t\t<\/p>\n\t\t\t\t\t<\/div><\/div><div class='gallery-item gallery-item-position-6 gallery-item-attachment-2662'>\n\t\t\t\t<div class='gallery-icon portrait'>\n\t\t\t\t\t<a href='https:\/\/fud.ujep.cz\/sites\/prirodni-materialy\/wp-content\/uploads\/2025\/01\/2024_POKOJE_Praha_006-585x1024.jpg' title='2024_POKOJE_Praha_006' target='_self'><img width=\"525\" height=\"919\" src=\"https:\/\/fud.ujep.cz\/sites\/prirodni-materialy\/wp-content\/uploads\/2025\/01\/2024_POKOJE_Praha_006-585x1024.jpg\" class=\"attachment-large size-large\" alt=\"\" loading=\"lazy\" srcset=\"https:\/\/fud.ujep.cz\/sites\/prirodni-materialy\/wp-content\/uploads\/2025\/01\/2024_POKOJE_Praha_006-585x1024.jpg 585w, https:\/\/fud.ujep.cz\/sites\/prirodni-materialy\/wp-content\/uploads\/2025\/01\/2024_POKOJE_Praha_006-171x300.jpg 171w, https:\/\/fud.ujep.cz\/sites\/prirodni-materialy\/wp-content\/uploads\/2025\/01\/2024_POKOJE_Praha_006-768x1344.jpg 768w, https:\/\/fud.ujep.cz\/sites\/prirodni-materialy\/wp-content\/uploads\/2025\/01\/2024_POKOJE_Praha_006-878x1536.jpg 878w, https:\/\/fud.ujep.cz\/sites\/prirodni-materialy\/wp-content\/uploads\/2025\/01\/2024_POKOJE_Praha_006-250x438.jpg 250w, https:\/\/fud.ujep.cz\/sites\/prirodni-materialy\/wp-content\/uploads\/2025\/01\/2024_POKOJE_Praha_006-550x963.jpg 550w, https:\/\/fud.ujep.cz\/sites\/prirodni-materialy\/wp-content\/uploads\/2025\/01\/2024_POKOJE_Praha_006-800x1400.jpg 800w, https:\/\/fud.ujep.cz\/sites\/prirodni-materialy\/wp-content\/uploads\/2025\/01\/2024_POKOJE_Praha_006-103x180.jpg 103w, https:\/\/fud.ujep.cz\/sites\/prirodni-materialy\/wp-content\/uploads\/2025\/01\/2024_POKOJE_Praha_006-286x500.jpg 286w, https:\/\/fud.ujep.cz\/sites\/prirodni-materialy\/wp-content\/uploads\/2025\/01\/2024_POKOJE_Praha_006.jpg 944w\" sizes=\"100vw\" \/><\/a>\n\t\t\t\t<\/div>\n\t\t\t\t\t<div class='wp-caption-text gallery-caption'>\n\t\t\t\t\t\t<p>\n\t\t\t\t\t\tPOKOJE 2024, Praha, 2024\n\t\t\t\t\t\t<\/p>\n\t\t\t\t\t<\/div><\/div><div class='gallery-item gallery-item-position-7 gallery-item-attachment-2663'>\n\t\t\t\t<div class='gallery-icon portrait'>\n\t\t\t\t\t<a href='https:\/\/fud.ujep.cz\/sites\/prirodni-materialy\/wp-content\/uploads\/2025\/01\/2024_POKOJE_Praha_007-768x1024.jpg' title='2024_POKOJE_Praha_007' target='_self'><img width=\"525\" height=\"700\" src=\"https:\/\/fud.ujep.cz\/sites\/prirodni-materialy\/wp-content\/uploads\/2025\/01\/2024_POKOJE_Praha_007-768x1024.jpg\" class=\"attachment-large size-large\" alt=\"\" loading=\"lazy\" srcset=\"https:\/\/fud.ujep.cz\/sites\/prirodni-materialy\/wp-content\/uploads\/2025\/01\/2024_POKOJE_Praha_007-768x1024.jpg 768w, https:\/\/fud.ujep.cz\/sites\/prirodni-materialy\/wp-content\/uploads\/2025\/01\/2024_POKOJE_Praha_007-225x300.jpg 225w, https:\/\/fud.ujep.cz\/sites\/prirodni-materialy\/wp-content\/uploads\/2025\/01\/2024_POKOJE_Praha_007-1152x1536.jpg 1152w, https:\/\/fud.ujep.cz\/sites\/prirodni-materialy\/wp-content\/uploads\/2025\/01\/2024_POKOJE_Praha_007-250x333.jpg 250w, https:\/\/fud.ujep.cz\/sites\/prirodni-materialy\/wp-content\/uploads\/2025\/01\/2024_POKOJE_Praha_007-550x733.jpg 550w, https:\/\/fud.ujep.cz\/sites\/prirodni-materialy\/wp-content\/uploads\/2025\/01\/2024_POKOJE_Praha_007-800x1067.jpg 800w, https:\/\/fud.ujep.cz\/sites\/prirodni-materialy\/wp-content\/uploads\/2025\/01\/2024_POKOJE_Praha_007-135x180.jpg 135w, https:\/\/fud.ujep.cz\/sites\/prirodni-materialy\/wp-content\/uploads\/2025\/01\/2024_POKOJE_Praha_007-375x500.jpg 375w, https:\/\/fud.ujep.cz\/sites\/prirodni-materialy\/wp-content\/uploads\/2025\/01\/2024_POKOJE_Praha_007.jpg 1536w\" sizes=\"100vw\" \/><\/a>\n\t\t\t\t<\/div>\n\t\t\t\t\t<div class='wp-caption-text gallery-caption'>\n\t\t\t\t\t\t<p>\n\t\t\t\t\t\tPOKOJE 2024, Praha, 2024\n\t\t\t\t\t\t<\/p>\n\t\t\t\t\t<\/div><\/div><div class='gallery-item gallery-item-position-8 gallery-item-attachment-2664'>\n\t\t\t\t<div class='gallery-icon portrait'>\n\t\t\t\t\t<a href='https:\/\/fud.ujep.cz\/sites\/prirodni-materialy\/wp-content\/uploads\/2025\/01\/2024_POKOJE_Praha_008-768x1024.jpg' title='2024_POKOJE_Praha_008' target='_self'><img width=\"525\" height=\"700\" src=\"https:\/\/fud.ujep.cz\/sites\/prirodni-materialy\/wp-content\/uploads\/2025\/01\/2024_POKOJE_Praha_008-768x1024.jpg\" class=\"attachment-large size-large\" alt=\"\" loading=\"lazy\" srcset=\"https:\/\/fud.ujep.cz\/sites\/prirodni-materialy\/wp-content\/uploads\/2025\/01\/2024_POKOJE_Praha_008-768x1024.jpg 768w, https:\/\/fud.ujep.cz\/sites\/prirodni-materialy\/wp-content\/uploads\/2025\/01\/2024_POKOJE_Praha_008-225x300.jpg 225w, https:\/\/fud.ujep.cz\/sites\/prirodni-materialy\/wp-content\/uploads\/2025\/01\/2024_POKOJE_Praha_008-1152x1536.jpg 1152w, https:\/\/fud.ujep.cz\/sites\/prirodni-materialy\/wp-content\/uploads\/2025\/01\/2024_POKOJE_Praha_008-250x333.jpg 250w, https:\/\/fud.ujep.cz\/sites\/prirodni-materialy\/wp-content\/uploads\/2025\/01\/2024_POKOJE_Praha_008-550x733.jpg 550w, https:\/\/fud.ujep.cz\/sites\/prirodni-materialy\/wp-content\/uploads\/2025\/01\/2024_POKOJE_Praha_008-800x1067.jpg 800w, https:\/\/fud.ujep.cz\/sites\/prirodni-materialy\/wp-content\/uploads\/2025\/01\/2024_POKOJE_Praha_008-135x180.jpg 135w, https:\/\/fud.ujep.cz\/sites\/prirodni-materialy\/wp-content\/uploads\/2025\/01\/2024_POKOJE_Praha_008-375x500.jpg 375w, https:\/\/fud.ujep.cz\/sites\/prirodni-materialy\/wp-content\/uploads\/2025\/01\/2024_POKOJE_Praha_008.jpg 1536w\" sizes=\"100vw\" \/><\/a>\n\t\t\t\t<\/div>\n\t\t\t\t\t<div class='wp-caption-text gallery-caption'>\n\t\t\t\t\t\t<p>\n\t\t\t\t\t\tPOKOJE 2024, Praha, 2024\n\t\t\t\t\t\t<\/p>\n\t\t\t\t\t<\/div><\/div><\/div>\n<\/div>\n","protected":false},"excerpt":{"rendered":"<p>Instalace se zam\u011b\u0159uje na glob\u00e1ln\u00ed n\u00e1r\u016fst popt\u00e1vky po m\u011bstsk\u00fdch bytech a s n\u00edm spojenou absenci dostupn\u00e9ho bydlen\u00ed. Sledovan\u00fdm c\u00edlem projektu je realizace fiktivn\u00ed kampan\u011b pro smy\u0161lenou realitn\u00ed kancel\u00e1\u0159, nab\u00edzej\u00edc\u00ed k pron\u00e1jmu modelov\u00fd pokoj po dobu trv\u00e1n\u00ed v\u00fdstavy za specifick\u00fdch a obt\u00ed\u017en\u011b dosa\u017eiteln\u00fdch podm\u00ednek. Sou\u010d\u00e1st\u00ed expozice jsou prohl\u00eddky inzerovan\u00e9ho pokoje pro z\u00e1jemce, veden\u00e9 studenty ateli\u00e9ru.<\/p>\n","protected":false},"author":1,"featured_media":0,"parent":1021,"menu_order":0,"comment_status":"closed","ping_status":"closed","template":"","meta":[],"_links":{"self":[{"href":"https:\/\/fud.ujep.cz\/sites\/prirodni-materialy\/wp-json\/wp\/v2\/pages\/2594"}],"collection":[{"href":"https:\/\/fud.ujep.cz\/sites\/prirodni-materialy\/wp-json\/wp\/v2\/pages"}],"about":[{"href":"https:\/\/fud.ujep.cz\/sites\/prirodni-materialy\/wp-json\/wp\/v2\/types\/page"}],"author":[{"embeddable":true,"href":"https:\/\/fud.ujep.cz\/sites\/prirodni-materialy\/wp-json\/wp\/v2\/users\/1"}],"replies":[{"embeddable":true,"href":"https:\/\/fud.ujep.cz\/sites\/prirodni-materialy\/wp-json\/wp\/v2\/comments?post=2594"}],"version-history":[{"count":5,"href":"https:\/\/fud.ujep.cz\/sites\/prirodni-materialy\/wp-json\/wp\/v2\/pages\/2594\/revisions"}],"predecessor-version":[{"id":2673,"href":"https:\/\/fud.ujep.cz\/sites\/prirodni-materialy\/wp-json\/wp\/v2\/pages\/2594\/revisions\/2673"}],"up":[{"embeddable":true,"href":"https:\/\/fud.ujep.cz\/sites\/prirodni-materialy\/wp-json\/wp\/v2\/pages\/1021"}],"wp:attachment":[{"href":"https:\/\/fud.ujep.cz\/sites\/prirodni-materialy\/wp-json\/wp\/v2\/media?parent=2594"}],"curies":[{"name":"wp","href":"https:\/\/api.w.org\/{rel}","templated":true}]}}