{"id":2596,"date":"2024-12-13T12:28:20","date_gmt":"2024-12-13T12:28:20","guid":{"rendered":"https:\/\/fud.ujep.cz\/sites\/prirodni-materialy\/?page_id=2596"},"modified":"2024-12-13T12:32:55","modified_gmt":"2024-12-13T12:32:55","slug":"masterwork-galeria-fx-banska-bystrica-2024","status":"publish","type":"page","link":"https:\/\/fud.ujep.cz\/sites\/prirodni-materialy\/akce\/masterwork-galeria-fx-banska-bystrica-2024\/","title":{"rendered":"Masterwork 2024 (Gal\u00e9ria FX, Bansk\u00e1 Bystrica, 2024)"},"content":{"rendered":"<p><strong>Masterwork 2024 \/ projekt Iron Casting \u00a02024 <\/strong><\/p>\n<p>V term\u00edne od 18 do 27 septembra 2024 sa v priestoroch Fakulty v\u00fdtvarn\u00fdch umen\u00ed, na katedre Soch\u00e1rstva konal u\u017e 8. ro\u010dn\u00edk medzin\u00e1rodn\u00e9ho workshop Iron Casting 2024 \/ Core mold spatial forms, ktor\u00fd spojil \u0161tudentov a pedag\u00f3gov zo siedmych \u0161t\u00e1tov a 10 univerz\u00edt\u00a0 v r\u00e1mci stredoeur\u00f3pskeho priestoru. Tento 10-d\u0148ov\u00fd event bol op\u00e4\u0165 v\u00fdnimo\u010dn\u00fd nielen svoj\u00edm tematick\u00fdm zameran\u00edm na odlievanie liatiny, ale aj inovat\u00edvnym spojen\u00edm teoretick\u00fdch a praktick\u00fdch vedomost\u00ed, ktor\u00e9 \u0161es\u0165desiatim \u00fa\u010dastn\u00edkom umo\u017enili naplno prepoji\u0165 akademick\u00e9 poznatky s re\u00e1lnou tvorbou.<\/p>\n<p>Hlavn\u00fdm cie\u013eom workshopu u\u017e nieko\u013eko rokov ost\u00e1va umo\u017eni\u0165 \u0161tudentom a ich pedag\u00f3gom pracova\u0165 na konkr\u00e9tnych projektoch, ktor\u00e9 si sami navrhn\u00fa a n\u00e1sledne transformuj\u00fa do fin\u00e1lneho produktu v liatine. Tento intenz\u00edvny proces tvorby sa stal pr\u00edle\u017eitos\u0165ou na prepojenie te\u00f3rie s praxou. \u0160tudenti sa u\u010dili ako nielen technicky zvl\u00e1dnu\u0165 odlievanie liatiny, ale aj ako efekt\u00edvne pracova\u0165 s modern\u00fdmi n\u00e1strojmi a technikami, ktor\u00e9 s\u00fa dnes dostupn\u00e9 v oblasti zlievarensk\u00e9ho priemyslu. Svoj\u00edm zameran\u00edm tak workshop prispel k \u0161ir\u0161iemu pochopeniu procesov, ktor\u00e9 hraj\u00fa k\u013e\u00fa\u010dov\u00fa rolu v praktickej realiz\u00e1cii ich diel vo fin\u00e1lnom materi\u00e1li.<\/p>\n<p>Jedn\u00fdm z hlavn\u00fdch filozofick\u00fdch pilierov tohto workshopu je udr\u017eate\u013enos\u0165, ktor\u00e1 bola v plnej miere integrovan\u00e1 do cel\u00e9ho procesu. T\u00e9ma recykl\u00e1cie a upcykl\u00e1cie bola nielen teoreticky diskutovan\u00e1, ale aj prakticky aplikovan\u00e1 pri v\u00fdbere materi\u00e1lu a pri samotnom odlievan\u00ed.. Tak\u00fdto pr\u00edstup je v s\u00fa\u010dasnosti \u010doraz d\u00f4le\u017eitej\u0161\u00ed, a to nielen v kontexte ochrany \u017eivotn\u00e9ho prostredia, ale aj v prepojen\u00ed na \u00a0s\u00fa\u010dasn\u00fa vizu\u00e1lnu tvorbu, ktor\u00e1 sa sna\u017e\u00ed reflektova\u0165 aktu\u00e1lne ekologick\u00e9 v\u00fdzvy.<\/p>\n<p>V\u00fdstava Masterwork 2024 predstavuje fin\u00e1lne pr\u00e1ce \u0161tudentov a diela\u00a0pedag\u00f3gov zo v\u0161etk\u00fdch participuj\u00facich univerz\u00edt, ktor\u00e9 boli realizovan\u00e9 po\u010das workshopu.<\/p>\n<p>Participuj\u00face univerzity:<\/p>\n<p>NATIONAL ACADEMY OF ART, SOFIA, BULGARIA<br \/>\n<span style=\"font-size: 1rem;\">J. E. PURKYN\u011a UNIVERSITY IN \u00daST\u00cd NAD LABEM, CZECH REPUBLIC<br \/>\n<\/span>UNIVERSITY OF WEST BOHEMIA, CZECH REPUBLIC<br \/>\nTOMAS BATA UNIVERSITY IN ZLIN, CZECH REPUBLIC<br \/>\nHUNGARIAN UNIVERSITY OF FINE ARTS, HUNGARY<br \/>\nUNIVERSITY OF P\u00c9CS, HUNGARY<br \/>\nART ACADEMY OF LATVIA, LATVIA<br \/>\nUNIVERSITY OF MONTENEGRO, MONTENEGRO<br \/>\nACADEMY OF FINE ARTS IN KRAKOW, POLAND<br \/>\nACADEMY OF FINE ARTS AND DESIGN IN BRATISLAVA, SLOVAKIA<\/p>\n<p>Projekt vznikol v\u010faka podpore PaedDr. Petra V\u00edtka, prorektora pre vzdel\u00e1vaciu \u010dinnos\u0165 a kvalitu na AU, pod hlavi\u010dkou BLENDED INTENSIVE PROGRAMMES ERASMUS+ \/ CORE MOLDS SPATIAL FORM &#8211; IRON CASTING ako VIII. WORKSHOP zo s\u00e9rie IRON CASTING.<\/p>\n<p>Projekt\u00a0 z verejn\u00fdch zdrojov podporil Fond na podporu umenia.<\/p>\n","protected":false},"excerpt":{"rendered":"<p>Masterwork 2024 \/ projekt Iron Casting \u00a02024 V term\u00edne od 18 do 27 septembra 2024 sa v priestoroch Fakulty v\u00fdtvarn\u00fdch umen\u00ed, na katedre Soch\u00e1rstva konal u\u017e 8. ro\u010dn\u00edk medzin\u00e1rodn\u00e9ho workshop Iron Casting 2024 \/ Core mold spatial forms, ktor\u00fd spojil \u0161tudentov a pedag\u00f3gov zo siedmych \u0161t\u00e1tov a 10 univerz\u00edt\u00a0 v r\u00e1mci stredoeur\u00f3pskeho priestoru. Tento 10-d\u0148ov\u00fd &hellip; <\/p>\n<p class=\"link-more\"><a href=\"https:\/\/fud.ujep.cz\/sites\/prirodni-materialy\/akce\/masterwork-galeria-fx-banska-bystrica-2024\/\" class=\"more-link\">Continue reading<span class=\"screen-reader-text\"> &#8220;Masterwork 2024 (Gal\u00e9ria FX, Bansk\u00e1 Bystrica, 2024)&#8221;<\/span><\/a><\/p>\n","protected":false},"author":1,"featured_media":0,"parent":1021,"menu_order":0,"comment_status":"closed","ping_status":"closed","template":"","meta":[],"_links":{"self":[{"href":"https:\/\/fud.ujep.cz\/sites\/prirodni-materialy\/wp-json\/wp\/v2\/pages\/2596"}],"collection":[{"href":"https:\/\/fud.ujep.cz\/sites\/prirodni-materialy\/wp-json\/wp\/v2\/pages"}],"about":[{"href":"https:\/\/fud.ujep.cz\/sites\/prirodni-materialy\/wp-json\/wp\/v2\/types\/page"}],"author":[{"embeddable":true,"href":"https:\/\/fud.ujep.cz\/sites\/prirodni-materialy\/wp-json\/wp\/v2\/users\/1"}],"replies":[{"embeddable":true,"href":"https:\/\/fud.ujep.cz\/sites\/prirodni-materialy\/wp-json\/wp\/v2\/comments?post=2596"}],"version-history":[{"count":3,"href":"https:\/\/fud.ujep.cz\/sites\/prirodni-materialy\/wp-json\/wp\/v2\/pages\/2596\/revisions"}],"predecessor-version":[{"id":2601,"href":"https:\/\/fud.ujep.cz\/sites\/prirodni-materialy\/wp-json\/wp\/v2\/pages\/2596\/revisions\/2601"}],"up":[{"embeddable":true,"href":"https:\/\/fud.ujep.cz\/sites\/prirodni-materialy\/wp-json\/wp\/v2\/pages\/1021"}],"wp:attachment":[{"href":"https:\/\/fud.ujep.cz\/sites\/prirodni-materialy\/wp-json\/wp\/v2\/media?parent=2596"}],"curies":[{"name":"wp","href":"https:\/\/api.w.org\/{rel}","templated":true}]}}